{"id":89,"date":"2022-08-15T18:17:45","date_gmt":"2022-08-15T16:17:45","guid":{"rendered":"http:\/\/autoserwisbartek.pl\/?page_id=89"},"modified":"2024-01-08T13:14:04","modified_gmt":"2024-01-08T12:14:04","slug":"schimbare-ulei-warsaw","status":"publish","type":"page","link":"https:\/\/autoserwisbartek.pl\/ro\/schimbare-ulei-warsaw\/","title":{"rendered":"Schimb de ulei Var\u0219ovia"},"content":{"rendered":"<div data-elementor-type=\"wp-page\" data-elementor-id=\"89\" class=\"elementor elementor-89\" data-elementor-post-type=\"page\">\n\t\t\t\t\t\t<section class=\"elementor-section elementor-top-section elementor-element elementor-element-9db8a6c elementor-section-full_width elementor-section-stretched elementor-section-height-min-height elementor-section-height-default elementor-section-items-middle\" data-id=\"9db8a6c\" data-element_type=\"section\" data-e-type=\"section\" data-settings=\"{&quot;stretch_section&quot;:&quot;section-stretched&quot;,&quot;background_background&quot;:&quot;classic&quot;}\">\n\t\t\t\t\t\t<div class=\"elementor-container elementor-column-gap-no\">\n\t\t\t\t\t<div class=\"elementor-column elementor-col-100 elementor-top-column elementor-element elementor-element-3a41553\" data-id=\"3a41553\" data-element_type=\"column\" data-e-type=\"column\">\n\t\t\t<div class=\"elementor-widget-wrap elementor-element-populated\">\n\t\t\t\t\t\t<section class=\"elementor-section elementor-inner-section elementor-element elementor-element-97dcae6 elementor-section-boxed elementor-section-height-default elementor-section-height-default\" data-id=\"97dcae6\" data-element_type=\"section\" data-e-type=\"section\">\n\t\t\t\t\t\t<div class=\"elementor-container elementor-column-gap-default\">\n\t\t\t\t\t<div class=\"elementor-column elementor-col-100 elementor-inner-column elementor-element elementor-element-1328a2b\" data-id=\"1328a2b\" data-element_type=\"column\" data-e-type=\"column\">\n\t\t\t<div class=\"elementor-widget-wrap elementor-element-populated\">\n\t\t\t\t\t\t<div class=\"elementor-element elementor-element-616e802 elementor-widget elementor-widget-heading\" data-id=\"616e802\" data-element_type=\"widget\" data-e-type=\"widget\" data-widget_type=\"heading.default\">\n\t\t\t\t<div class=\"elementor-widget-container\">\n\t\t\t\t\t<h1 class=\"elementor-heading-title elementor-size-default\">Schimb de ulei Var\u0219ovia<\/h1>\t\t\t\t<\/div>\n\t\t\t\t<\/div>\n\t\t\t\t<div class=\"elementor-element elementor-element-1cf9eb6 elementor-widget elementor-widget-text-editor\" data-id=\"1cf9eb6\" data-element_type=\"widget\" data-e-type=\"widget\" data-widget_type=\"text-editor.default\">\n\t\t\t\t<div class=\"elementor-widget-container\">\n\t\t\t\t\t\t\t\t\t<p>Suntem m\u00e2ndri s\u0103 oferim servicii de schimb de ulei de cea mai bun\u0103 calitate \u00een Warsaw. Tehnicienii no\u0219tri califica\u021bi \u00een\u021beleg importan\u021ba \u00eentre\u021binerii regulate a uleiului pentru o performan\u021b\u0103 optim\u0103 a vehiculului. Dedica\u021bi calit\u0103\u021bii \u0219i performan\u021bei, oferim solu\u021bii complete de schimbare a uleiului, adaptate nevoilor unice ale ma\u0219inii dumneavoastr\u0103.<\/p>\t\t\t\t\t\t\t\t<\/div>\n\t\t\t\t<\/div>\n\t\t\t\t\t<\/div>\n\t\t<\/div>\n\t\t\t\t\t<\/div>\n\t\t<\/section>\n\t\t\t\t\t<\/div>\n\t\t<\/div>\n\t\t\t\t\t<\/div>\n\t\t<\/section>\n\t\t\t\t<section class=\"elementor-section elementor-top-section elementor-element elementor-element-f92c8c6 elementor-section-boxed elementor-section-height-default elementor-section-height-default\" data-id=\"f92c8c6\" data-element_type=\"section\" data-e-type=\"section\">\n\t\t\t\t\t\t<div class=\"elementor-container elementor-column-gap-default\">\n\t\t\t\t\t<div class=\"elementor-column elementor-col-50 elementor-top-column elementor-element elementor-element-bc77e41\" data-id=\"bc77e41\" data-element_type=\"column\" data-e-type=\"column\">\n\t\t\t<div class=\"elementor-widget-wrap elementor-element-populated\">\n\t\t\t\t\t\t<div class=\"elementor-element elementor-element-5462c43 elementor-widget elementor-widget-spacer\" data-id=\"5462c43\" data-element_type=\"widget\" data-e-type=\"widget\" data-widget_type=\"spacer.default\">\n\t\t\t\t<div class=\"elementor-widget-container\">\n\t\t\t\t\t\t\t<div class=\"elementor-spacer\">\n\t\t\t<div class=\"elementor-spacer-inner\"><\/div>\n\t\t<\/div>\n\t\t\t\t\t\t<\/div>\n\t\t\t\t<\/div>\n\t\t\t\t<div class=\"elementor-element elementor-element-dfe9dc8 elementor-widget elementor-widget-heading\" data-id=\"dfe9dc8\" data-element_type=\"widget\" data-e-type=\"widget\" data-widget_type=\"heading.default\">\n\t\t\t\t<div class=\"elementor-widget-container\">\n\t\t\t\t\t<h2 class=\"elementor-heading-title elementor-size-default\">Cel mai bun schimb de ulei \u00een Warsaw (Wilan\u00f3w, Sabyba \u0219i Mokot\u00f3w)<\/h2>\t\t\t\t<\/div>\n\t\t\t\t<\/div>\n\t\t\t\t<div class=\"elementor-element elementor-element-48b503d elementor-widget elementor-widget-text-editor\" data-id=\"48b503d\" data-element_type=\"widget\" data-e-type=\"widget\" data-widget_type=\"text-editor.default\">\n\t\t\t\t<div class=\"elementor-widget-container\">\n\t\t\t\t\t\t\t\t\t<p><strong>Tehnicieni califica\u021bi:<\/strong><br \/>Tehnicienii no\u0219tri experimenta\u021bi au cuno\u0219tin\u021bele \u0219i abilit\u0103\u021bile necesare pentru a oferi \u00eengrijire complet\u0103 autovehiculului dumneavoastr\u0103. Pasiunea lor pentru automobilism asigur\u0103 un serviciu eficient \u0219i precis.<\/p><p><strong>Produse premium:<\/strong><br \/>Folosim numai uleiuri \u0219i filtre de cea mai bun\u0103 calitate de la m\u0103rci de renume. Meticulozitatea noastr\u0103 garanteaz\u0103 durabilitatea \u0219i performan\u021ba motorului dumneavoastr\u0103.<\/p><p><strong>Serviciu rapid \u0219i eficient:<\/strong><br \/>\u00cen\u021belegem c\u0103 timpul unui client este nepre\u021buit. Procesul nostru optimizat de schimbare a uleiului ofer\u0103 un serviciu rapid \u0219i eficient, elimin\u00e2nd \u00eent\u00e2rzierile inutile.<\/p><p><strong>Pre\u021buri transparente:<\/strong><br \/>Autoserwisbartek.co.uk pre\u021buie\u0219te transparen\u021ba. Pre\u021burile competitive fac ca \u00eentre\u021binerea vehiculelor s\u0103 fie accesibil\u0103 tuturor.<\/p>\t\t\t\t\t\t\t\t<\/div>\n\t\t\t\t<\/div>\n\t\t\t\t\t<\/div>\n\t\t<\/div>\n\t\t\t\t<div class=\"elementor-column elementor-col-50 elementor-top-column elementor-element elementor-element-e9ff8b0\" data-id=\"e9ff8b0\" data-element_type=\"column\" data-e-type=\"column\">\n\t\t\t<div class=\"elementor-widget-wrap elementor-element-populated\">\n\t\t\t\t\t\t<div class=\"elementor-element elementor-element-7e35089 elementor-widget elementor-widget-image\" data-id=\"7e35089\" data-element_type=\"widget\" data-e-type=\"widget\" data-widget_type=\"image.default\">\n\t\t\t\t<div class=\"elementor-widget-container\">\n\t\t\t\t\t\t\t\t\t\t\t\t\t\t\t<img fetchpriority=\"high\" decoding=\"async\" width=\"2048\" height=\"1347\" src=\"https:\/\/autoserwisbartek.pl\/wp-content\/uploads\/2023\/12\/7xm.xyz399001_11zon.jpg\" class=\"attachment-full size-full wp-image-14138\" alt=\"\" srcset=\"https:\/\/autoserwisbartek.pl\/wp-content\/uploads\/2023\/12\/7xm.xyz399001_11zon.jpg 2048w, https:\/\/autoserwisbartek.pl\/wp-content\/uploads\/2023\/12\/7xm.xyz399001_11zon-300x197.jpg 300w, https:\/\/autoserwisbartek.pl\/wp-content\/uploads\/2023\/12\/7xm.xyz399001_11zon-1024x674.jpg 1024w, https:\/\/autoserwisbartek.pl\/wp-content\/uploads\/2023\/12\/7xm.xyz399001_11zon-768x505.jpg 768w, https:\/\/autoserwisbartek.pl\/wp-content\/uploads\/2023\/12\/7xm.xyz399001_11zon-1536x1010.jpg 1536w\" sizes=\"(max-width: 2048px) 100vw, 2048px\" \/>\t\t\t\t\t\t\t\t\t\t\t\t\t\t\t<\/div>\n\t\t\t\t<\/div>\n\t\t\t\t<section class=\"elementor-section elementor-inner-section elementor-element elementor-element-e93de32 elementor-section-boxed elementor-section-height-default elementor-section-height-default\" data-id=\"e93de32\" data-element_type=\"section\" data-e-type=\"section\">\n\t\t\t\t\t\t<div class=\"elementor-container elementor-column-gap-default\">\n\t\t\t\t\t<div class=\"elementor-column elementor-col-50 elementor-inner-column elementor-element elementor-element-7ef484f\" data-id=\"7ef484f\" data-element_type=\"column\" data-e-type=\"column\">\n\t\t\t<div class=\"elementor-widget-wrap elementor-element-populated\">\n\t\t\t\t\t\t<div class=\"elementor-element elementor-element-8708fc2 elementor-widget elementor-widget-image\" data-id=\"8708fc2\" data-element_type=\"widget\" data-e-type=\"widget\" data-widget_type=\"image.default\">\n\t\t\t\t<div class=\"elementor-widget-container\">\n\t\t\t\t\t\t\t\t\t\t\t\t\t\t\t<img decoding=\"async\" width=\"800\" height=\"800\" src=\"https:\/\/autoserwisbartek.pl\/wp-content\/uploads\/2023\/12\/15_11zon-1024x1024.jpg\" class=\"attachment-large size-large wp-image-14225\" alt=\"Schimb de ulei Var\u0219ovia\" srcset=\"https:\/\/autoserwisbartek.pl\/wp-content\/uploads\/2023\/12\/15_11zon-1024x1024.jpg 1024w, https:\/\/autoserwisbartek.pl\/wp-content\/uploads\/2023\/12\/15_11zon-300x300.jpg 300w, https:\/\/autoserwisbartek.pl\/wp-content\/uploads\/2023\/12\/15_11zon-150x150.jpg 150w, https:\/\/autoserwisbartek.pl\/wp-content\/uploads\/2023\/12\/15_11zon-768x768.jpg 768w, https:\/\/autoserwisbartek.pl\/wp-content\/uploads\/2023\/12\/15_11zon.jpg 1080w\" sizes=\"(max-width: 800px) 100vw, 800px\" \/>\t\t\t\t\t\t\t\t\t\t\t\t\t\t\t<\/div>\n\t\t\t\t<\/div>\n\t\t\t\t\t<\/div>\n\t\t<\/div>\n\t\t\t\t<div class=\"elementor-column elementor-col-50 elementor-inner-column elementor-element elementor-element-606b773\" data-id=\"606b773\" data-element_type=\"column\" data-e-type=\"column\">\n\t\t\t<div class=\"elementor-widget-wrap elementor-element-populated\">\n\t\t\t\t\t\t<div class=\"elementor-element elementor-element-3f5a9bb elementor-widget elementor-widget-image\" data-id=\"3f5a9bb\" data-element_type=\"widget\" data-e-type=\"widget\" data-widget_type=\"image.default\">\n\t\t\t\t<div class=\"elementor-widget-container\">\n\t\t\t\t\t\t\t\t\t\t\t\t\t\t\t<img decoding=\"async\" width=\"300\" height=\"300\" src=\"https:\/\/autoserwisbartek.pl\/wp-content\/uploads\/2023\/12\/12_11zon-300x300.jpg\" class=\"attachment-medium size-medium wp-image-14224\" alt=\"Schimb de ulei Var\u0219ovia\" srcset=\"https:\/\/autoserwisbartek.pl\/wp-content\/uploads\/2023\/12\/12_11zon-300x300.jpg 300w, https:\/\/autoserwisbartek.pl\/wp-content\/uploads\/2023\/12\/12_11zon-1024x1024.jpg 1024w, https:\/\/autoserwisbartek.pl\/wp-content\/uploads\/2023\/12\/12_11zon-150x150.jpg 150w, https:\/\/autoserwisbartek.pl\/wp-content\/uploads\/2023\/12\/12_11zon-768x768.jpg 768w, https:\/\/autoserwisbartek.pl\/wp-content\/uploads\/2023\/12\/12_11zon.jpg 1080w\" sizes=\"(max-width: 300px) 100vw, 300px\" \/>\t\t\t\t\t\t\t\t\t\t\t\t\t\t\t<\/div>\n\t\t\t\t<\/div>\n\t\t\t\t\t<\/div>\n\t\t<\/div>\n\t\t\t\t\t<\/div>\n\t\t<\/section>\n\t\t\t\t\t<\/div>\n\t\t<\/div>\n\t\t\t\t\t<\/div>\n\t\t<\/section>\n\t\t\t\t<section class=\"elementor-section elementor-top-section elementor-element elementor-element-0f7ea43 elementor-section-boxed elementor-section-height-default elementor-section-height-default\" data-id=\"0f7ea43\" data-element_type=\"section\" data-e-type=\"section\">\n\t\t\t\t\t\t<div class=\"elementor-container elementor-column-gap-default\">\n\t\t\t\t\t<div class=\"elementor-column elementor-col-50 elementor-top-column elementor-element elementor-element-fa235dd\" data-id=\"fa235dd\" data-element_type=\"column\" data-e-type=\"column\">\n\t\t\t<div class=\"elementor-widget-wrap elementor-element-populated\">\n\t\t\t\t\t\t<div class=\"elementor-element elementor-element-f98ed81 elementor-widget elementor-widget-image\" data-id=\"f98ed81\" data-element_type=\"widget\" data-e-type=\"widget\" data-widget_type=\"image.default\">\n\t\t\t\t<div class=\"elementor-widget-container\">\n\t\t\t\t\t\t\t\t\t\t\t\t\t\t\t<img loading=\"lazy\" decoding=\"async\" width=\"1080\" height=\"1080\" src=\"https:\/\/autoserwisbartek.pl\/wp-content\/uploads\/2023\/12\/Untitled-1_11zon.jpg\" class=\"attachment-full size-full wp-image-14209\" alt=\"Schimb de ulei Var\u0219ovia\" srcset=\"https:\/\/autoserwisbartek.pl\/wp-content\/uploads\/2023\/12\/Untitled-1_11zon.jpg 1080w, https:\/\/autoserwisbartek.pl\/wp-content\/uploads\/2023\/12\/Untitled-1_11zon-300x300.jpg 300w, https:\/\/autoserwisbartek.pl\/wp-content\/uploads\/2023\/12\/Untitled-1_11zon-1024x1024.jpg 1024w, https:\/\/autoserwisbartek.pl\/wp-content\/uploads\/2023\/12\/Untitled-1_11zon-150x150.jpg 150w, https:\/\/autoserwisbartek.pl\/wp-content\/uploads\/2023\/12\/Untitled-1_11zon-768x768.jpg 768w\" sizes=\"(max-width: 1080px) 100vw, 1080px\" \/>\t\t\t\t\t\t\t\t\t\t\t\t\t\t\t<\/div>\n\t\t\t\t<\/div>\n\t\t\t\t\t<\/div>\n\t\t<\/div>\n\t\t\t\t<div class=\"elementor-column elementor-col-50 elementor-top-column elementor-element elementor-element-03fb460\" data-id=\"03fb460\" data-element_type=\"column\" data-e-type=\"column\">\n\t\t\t<div class=\"elementor-widget-wrap elementor-element-populated\">\n\t\t\t\t\t\t<div class=\"elementor-element elementor-element-cb655a6 elementor-widget elementor-widget-spacer\" data-id=\"cb655a6\" data-element_type=\"widget\" data-e-type=\"widget\" data-widget_type=\"spacer.default\">\n\t\t\t\t<div class=\"elementor-widget-container\">\n\t\t\t\t\t\t\t<div class=\"elementor-spacer\">\n\t\t\t<div class=\"elementor-spacer-inner\"><\/div>\n\t\t<\/div>\n\t\t\t\t\t\t<\/div>\n\t\t\t\t<\/div>\n\t\t\t\t<div class=\"elementor-element elementor-element-3a70efe elementor-widget elementor-widget-heading\" data-id=\"3a70efe\" data-element_type=\"widget\" data-e-type=\"widget\" data-widget_type=\"heading.default\">\n\t\t\t\t<div class=\"elementor-widget-container\">\n\t\t\t\t\t<h2 class=\"elementor-heading-title elementor-size-default\">Proces eficient de schimbare a uleiului \u00een Warsaw<\/h2>\t\t\t\t<\/div>\n\t\t\t\t<\/div>\n\t\t\t\t<div class=\"elementor-element elementor-element-a39f7ea elementor-widget elementor-widget-text-editor\" data-id=\"a39f7ea\" data-element_type=\"widget\" data-e-type=\"widget\" data-widget_type=\"text-editor.default\">\n\t\t\t\t<div class=\"elementor-widget-container\">\n\t\t\t\t\t\t\t\t\t<p><strong>Consultare:<\/strong><br \/>Discu\u021biile cu echipa noastr\u0103 v\u0103 vor ajuta s\u0103 \u00een\u021belege\u021bi istoricul vehiculului dvs. \u0219i s\u0103 lua\u021bi \u00een considerare orice nevoi specifice.<\/p><p><strong>Schimb de ulei de precizie:<\/strong><br \/>Scurgerea complet\u0103 a uleiului vechi asigur\u0103 o schimbare complet\u0103 a uleiului.<\/p><p><strong>Filtrare premium:<\/strong><br \/>\u00cenlocuirea filtrului vechi cu unul nou, de \u00eenalt\u0103 calitate, pentru o protec\u021bie maxim\u0103 a motorului.<\/p><p><strong>Aten\u021bie la detalii:<\/strong><br \/><span style=\"font-weight: 400;\">Umple\u021bi cu grij\u0103 uleiul nou \u00een conformitate cu recomand\u0103rile produc\u0103torului.<\/span><\/p><p><strong>Inspec\u021bie complet\u0103 a vehiculului:<\/strong><br \/><span style=\"font-weight: 400;\">Inspec\u021bia detaliat\u0103 a vehiculului pentru a identifica \u0219i rezolva orice probleme poten\u021biale. <\/span><\/p>\t\t\t\t\t\t\t\t<\/div>\n\t\t\t\t<\/div>\n\t\t\t\t\t<\/div>\n\t\t<\/div>\n\t\t\t\t\t<\/div>\n\t\t<\/section>\n\t\t\t\t<section class=\"elementor-section elementor-top-section elementor-element elementor-element-f15f398 elementor-section-boxed elementor-section-height-default elementor-section-height-default\" data-id=\"f15f398\" data-element_type=\"section\" data-e-type=\"section\">\n\t\t\t\t\t\t<div class=\"elementor-container elementor-column-gap-default\">\n\t\t\t\t\t<div class=\"elementor-column elementor-col-50 elementor-top-column elementor-element elementor-element-2eca48f\" data-id=\"2eca48f\" data-element_type=\"column\" data-e-type=\"column\">\n\t\t\t<div class=\"elementor-widget-wrap elementor-element-populated\">\n\t\t\t\t\t\t<div class=\"elementor-element elementor-element-86d7fd0 elementor-widget elementor-widget-heading\" data-id=\"86d7fd0\" data-element_type=\"widget\" data-e-type=\"widget\" data-widget_type=\"heading.default\">\n\t\t\t\t<div class=\"elementor-widget-container\">\n\t\t\t\t\t<h2 class=\"elementor-heading-title elementor-size-default\">Programeaz\u0103-\u021bi ast\u0103zi schimbarea uleiului<\/h2>\t\t\t\t<\/div>\n\t\t\t\t<\/div>\n\t\t\t\t<div class=\"elementor-element elementor-element-0d03544 elementor-widget elementor-widget-text-editor\" data-id=\"0d03544\" data-element_type=\"widget\" data-e-type=\"widget\" data-widget_type=\"text-editor.default\">\n\t\t\t\t<div class=\"elementor-widget-container\">\n\t\t\t\t\t\t\t\t\t<p><strong>Rezervare rapid\u0103:<\/strong><br \/>Utiliza\u021bi facilitatea de rezervare online sau contacta\u021bi-ne la +48730994410.<\/p><p><strong>Asigura\u021bi s\u0103n\u0103tatea vehiculului dumneavoastr\u0103:<\/strong><br \/>Nu a\u0219tepta\u021bi semnele de uzur\u0103 \u0219i rupere. Programeaz\u0103 un schimb de ulei ast\u0103zi pentru a asigura s\u0103n\u0103tatea motorului autovehiculului t\u0103u.<\/p><p>\u00cen plus fa\u021b\u0103 de schimbul de ulei, oferim o gam\u0103 larg\u0103 de servicii suplimentare pentru a v\u0103 men\u021bine vehiculul \u00een condi\u021bii optime.<br \/>\u00cen Warsaw, ne remarc\u0103m ca o destina\u021bie pentru servicii premium de schimbare a uleiului. Alege\u021bi-ne dac\u0103 sunte\u021bi \u00een c\u0103utarea unei \u00eengrijiri meticuloase, a unei aten\u021bii de specialitate \u0219i a unui angajament de a v\u0103 men\u021bine vehiculul \u00een cea mai bun\u0103 stare posibil\u0103. Contacta\u021bi-ne acum pentru a programa o programare \u0219i pentru a sim\u021bi singur diferen\u021ba. Vehiculul dvs. merit\u0103 ce e mai bun \u0219i exact asta v\u0103 oferim noi.<\/p>\t\t\t\t\t\t\t\t<\/div>\n\t\t\t\t<\/div>\n\t\t\t\t\t<\/div>\n\t\t<\/div>\n\t\t\t\t<div class=\"elementor-column elementor-col-50 elementor-top-column elementor-element elementor-element-23f6484\" data-id=\"23f6484\" data-element_type=\"column\" data-e-type=\"column\">\n\t\t\t<div class=\"elementor-widget-wrap elementor-element-populated\">\n\t\t\t\t\t\t<div class=\"elementor-element elementor-element-aaf94be elementor-widget elementor-widget-image\" data-id=\"aaf94be\" data-element_type=\"widget\" data-e-type=\"widget\" data-widget_type=\"image.default\">\n\t\t\t\t<div class=\"elementor-widget-container\">\n\t\t\t\t\t\t\t\t\t\t\t\t\t\t\t<img loading=\"lazy\" decoding=\"async\" width=\"800\" height=\"800\" src=\"https:\/\/autoserwisbartek.pl\/wp-content\/uploads\/2023\/12\/05_11zon-1024x1024.jpg\" class=\"attachment-large size-large wp-image-14222\" alt=\"Schimb de ulei Var\u0219ovia\" srcset=\"https:\/\/autoserwisbartek.pl\/wp-content\/uploads\/2023\/12\/05_11zon-1024x1024.jpg 1024w, https:\/\/autoserwisbartek.pl\/wp-content\/uploads\/2023\/12\/05_11zon-300x300.jpg 300w, https:\/\/autoserwisbartek.pl\/wp-content\/uploads\/2023\/12\/05_11zon-150x150.jpg 150w, https:\/\/autoserwisbartek.pl\/wp-content\/uploads\/2023\/12\/05_11zon-768x768.jpg 768w, https:\/\/autoserwisbartek.pl\/wp-content\/uploads\/2023\/12\/05_11zon.jpg 1080w\" sizes=\"(max-width: 800px) 100vw, 800px\" \/>\t\t\t\t\t\t\t\t\t\t\t\t\t\t\t<\/div>\n\t\t\t\t<\/div>\n\t\t\t\t\t<\/div>\n\t\t<\/div>\n\t\t\t\t\t<\/div>\n\t\t<\/section>\n\t\t\t\t<\/div>","protected":false},"excerpt":{"rendered":"<p>Wymiana oleju Warszawa Jeste\u015bmy dumni, \u017ce oferujemy us\u0142ugi wymiany oleju na najwy\u017cszym poziomie w Warszawie. Nasi wykwalifikowani technicy rozumiej\u0105 znaczenie regularnej konserwacji oleju dla optymalnej wydajno\u015bci pojazdu. Dbaj\u0105c o jako\u015b\u0107 i wydajno\u015b\u0107, zapewniamy kompleksowe rozwi\u0105zania w zakresie wymiany oleju dostosowane do unikalnych potrzeb Twojego samochodu. Najlepsza wymina oleju w Warszawie (Wilan\u00f3w, Sabyba i Mokot\u00f3w) Wykwalifikowani [&hellip;]<\/p>\n","protected":false},"author":1,"featured_media":0,"parent":0,"menu_order":0,"comment_status":"closed","ping_status":"open","template":"","meta":{"_eb_attr":"","footnotes":""},"class_list":["post-89","page","type-page","status-publish","hentry"],"_links":{"self":[{"href":"https:\/\/autoserwisbartek.pl\/ro\/wp-json\/wp\/v2\/pages\/89","targetHints":{"allow":["GET"]}}],"collection":[{"href":"https:\/\/autoserwisbartek.pl\/ro\/wp-json\/wp\/v2\/pages"}],"about":[{"href":"https:\/\/autoserwisbartek.pl\/ro\/wp-json\/wp\/v2\/types\/page"}],"author":[{"embeddable":true,"href":"https:\/\/autoserwisbartek.pl\/ro\/wp-json\/wp\/v2\/users\/1"}],"replies":[{"embeddable":true,"href":"https:\/\/autoserwisbartek.pl\/ro\/wp-json\/wp\/v2\/comments?post=89"}],"version-history":[{"count":30,"href":"https:\/\/autoserwisbartek.pl\/ro\/wp-json\/wp\/v2\/pages\/89\/revisions"}],"predecessor-version":[{"id":14341,"href":"https:\/\/autoserwisbartek.pl\/ro\/wp-json\/wp\/v2\/pages\/89\/revisions\/14341"}],"wp:attachment":[{"href":"https:\/\/autoserwisbartek.pl\/ro\/wp-json\/wp\/v2\/media?parent=89"}],"curies":[{"name":"wp","href":"https:\/\/api.w.org\/{rel}","templated":true}]}}