{"id":8499,"date":"2023-12-15T22:01:26","date_gmt":"2023-12-15T21:01:26","guid":{"rendered":"http:\/\/autoserwisbartek.pl\/?page_id=8499"},"modified":"2024-03-04T13:51:47","modified_gmt":"2024-03-04T12:51:47","slug":"inlocuire-placute-de-frana-warsaw","status":"publish","type":"page","link":"https:\/\/autoserwisbartek.pl\/ro\/inlocuire-placute-de-frana-warsaw\/","title":{"rendered":"\u00cenlocuirea pl\u0103cu\u021belor de fr\u00e2n\u0103 Var\u0219ovia"},"content":{"rendered":"<div data-elementor-type=\"wp-page\" data-elementor-id=\"8499\" class=\"elementor elementor-8499\" data-elementor-post-type=\"page\">\n\t\t\t\t\t\t<section class=\"elementor-section elementor-top-section elementor-element elementor-element-246190d elementor-section-full_width elementor-section-stretched elementor-section-height-default elementor-section-height-default\" data-id=\"246190d\" data-element_type=\"section\" data-e-type=\"section\" data-settings=\"{&quot;stretch_section&quot;:&quot;section-stretched&quot;,&quot;background_background&quot;:&quot;classic&quot;}\">\n\t\t\t\t\t\t<div class=\"elementor-container elementor-column-gap-no\">\n\t\t\t\t\t<div class=\"elementor-column elementor-col-100 elementor-top-column elementor-element elementor-element-1ee0731\" data-id=\"1ee0731\" data-element_type=\"column\" data-e-type=\"column\">\n\t\t\t<div class=\"elementor-widget-wrap elementor-element-populated\">\n\t\t\t\t\t\t<section class=\"elementor-section elementor-inner-section elementor-element elementor-element-5f8c80c elementor-section-boxed elementor-section-height-default elementor-section-height-default\" data-id=\"5f8c80c\" data-element_type=\"section\" data-e-type=\"section\">\n\t\t\t\t\t\t<div class=\"elementor-container elementor-column-gap-default\">\n\t\t\t\t\t<div class=\"elementor-column elementor-col-100 elementor-inner-column elementor-element elementor-element-4c4e72d\" data-id=\"4c4e72d\" data-element_type=\"column\" data-e-type=\"column\">\n\t\t\t<div class=\"elementor-widget-wrap elementor-element-populated\">\n\t\t\t\t\t\t<div class=\"elementor-element elementor-element-acca7b3 elementor-widget elementor-widget-spacer\" data-id=\"acca7b3\" data-element_type=\"widget\" data-e-type=\"widget\" data-widget_type=\"spacer.default\">\n\t\t\t\t<div class=\"elementor-widget-container\">\n\t\t\t\t\t\t\t<div class=\"elementor-spacer\">\n\t\t\t<div class=\"elementor-spacer-inner\"><\/div>\n\t\t<\/div>\n\t\t\t\t\t\t<\/div>\n\t\t\t\t<\/div>\n\t\t\t\t<div class=\"elementor-element elementor-element-6fb4671 elementor-widget elementor-widget-heading\" data-id=\"6fb4671\" data-element_type=\"widget\" data-e-type=\"widget\" data-widget_type=\"heading.default\">\n\t\t\t\t<div class=\"elementor-widget-container\">\n\t\t\t\t\t<h1 class=\"elementor-heading-title elementor-size-default\">\u00cenlocuirea pl\u0103cu\u021belor de fr\u00e2n\u0103 warszawa\n<\/h1>\t\t\t\t<\/div>\n\t\t\t\t<\/div>\n\t\t\t\t<div class=\"elementor-element elementor-element-08eb42c elementor-widget elementor-widget-text-editor\" data-id=\"08eb42c\" data-element_type=\"widget\" data-e-type=\"widget\" data-widget_type=\"text-editor.default\">\n\t\t\t\t<div class=\"elementor-widget-container\">\n\t\t\t\t\t\t\t\t\t<p>C\u00e2nd vine vorba de a v\u0103 men\u021bine vehiculul sigur \u0219i eficient, Autoserwisbartek este partenerul dvs. de \u00eencredere pentru servicii expert de \u00eenlocuire a pl\u0103cu\u021belor de fr\u00e2n\u0103 \u00een Warsaw. Echipa noastr\u0103 dedicat\u0103 de tehnicieni califica\u021bi se angajeaz\u0103 s\u0103 ofere solu\u021bii eficiente \u0219i fiabile pentru lini\u0219tea pe drum.<\/p>\t\t\t\t\t\t\t\t<\/div>\n\t\t\t\t<\/div>\n\t\t\t\t<div class=\"elementor-element elementor-element-c0ed9e6 elementor-widget elementor-widget-spacer\" data-id=\"c0ed9e6\" data-element_type=\"widget\" data-e-type=\"widget\" data-widget_type=\"spacer.default\">\n\t\t\t\t<div class=\"elementor-widget-container\">\n\t\t\t\t\t\t\t<div class=\"elementor-spacer\">\n\t\t\t<div class=\"elementor-spacer-inner\"><\/div>\n\t\t<\/div>\n\t\t\t\t\t\t<\/div>\n\t\t\t\t<\/div>\n\t\t\t\t\t<\/div>\n\t\t<\/div>\n\t\t\t\t\t<\/div>\n\t\t<\/section>\n\t\t\t\t<div class=\"elementor-element elementor-element-ccb3fff elementor-widget elementor-widget-spacer\" data-id=\"ccb3fff\" data-element_type=\"widget\" data-e-type=\"widget\" data-widget_type=\"spacer.default\">\n\t\t\t\t<div class=\"elementor-widget-container\">\n\t\t\t\t\t\t\t<div class=\"elementor-spacer\">\n\t\t\t<div class=\"elementor-spacer-inner\"><\/div>\n\t\t<\/div>\n\t\t\t\t\t\t<\/div>\n\t\t\t\t<\/div>\n\t\t\t\t\t<\/div>\n\t\t<\/div>\n\t\t\t\t\t<\/div>\n\t\t<\/section>\n\t\t\t\t<section class=\"elementor-section elementor-top-section elementor-element elementor-element-676df99 elementor-section-boxed elementor-section-height-default elementor-section-height-default\" data-id=\"676df99\" data-element_type=\"section\" data-e-type=\"section\">\n\t\t\t\t\t\t<div class=\"elementor-container elementor-column-gap-default\">\n\t\t\t\t\t<div class=\"elementor-column elementor-col-50 elementor-top-column elementor-element elementor-element-93e6af8\" data-id=\"93e6af8\" data-element_type=\"column\" data-e-type=\"column\">\n\t\t\t<div class=\"elementor-widget-wrap elementor-element-populated\">\n\t\t\t\t\t\t<div class=\"elementor-element elementor-element-e886c67 elementor-widget elementor-widget-heading\" data-id=\"e886c67\" data-element_type=\"widget\" data-e-type=\"widget\" data-widget_type=\"heading.default\">\n\t\t\t\t<div class=\"elementor-widget-container\">\n\t\t\t\t\t<h2 class=\"elementor-heading-title elementor-size-default\">De ce s\u0103 alege\u021bi Autoserwisbartek pentru \u00eenlocuirea pl\u0103cu\u021belor de fr\u00e2n\u0103?<\/h2>\t\t\t\t<\/div>\n\t\t\t\t<\/div>\n\t\t\t\t<div class=\"elementor-element elementor-element-3fa2ca6 elementor-widget elementor-widget-text-editor\" data-id=\"3fa2ca6\" data-element_type=\"widget\" data-e-type=\"widget\" data-widget_type=\"text-editor.default\">\n\t\t\t\t<div class=\"elementor-widget-container\">\n\t\t\t\t\t\t\t\t\t<p><strong>1. cuno\u0219tin\u021be cu experien\u021b\u0103:<\/strong><br \/>Autoserwisbartek este o echip\u0103 de mecanici cu experien\u021b\u0103 din Var\u0219ovia, specializat\u0103 \u00een \u00eenlocuirea cu precizie a pl\u0103cu\u021belor de fr\u00e2n\u0103. Ave\u021bi \u00eencredere \u00een noi pentru cuno\u0219tin\u021be \u0219i abilit\u0103\u021bi de neegalat \u00een optimizarea sistemului de fr\u00e2nare.<\/p><p><strong>2. Pl\u0103cu\u021be de fr\u00e2n\u0103 de \u00eenalt\u0103 performan\u021b\u0103:<\/strong><br \/>Prioritatea noastr\u0103 este siguran\u021ba dumneavoastr\u0103, folosind numai pl\u0103cu\u021be de fr\u00e2n\u0103 de \u00eenalt\u0103 calitate care \u00eendeplinesc sau dep\u0103\u0219esc standardele industriei. Autoserwisbartek se va asigura c\u0103 vehiculul dumneavoastr\u0103 este echipat cu componente de fr\u00e2n\u0103 durabile \u0219i fiabile.<\/p><p><strong>3. servicii rapide \u0219i punctuale:<\/strong><br \/>Timpul este pre\u021bios, iar Autoserwisbartek \u00een\u021belege urgen\u021ba unei livr\u0103ri rapide. Profita\u021bi de serviciul nostru rapid de \u00eenlocuire a pl\u0103cu\u021belor de fr\u00e2n\u0103 pentru a v\u0103 \u00eentoarce pe drum f\u0103r\u0103 \u00eent\u00e2rzieri inutile.<\/p><p><strong>4. Politica transparent\u0103 de stabilire a pre\u021burilor:<\/strong><br \/>Autoserwisbartek ofer\u0103 pre\u021buri clare \u0219i transparente pentru servicii de \u00eenlocuire a pl\u0103cu\u021belor de fr\u00e2n\u0103 de cea mai bun\u0103 calitate \u0219i la pre\u021buri accesibile \u00een Warsaw. Experimenta\u021bi cea mai \u00eenalt\u0103 calitate f\u0103r\u0103 taxe ascunse, f\u0103c\u00e2nd din satisfac\u021bia \u0219i \u00eencrederea dumneavoastr\u0103 prioritatea noastr\u0103 principal\u0103. Al\u0103tura\u021bi-v\u0103 clien\u021bilor \u00eenc\u00e2nta\u021bi care au ales Autoserwisbartek pentru \u00eenlocuiri fiabile ale pl\u0103cu\u021belor de fr\u00e2n\u0103 \u00een Warsaw.<\/p>\t\t\t\t\t\t\t\t<\/div>\n\t\t\t\t<\/div>\n\t\t\t\t\t<\/div>\n\t\t<\/div>\n\t\t\t\t<div class=\"elementor-column elementor-col-50 elementor-top-column elementor-element elementor-element-37d4928\" data-id=\"37d4928\" data-element_type=\"column\" data-e-type=\"column\">\n\t\t\t<div class=\"elementor-widget-wrap elementor-element-populated\">\n\t\t\t\t\t\t<div class=\"elementor-element elementor-element-cd14c95 elementor-widget elementor-widget-image\" data-id=\"cd14c95\" data-element_type=\"widget\" data-e-type=\"widget\" data-widget_type=\"image.default\">\n\t\t\t\t<div class=\"elementor-widget-container\">\n\t\t\t\t\t\t\t\t\t\t\t\t\t\t\t<img fetchpriority=\"high\" decoding=\"async\" width=\"800\" height=\"800\" src=\"https:\/\/autoserwisbartek.pl\/wp-content\/uploads\/2023\/12\/04_11zon-1024x1024.jpg\" class=\"attachment-large size-large wp-image-14273\" alt=\"\u00cenlocuirea pl\u0103cu\u021belor de fr\u00e2n\u0103\" srcset=\"https:\/\/autoserwisbartek.pl\/wp-content\/uploads\/2023\/12\/04_11zon-1024x1024.jpg 1024w, https:\/\/autoserwisbartek.pl\/wp-content\/uploads\/2023\/12\/04_11zon-300x300.jpg 300w, https:\/\/autoserwisbartek.pl\/wp-content\/uploads\/2023\/12\/04_11zon-150x150.jpg 150w, https:\/\/autoserwisbartek.pl\/wp-content\/uploads\/2023\/12\/04_11zon-768x768.jpg 768w, https:\/\/autoserwisbartek.pl\/wp-content\/uploads\/2023\/12\/04_11zon.jpg 1080w\" sizes=\"(max-width: 800px) 100vw, 800px\" \/>\t\t\t\t\t\t\t\t\t\t\t\t\t\t\t<\/div>\n\t\t\t\t<\/div>\n\t\t\t\t\t<\/div>\n\t\t<\/div>\n\t\t\t\t\t<\/div>\n\t\t<\/section>\n\t\t\t\t<section class=\"elementor-section elementor-top-section elementor-element elementor-element-e026a0e elementor-section-boxed elementor-section-height-default elementor-section-height-default\" data-id=\"e026a0e\" data-element_type=\"section\" data-e-type=\"section\">\n\t\t\t\t\t\t<div class=\"elementor-container elementor-column-gap-default\">\n\t\t\t\t\t<div class=\"elementor-column elementor-col-50 elementor-top-column elementor-element elementor-element-1609392\" data-id=\"1609392\" data-element_type=\"column\" data-e-type=\"column\">\n\t\t\t<div class=\"elementor-widget-wrap elementor-element-populated\">\n\t\t\t\t\t\t<div class=\"elementor-element elementor-element-4c39fbe elementor-widget elementor-widget-image\" data-id=\"4c39fbe\" data-element_type=\"widget\" data-e-type=\"widget\" data-widget_type=\"image.default\">\n\t\t\t\t<div class=\"elementor-widget-container\">\n\t\t\t\t\t\t\t\t\t\t\t\t\t\t\t<img decoding=\"async\" width=\"800\" height=\"800\" src=\"https:\/\/autoserwisbartek.pl\/wp-content\/uploads\/2023\/12\/01_11zon-1024x1024.jpg\" class=\"attachment-large size-large wp-image-14271\" alt=\"\" srcset=\"https:\/\/autoserwisbartek.pl\/wp-content\/uploads\/2023\/12\/01_11zon-1024x1024.jpg 1024w, https:\/\/autoserwisbartek.pl\/wp-content\/uploads\/2023\/12\/01_11zon-300x300.jpg 300w, https:\/\/autoserwisbartek.pl\/wp-content\/uploads\/2023\/12\/01_11zon-150x150.jpg 150w, https:\/\/autoserwisbartek.pl\/wp-content\/uploads\/2023\/12\/01_11zon-768x768.jpg 768w, https:\/\/autoserwisbartek.pl\/wp-content\/uploads\/2023\/12\/01_11zon.jpg 1080w\" sizes=\"(max-width: 800px) 100vw, 800px\" \/>\t\t\t\t\t\t\t\t\t\t\t\t\t\t\t<\/div>\n\t\t\t\t<\/div>\n\t\t\t\t\t<\/div>\n\t\t<\/div>\n\t\t\t\t<div class=\"elementor-column elementor-col-50 elementor-top-column elementor-element elementor-element-7b02897\" data-id=\"7b02897\" data-element_type=\"column\" data-e-type=\"column\">\n\t\t\t<div class=\"elementor-widget-wrap elementor-element-populated\">\n\t\t\t\t\t\t<div class=\"elementor-element elementor-element-fcf3da5 elementor-widget elementor-widget-heading\" data-id=\"fcf3da5\" data-element_type=\"widget\" data-e-type=\"widget\" data-widget_type=\"heading.default\">\n\t\t\t\t<div class=\"elementor-widget-container\">\n\t\t\t\t\t<h2 class=\"elementor-heading-title elementor-size-default\">Procesul de \u00eenlocuire a pl\u0103cu\u021belor de fr\u00e2n\u0103 Autoserwisbartek<\/h2>\t\t\t\t<\/div>\n\t\t\t\t<\/div>\n\t\t\t\t<div class=\"elementor-element elementor-element-096304b elementor-widget elementor-widget-text-editor\" data-id=\"096304b\" data-element_type=\"widget\" data-e-type=\"widget\" data-widget_type=\"text-editor.default\">\n\t\t\t\t<div class=\"elementor-widget-container\">\n\t\t\t\t\t\t\t\t\t<p><strong>1. Inspec\u021bia minu\u021bioas\u0103 a sistemului de fr\u00e2nare:<\/strong><br \/>Tehnicienii no\u0219tri califica\u021bi vor efectua o inspec\u021bie complet\u0103 a sistemului dumneavoastr\u0103 de fr\u00e2nare, evalu\u00e2nd starea pl\u0103cu\u021belor de fr\u00e2n\u0103 existente.<\/p><p><strong>2. \u00cendep\u0103rtarea precis\u0103 a pl\u0103cu\u021belor de fr\u00e2n\u0103:<\/strong><br \/>Autoservicebartek \u00eendep\u0103rteaz\u0103 u\u0219or pl\u0103cu\u021bele de fr\u00e2n\u0103 uzate, not\u00e2nd meticulos orice probleme suplimentare care pot necesita aten\u021bie.<\/p><p><strong>3. montarea de pl\u0103cu\u021be de fr\u00e2n\u0103 premium:<\/strong><br \/>Potrivim pl\u0103cu\u021be de fr\u00e2n\u0103 de cea mai bun\u0103 calitate pentru a se potrivi cu marca \u0219i modelul vehiculului dumneavoastr\u0103, pun\u00e2nd siguran\u021ba \u0219i durabilitatea pe primul loc.<\/p><p><strong>4. \u00cencercarea terminalului \u0219i a rotorului:<\/strong><br \/>Autoserwisbartek efectueaz\u0103 o revizie complet\u0103 a etrierilor \u0219i discurilor de fr\u00e2n\u0103, asigur\u00e2ndu-se c\u0103 toate componentele func\u021bioneaz\u0103 perfect \u00eempreun\u0103.<\/p><p><strong>5 Asigurarea riguroas\u0103 a calit\u0103\u021bii:<\/strong><br \/>Efectu\u0103m verific\u0103ri riguroase ale calit\u0103\u021bii pentru a ne asigura c\u0103 sistemul dumneavoastr\u0103 de fr\u00e2nare \u00eendepline\u0219te cele mai \u00eenalte standarde de siguran\u021b\u0103 \u0219i performan\u021b\u0103.<\/p>\t\t\t\t\t\t\t\t<\/div>\n\t\t\t\t<\/div>\n\t\t\t\t\t<\/div>\n\t\t<\/div>\n\t\t\t\t\t<\/div>\n\t\t<\/section>\n\t\t<div class=\"elementor-element elementor-element-136457c e-flex e-con-boxed e-con e-parent\" data-id=\"136457c\" data-element_type=\"container\" data-e-type=\"container\">\n\t\t\t\t\t<div class=\"e-con-inner\">\n\t\t\t\t<div class=\"elementor-element elementor-element-f4b3212 elementor-widget elementor-widget-heading\" data-id=\"f4b3212\" data-element_type=\"widget\" data-e-type=\"widget\" data-widget_type=\"heading.default\">\n\t\t\t\t<div class=\"elementor-widget-container\">\n\t\t\t\t\t<h2 class=\"elementor-heading-title elementor-size-default\">Contacta\u021bi-ne ast\u0103zi pentru \u00eenlocuirea profesional\u0103 a pl\u0103cu\u021belor de fr\u00e2n\u0103 \u00een Warsaw<\/h2>\t\t\t\t<\/div>\n\t\t\t\t<\/div>\n\t\t\t\t<div class=\"elementor-element elementor-element-61ff0fa elementor-widget elementor-widget-text-editor\" data-id=\"61ff0fa\" data-element_type=\"widget\" data-e-type=\"widget\" data-widget_type=\"text-editor.default\">\n\t\t\t\t<div class=\"elementor-widget-container\">\n\t\t\t\t\t\t\t\t\t<p>Asigura\u021bi-v\u0103 siguran\u021ba pe drum aleg\u00e2nd Autoserwisbartek pentru un serviciu de \u00eenlocuire a pl\u0103cu\u021belor de fr\u00e2n\u0103 \u00een Warsaw. Contacta\u021bi-ne ast\u0103zi pentru a face o programare \u0219i c\u00e2\u0219tiga\u021bi \u00eencrederea care vine cu un sistem de fr\u00e2nare bine \u00eentre\u021binut \u0219i fiabil.<\/p>\t\t\t\t\t\t\t\t<\/div>\n\t\t\t\t<\/div>\n\t\t\t\t\t<\/div>\n\t\t\t\t<\/div>\n\t\t\t\t<\/div>","protected":false},"excerpt":{"rendered":"<p>Wymiana klock\u00f3w hamulcowych warszawa Je\u015bli chodzi o utrzymanie bezpiecze\u0144stwa i wydajno\u015bci Twojego pojazdu, Autoserwisbartek jest Twoim zaufanym partnerem w zakresie fachowych us\u0142ug wymiany klock\u00f3w hamulcowych w Warszawie. Nasz oddany zesp\u00f3\u0142 wykwalifikowanych technik\u00f3w jest zaanga\u017cowany w dostarczanie wydajnych i niezawodnych rozwi\u0105za\u0144, zapewniaj\u0105cych spok\u00f3j ducha na drodze. Dlaczego warto wybra\u0107 Autoserwisbartek do wymiany klock\u00f3w hamulcowych? 1. Do\u015bwiadczona [&hellip;]<\/p>\n","protected":false},"author":1,"featured_media":0,"parent":0,"menu_order":0,"comment_status":"closed","ping_status":"closed","template":"","meta":{"_eb_attr":"","footnotes":""},"class_list":["post-8499","page","type-page","status-publish","hentry"],"_links":{"self":[{"href":"https:\/\/autoserwisbartek.pl\/ro\/wp-json\/wp\/v2\/pages\/8499","targetHints":{"allow":["GET"]}}],"collection":[{"href":"https:\/\/autoserwisbartek.pl\/ro\/wp-json\/wp\/v2\/pages"}],"about":[{"href":"https:\/\/autoserwisbartek.pl\/ro\/wp-json\/wp\/v2\/types\/page"}],"author":[{"embeddable":true,"href":"https:\/\/autoserwisbartek.pl\/ro\/wp-json\/wp\/v2\/users\/1"}],"replies":[{"embeddable":true,"href":"https:\/\/autoserwisbartek.pl\/ro\/wp-json\/wp\/v2\/comments?post=8499"}],"version-history":[{"count":13,"href":"https:\/\/autoserwisbartek.pl\/ro\/wp-json\/wp\/v2\/pages\/8499\/revisions"}],"predecessor-version":[{"id":14396,"href":"https:\/\/autoserwisbartek.pl\/ro\/wp-json\/wp\/v2\/pages\/8499\/revisions\/14396"}],"wp:attachment":[{"href":"https:\/\/autoserwisbartek.pl\/ro\/wp-json\/wp\/v2\/media?parent=8499"}],"curies":[{"name":"wp","href":"https:\/\/api.w.org\/{rel}","templated":true}]}}