{"id":202,"date":"2022-08-15T22:36:41","date_gmt":"2022-08-15T20:36:41","guid":{"rendered":"http:\/\/autoserwisbartek.pl\/?page_id=202"},"modified":"2024-03-04T13:48:52","modified_gmt":"2024-03-04T12:48:52","slug":"service-aer-conditionat-auto-warsaw","status":"publish","type":"page","link":"https:\/\/autoserwisbartek.pl\/ro\/service-aer-conditionat-auto-warsaw\/","title":{"rendered":"Service aer condi\u021bionat auto Warsaw"},"content":{"rendered":"<div data-elementor-type=\"wp-page\" data-elementor-id=\"202\" class=\"elementor elementor-202\" data-elementor-post-type=\"page\">\n\t\t\t\t\t\t<section class=\"elementor-section elementor-top-section elementor-element elementor-element-d0436cb elementor-section-full_width elementor-section-stretched elementor-section-height-default elementor-section-height-default\" data-id=\"d0436cb\" data-element_type=\"section\" data-e-type=\"section\" data-settings=\"{&quot;stretch_section&quot;:&quot;section-stretched&quot;,&quot;background_background&quot;:&quot;classic&quot;}\">\n\t\t\t\t\t\t<div class=\"elementor-container elementor-column-gap-no\">\n\t\t\t\t\t<div class=\"elementor-column elementor-col-100 elementor-top-column elementor-element elementor-element-d72e59d\" data-id=\"d72e59d\" data-element_type=\"column\" data-e-type=\"column\">\n\t\t\t<div class=\"elementor-widget-wrap elementor-element-populated\">\n\t\t\t\t\t\t<section class=\"elementor-section elementor-inner-section elementor-element elementor-element-165aa82 elementor-section-boxed elementor-section-height-default elementor-section-height-default\" data-id=\"165aa82\" data-element_type=\"section\" data-e-type=\"section\">\n\t\t\t\t\t\t<div class=\"elementor-container elementor-column-gap-default\">\n\t\t\t\t\t<div class=\"elementor-column elementor-col-100 elementor-inner-column elementor-element elementor-element-e914083\" data-id=\"e914083\" data-element_type=\"column\" data-e-type=\"column\">\n\t\t\t<div class=\"elementor-widget-wrap elementor-element-populated\">\n\t\t\t\t\t\t<div class=\"elementor-element elementor-element-ffcf01e elementor-widget elementor-widget-spacer\" data-id=\"ffcf01e\" data-element_type=\"widget\" data-e-type=\"widget\" data-widget_type=\"spacer.default\">\n\t\t\t\t<div class=\"elementor-widget-container\">\n\t\t\t\t\t\t\t<div class=\"elementor-spacer\">\n\t\t\t<div class=\"elementor-spacer-inner\"><\/div>\n\t\t<\/div>\n\t\t\t\t\t\t<\/div>\n\t\t\t\t<\/div>\n\t\t\t\t<div class=\"elementor-element elementor-element-2d7fdb4 elementor-widget elementor-widget-heading\" data-id=\"2d7fdb4\" data-element_type=\"widget\" data-e-type=\"widget\" data-widget_type=\"heading.default\">\n\t\t\t\t<div class=\"elementor-widget-container\">\n\t\t\t\t\t<h1 class=\"elementor-heading-title elementor-size-default\">Service aer condi\u021bionat auto Warsaw\n<\/h1>\t\t\t\t<\/div>\n\t\t\t\t<\/div>\n\t\t\t\t<div class=\"elementor-element elementor-element-3a59305 elementor-widget elementor-widget-text-editor\" data-id=\"3a59305\" data-element_type=\"widget\" data-e-type=\"widget\" data-widget_type=\"text-editor.default\">\n\t\t\t\t<div class=\"elementor-widget-container\">\n\t\t\t\t\t\t\t\t\t<p>Service aer condi\u021bionat auto Warsaw - Sistemul de aer condi\u021bionat din ma\u0219ina dvs. nu func\u021bioneaz\u0103 optim? \u00cenvinge\u021bi c\u0103ldura cu serviciile noastre de aer condi\u021bionat auto de top din Warsaw. Echipa noastr\u0103 de tehnicieni califica\u021bi este specializat\u0103 \u00een furnizarea de solu\u021bii de r\u0103cire de neegalat pentru a v\u0103 men\u021bine confortul pe drum.<\/p>\t\t\t\t\t\t\t\t<\/div>\n\t\t\t\t<\/div>\n\t\t\t\t\t<\/div>\n\t\t<\/div>\n\t\t\t\t\t<\/div>\n\t\t<\/section>\n\t\t\t\t<div class=\"elementor-element elementor-element-94ac0cb elementor-widget elementor-widget-spacer\" data-id=\"94ac0cb\" data-element_type=\"widget\" data-e-type=\"widget\" data-widget_type=\"spacer.default\">\n\t\t\t\t<div class=\"elementor-widget-container\">\n\t\t\t\t\t\t\t<div class=\"elementor-spacer\">\n\t\t\t<div class=\"elementor-spacer-inner\"><\/div>\n\t\t<\/div>\n\t\t\t\t\t\t<\/div>\n\t\t\t\t<\/div>\n\t\t\t\t\t<\/div>\n\t\t<\/div>\n\t\t\t\t\t<\/div>\n\t\t<\/section>\n\t\t\t\t<section class=\"elementor-section elementor-top-section elementor-element elementor-element-612efc8 elementor-section-boxed elementor-section-height-default elementor-section-height-default\" data-id=\"612efc8\" data-element_type=\"section\" data-e-type=\"section\">\n\t\t\t\t\t\t<div class=\"elementor-container elementor-column-gap-default\">\n\t\t\t\t\t<div class=\"elementor-column elementor-col-50 elementor-top-column elementor-element elementor-element-0da7615\" data-id=\"0da7615\" data-element_type=\"column\" data-e-type=\"column\">\n\t\t\t<div class=\"elementor-widget-wrap elementor-element-populated\">\n\t\t\t\t\t\t<div class=\"elementor-element elementor-element-7a5adb3 elementor-widget elementor-widget-heading\" data-id=\"7a5adb3\" data-element_type=\"widget\" data-e-type=\"widget\" data-widget_type=\"heading.default\">\n\t\t\t\t<div class=\"elementor-widget-container\">\n\t\t\t\t\t<h2 class=\"elementor-heading-title elementor-size-default\">De ce s\u0103 alege\u021bi serviciul nostru de aer condi\u021bionat auto?<\/h2>\t\t\t\t<\/div>\n\t\t\t\t<\/div>\n\t\t\t\t<div class=\"elementor-element elementor-element-85d4b8a elementor-widget elementor-widget-text-editor\" data-id=\"85d4b8a\" data-element_type=\"widget\" data-e-type=\"widget\" data-widget_type=\"text-editor.default\">\n\t\t\t\t<div class=\"elementor-widget-container\">\n\t\t\t\t\t\t\t\t\t<p><strong>1. cuno\u0219tin\u021be specializate:<\/strong><br \/><span style=\"font-weight: 400;\">Ave\u021bi \u00eencredere \u00een echipa noastr\u0103 de tehnicieni specializa\u021bi care au o vast\u0103 experien\u021b\u0103 \u00een diagnosticarea \u0219i repararea sistemelor de aer condi\u021bionat auto. Vom adapta serviciile noastre de aer condi\u021bionat pentru a v\u0103 satisface toate nevoile de deplasare \u00een Var\u0219ovia, fie \u00een trafic, fie \u00een trafic fluent. <\/span><\/p><p><strong>2 Control cuprinz\u0103tor al sistemului:<\/strong><br \/>Serviciul nostru include o inspec\u021bie am\u0103nun\u021bit\u0103 a sistemului de aer condi\u021bionat al ma\u0219inii dumneavoastr\u0103. Verific\u0103m dac\u0103 exist\u0103 scurgeri, evalu\u0103m nivelurile de agent frigorific \u0219i verific\u0103m func\u021bionalitatea general\u0103 pentru a identifica \u0219i rezolva orice problem\u0103.<\/p><p><strong>3. repara\u021bii eficiente:<\/strong><br \/>Cu instrumentele \u0219i echipamentele noastre de ultim\u0103 genera\u021bie, pute\u021bi efectua repara\u021bii rapide \u0219i eficiente. Fie c\u0103 este vorba de completarea agentului frigorific, \u00eenlocuirea compresorului sau repararea unui condensator deteriorat, avem expertiza necesar\u0103 pentru ca sistemul dvs. de aer condi\u021bionat s\u0103 func\u021bioneze f\u0103r\u0103 probleme.<\/p><p><strong>4. \u00eentre\u021binere preventiv\u0103:<\/strong><br \/>Men\u021bine\u021bi sistemul de aer condi\u021bionat al ma\u0219inii dvs. \u00een stare optim\u0103 cu serviciile noastre de \u00eentre\u021binere preventiv\u0103. \u00centre\u021binerea regulat\u0103 poate preveni eventualele probleme \u0219i poate prelungi durata de via\u021b\u0103 a componentelor sistemului dvs. de aer condi\u021bionat.<\/p>\t\t\t\t\t\t\t\t<\/div>\n\t\t\t\t<\/div>\n\t\t\t\t\t<\/div>\n\t\t<\/div>\n\t\t\t\t<div class=\"elementor-column elementor-col-50 elementor-top-column elementor-element elementor-element-5034d31\" data-id=\"5034d31\" data-element_type=\"column\" data-e-type=\"column\">\n\t\t\t<div class=\"elementor-widget-wrap elementor-element-populated\">\n\t\t\t\t\t\t<div class=\"elementor-element elementor-element-e9f765b elementor-widget elementor-widget-image\" data-id=\"e9f765b\" data-element_type=\"widget\" data-e-type=\"widget\" data-widget_type=\"image.default\">\n\t\t\t\t<div class=\"elementor-widget-container\">\n\t\t\t\t\t\t\t\t\t\t\t\t\t\t\t<img fetchpriority=\"high\" decoding=\"async\" width=\"800\" height=\"800\" src=\"https:\/\/autoserwisbartek.pl\/wp-content\/uploads\/2023\/12\/10_11zon-1024x1024.jpg\" class=\"attachment-large size-large wp-image-14262\" alt=\"Servicii de aer condi\u021bionat\" srcset=\"https:\/\/autoserwisbartek.pl\/wp-content\/uploads\/2023\/12\/10_11zon-1024x1024.jpg 1024w, https:\/\/autoserwisbartek.pl\/wp-content\/uploads\/2023\/12\/10_11zon-300x300.jpg 300w, https:\/\/autoserwisbartek.pl\/wp-content\/uploads\/2023\/12\/10_11zon-150x150.jpg 150w, https:\/\/autoserwisbartek.pl\/wp-content\/uploads\/2023\/12\/10_11zon-768x768.jpg 768w, https:\/\/autoserwisbartek.pl\/wp-content\/uploads\/2023\/12\/10_11zon.jpg 1080w\" sizes=\"(max-width: 800px) 100vw, 800px\" \/>\t\t\t\t\t\t\t\t\t\t\t\t\t\t\t<\/div>\n\t\t\t\t<\/div>\n\t\t\t\t<section class=\"elementor-section elementor-inner-section elementor-element elementor-element-cf769f9 elementor-section-boxed elementor-section-height-default elementor-section-height-default\" data-id=\"cf769f9\" data-element_type=\"section\" data-e-type=\"section\">\n\t\t\t\t\t\t<div class=\"elementor-container elementor-column-gap-default\">\n\t\t\t\t\t<div class=\"elementor-column elementor-col-50 elementor-inner-column elementor-element elementor-element-d9fc643\" data-id=\"d9fc643\" data-element_type=\"column\" data-e-type=\"column\">\n\t\t\t<div class=\"elementor-widget-wrap elementor-element-populated\">\n\t\t\t\t\t\t<div class=\"elementor-element elementor-element-0faa53b elementor-widget elementor-widget-image\" data-id=\"0faa53b\" data-element_type=\"widget\" data-e-type=\"widget\" data-widget_type=\"image.default\">\n\t\t\t\t<div class=\"elementor-widget-container\">\n\t\t\t\t\t\t\t\t\t\t\t\t\t\t\t<img decoding=\"async\" width=\"800\" height=\"800\" src=\"https:\/\/autoserwisbartek.pl\/wp-content\/uploads\/2022\/08\/Untitled-design-2022-08-21T001121.123-1024x1024.png\" class=\"attachment-large size-large wp-image-765\" alt=\"techoil\" srcset=\"https:\/\/autoserwisbartek.pl\/wp-content\/uploads\/2022\/08\/Untitled-design-2022-08-21T001121.123-1024x1024.png 1024w, https:\/\/autoserwisbartek.pl\/wp-content\/uploads\/2022\/08\/Untitled-design-2022-08-21T001121.123-300x300.png 300w, https:\/\/autoserwisbartek.pl\/wp-content\/uploads\/2022\/08\/Untitled-design-2022-08-21T001121.123-150x150.png 150w, https:\/\/autoserwisbartek.pl\/wp-content\/uploads\/2022\/08\/Untitled-design-2022-08-21T001121.123-768x768.png 768w, https:\/\/autoserwisbartek.pl\/wp-content\/uploads\/2022\/08\/Untitled-design-2022-08-21T001121.123.png 1080w\" sizes=\"(max-width: 800px) 100vw, 800px\" \/>\t\t\t\t\t\t\t\t\t\t\t\t\t\t\t<\/div>\n\t\t\t\t<\/div>\n\t\t\t\t\t<\/div>\n\t\t<\/div>\n\t\t\t\t<div class=\"elementor-column elementor-col-50 elementor-inner-column elementor-element elementor-element-66400cb\" data-id=\"66400cb\" data-element_type=\"column\" data-e-type=\"column\">\n\t\t\t<div class=\"elementor-widget-wrap elementor-element-populated\">\n\t\t\t\t\t\t<div class=\"elementor-element elementor-element-75c3f03 elementor-widget elementor-widget-image\" data-id=\"75c3f03\" data-element_type=\"widget\" data-e-type=\"widget\" data-widget_type=\"image.default\">\n\t\t\t\t<div class=\"elementor-widget-container\">\n\t\t\t\t\t\t\t\t\t\t\t\t\t\t\t<img decoding=\"async\" width=\"800\" height=\"800\" src=\"https:\/\/autoserwisbartek.pl\/wp-content\/uploads\/2023\/12\/20_11zon-1024x1024.jpg\" class=\"attachment-large size-large wp-image-14235\" alt=\"Mecanici de vehicule\" srcset=\"https:\/\/autoserwisbartek.pl\/wp-content\/uploads\/2023\/12\/20_11zon-1024x1024.jpg 1024w, https:\/\/autoserwisbartek.pl\/wp-content\/uploads\/2023\/12\/20_11zon-300x300.jpg 300w, https:\/\/autoserwisbartek.pl\/wp-content\/uploads\/2023\/12\/20_11zon-150x150.jpg 150w, https:\/\/autoserwisbartek.pl\/wp-content\/uploads\/2023\/12\/20_11zon-768x768.jpg 768w, https:\/\/autoserwisbartek.pl\/wp-content\/uploads\/2023\/12\/20_11zon.jpg 1080w\" sizes=\"(max-width: 800px) 100vw, 800px\" \/>\t\t\t\t\t\t\t\t\t\t\t\t\t\t\t<\/div>\n\t\t\t\t<\/div>\n\t\t\t\t\t<\/div>\n\t\t<\/div>\n\t\t\t\t\t<\/div>\n\t\t<\/section>\n\t\t\t\t\t<\/div>\n\t\t<\/div>\n\t\t\t\t\t<\/div>\n\t\t<\/section>\n\t\t\t\t<section class=\"elementor-section elementor-top-section elementor-element elementor-element-1f16ae8 elementor-section-boxed elementor-section-height-default elementor-section-height-default\" data-id=\"1f16ae8\" data-element_type=\"section\" data-e-type=\"section\">\n\t\t\t\t\t\t<div class=\"elementor-container elementor-column-gap-default\">\n\t\t\t\t\t<div class=\"elementor-column elementor-col-50 elementor-top-column elementor-element elementor-element-6a05f36\" data-id=\"6a05f36\" data-element_type=\"column\" data-e-type=\"column\">\n\t\t\t<div class=\"elementor-widget-wrap elementor-element-populated\">\n\t\t\t\t\t\t<div class=\"elementor-element elementor-element-fb34932 elementor-widget elementor-widget-image\" data-id=\"fb34932\" data-element_type=\"widget\" data-e-type=\"widget\" data-widget_type=\"image.default\">\n\t\t\t\t<div class=\"elementor-widget-container\">\n\t\t\t\t\t\t\t\t\t\t\t\t\t\t\t<img loading=\"lazy\" decoding=\"async\" width=\"800\" height=\"800\" src=\"https:\/\/autoserwisbartek.pl\/wp-content\/uploads\/2022\/08\/computer-diagnostics-8-1024x1024.png\" class=\"attachment-large size-large wp-image-609\" alt=\"\" srcset=\"https:\/\/autoserwisbartek.pl\/wp-content\/uploads\/2022\/08\/computer-diagnostics-8-1024x1024.png 1024w, https:\/\/autoserwisbartek.pl\/wp-content\/uploads\/2022\/08\/computer-diagnostics-8-300x300.png 300w, https:\/\/autoserwisbartek.pl\/wp-content\/uploads\/2022\/08\/computer-diagnostics-8-150x150.png 150w, https:\/\/autoserwisbartek.pl\/wp-content\/uploads\/2022\/08\/computer-diagnostics-8-768x768.png 768w, https:\/\/autoserwisbartek.pl\/wp-content\/uploads\/2022\/08\/computer-diagnostics-8.png 1080w\" sizes=\"(max-width: 800px) 100vw, 800px\" \/>\t\t\t\t\t\t\t\t\t\t\t\t\t\t\t<\/div>\n\t\t\t\t<\/div>\n\t\t\t\t\t<\/div>\n\t\t<\/div>\n\t\t\t\t<div class=\"elementor-column elementor-col-50 elementor-top-column elementor-element elementor-element-4b51f13\" data-id=\"4b51f13\" data-element_type=\"column\" data-e-type=\"column\">\n\t\t\t<div class=\"elementor-widget-wrap elementor-element-populated\">\n\t\t\t\t\t\t<div class=\"elementor-element elementor-element-be7d3dd elementor-widget elementor-widget-spacer\" data-id=\"be7d3dd\" data-element_type=\"widget\" data-e-type=\"widget\" data-widget_type=\"spacer.default\">\n\t\t\t\t<div class=\"elementor-widget-container\">\n\t\t\t\t\t\t\t<div class=\"elementor-spacer\">\n\t\t\t<div class=\"elementor-spacer-inner\"><\/div>\n\t\t<\/div>\n\t\t\t\t\t\t<\/div>\n\t\t\t\t<\/div>\n\t\t\t\t<div class=\"elementor-element elementor-element-017712b elementor-widget elementor-widget-heading\" data-id=\"017712b\" data-element_type=\"widget\" data-e-type=\"widget\" data-widget_type=\"heading.default\">\n\t\t\t\t<div class=\"elementor-widget-container\">\n\t\t\t\t\t<h2 class=\"elementor-heading-title elementor-size-default\">Serviciile noastre de aer condi\u021bionat includ<\/h2>\t\t\t\t<\/div>\n\t\t\t\t<\/div>\n\t\t\t\t<div class=\"elementor-element elementor-element-3b3c937 elementor-widget elementor-widget-text-editor\" data-id=\"3b3c937\" data-element_type=\"widget\" data-e-type=\"widget\" data-widget_type=\"text-editor.default\">\n\t\t\t\t<div class=\"elementor-widget-container\">\n\t\t\t\t\t\t\t\t\t<p><strong>1. Reumplerea cu agent frigorific:<\/strong><br \/>Asigura\u021bi-v\u0103 c\u0103 sistemul dvs. de aer condi\u021bionat sufl\u0103 constant aer rece cu serviciile noastre de reumplere a refrigerantului. Utiliz\u0103m agen\u021bi frigorifici de \u00eenalt\u0103 calitate pentru a restabili performan\u021ba optim\u0103 de r\u0103cire.<\/p><p><strong>2. \u00eenlocuirea compresorului:<\/strong><br \/>Dac\u0103 compresorul dvs. de aer condi\u021bionat se defecteaz\u0103, \u00eel putem \u00eenlocui cu o unitate durabil\u0103 \u0219i eficient\u0103 pentru ca sistemul dvs. de aer condi\u021bionat s\u0103 func\u021bioneze din nou corespunz\u0103tor.<\/p><p><strong>3. detectarea \u0219i repararea scurgerilor:<\/strong><br \/><span style=\"font-weight: 400;\">Ne vom ocupa imediat de scurgerile de agent frigorific pentru a preveni deteriorarea ulterioar\u0103 a sistemului dvs. de aer condi\u021bionat. Tehnicienii no\u0219tri sunt califica\u021bi \u00een detectarea \u0219i repararea scurgerilor, asigur\u00e2nd rezultate de lung\u0103 durat\u0103.<\/span><\/p><p><strong>4. cur\u0103\u021barea sistemului de ventila\u021bie:<\/strong><br \/>\u00cembun\u0103t\u0103\u021bi\u021bi calitatea aerului \u0219i elimina\u021bi mirosurile nepl\u0103cute opt\u00e2nd pentru un serviciu de cur\u0103\u021bare a sistemului de ventila\u021bie. Respira\u021bi aer proasp\u0103t cu un sistem de aer condi\u021bionat curat \u0219i bine \u00eentre\u021binut.<\/p>\t\t\t\t\t\t\t\t<\/div>\n\t\t\t\t<\/div>\n\t\t\t\t\t<\/div>\n\t\t<\/div>\n\t\t\t\t\t<\/div>\n\t\t<\/section>\n\t\t\t\t<section class=\"elementor-section elementor-top-section elementor-element elementor-element-1262fbe elementor-section-boxed elementor-section-height-default elementor-section-height-default\" data-id=\"1262fbe\" data-element_type=\"section\" data-e-type=\"section\">\n\t\t\t\t\t\t<div class=\"elementor-container elementor-column-gap-default\">\n\t\t\t\t\t<div class=\"elementor-column elementor-col-50 elementor-top-column elementor-element elementor-element-385cdd3\" data-id=\"385cdd3\" data-element_type=\"column\" data-e-type=\"column\">\n\t\t\t<div class=\"elementor-widget-wrap elementor-element-populated\">\n\t\t\t\t\t\t<div class=\"elementor-element elementor-element-b536b27 elementor-widget elementor-widget-heading\" data-id=\"b536b27\" data-element_type=\"widget\" data-e-type=\"widget\" data-widget_type=\"heading.default\">\n\t\t\t\t<div class=\"elementor-widget-container\">\n\t\t\t\t\t<h2 class=\"elementor-heading-title elementor-size-default\">Contacta\u021bi-ne ast\u0103zi pentru servicii expert de aer condi\u021bionat auto \u00een Warsaw<\/h2>\t\t\t\t<\/div>\n\t\t\t\t<\/div>\n\t\t\t\t<div class=\"elementor-element elementor-element-319d464 elementor-widget elementor-widget-text-editor\" data-id=\"319d464\" data-element_type=\"widget\" data-e-type=\"widget\" data-widget_type=\"text-editor.default\">\n\t\t\t\t<div class=\"elementor-widget-container\">\n\t\t\t\t\t\t\t\t\t<p>Nu l\u0103sa\u021bi o defec\u021biune a sistemului de aer condi\u021bionat s\u0103 v\u0103 provoace disconfort \u00een timpul condusului. Ave\u021bi \u00eencredere \u00een echipa noastr\u0103 dedicat\u0103 pentru servicii fiabile de aer condi\u021bionat auto \u00een Warsaw. Contacta\u021bi-ne ast\u0103zi pentru a programa o \u00eent\u00e2lnire \u0219i sim\u021bi\u021bi diferen\u021ba \u00eentr-o c\u0103l\u0103torie rece \u0219i confortabil\u0103.<\/p>\t\t\t\t\t\t\t\t<\/div>\n\t\t\t\t<\/div>\n\t\t\t\t<section class=\"elementor-section elementor-inner-section elementor-element elementor-element-08ad457 elementor-section-boxed elementor-section-height-default elementor-section-height-default\" data-id=\"08ad457\" data-element_type=\"section\" data-e-type=\"section\">\n\t\t\t\t\t\t<div class=\"elementor-container elementor-column-gap-default\">\n\t\t\t\t\t<div class=\"elementor-column elementor-col-50 elementor-inner-column elementor-element elementor-element-7a59589\" data-id=\"7a59589\" data-element_type=\"column\" data-e-type=\"column\">\n\t\t\t<div class=\"elementor-widget-wrap elementor-element-populated\">\n\t\t\t\t\t\t<div class=\"elementor-element elementor-element-e7b3992 elementor-widget elementor-widget-image\" data-id=\"e7b3992\" data-element_type=\"widget\" data-e-type=\"widget\" data-widget_type=\"image.default\">\n\t\t\t\t<div class=\"elementor-widget-container\">\n\t\t\t\t\t\t\t\t\t\t\t\t\t\t\t<img loading=\"lazy\" decoding=\"async\" width=\"800\" height=\"800\" src=\"https:\/\/autoserwisbartek.pl\/wp-content\/uploads\/2023\/12\/08_11zon-1024x1024.jpg\" class=\"attachment-large size-large wp-image-14261\" alt=\"\" srcset=\"https:\/\/autoserwisbartek.pl\/wp-content\/uploads\/2023\/12\/08_11zon-1024x1024.jpg 1024w, https:\/\/autoserwisbartek.pl\/wp-content\/uploads\/2023\/12\/08_11zon-300x300.jpg 300w, https:\/\/autoserwisbartek.pl\/wp-content\/uploads\/2023\/12\/08_11zon-150x150.jpg 150w, https:\/\/autoserwisbartek.pl\/wp-content\/uploads\/2023\/12\/08_11zon-768x768.jpg 768w, https:\/\/autoserwisbartek.pl\/wp-content\/uploads\/2023\/12\/08_11zon.jpg 1080w\" sizes=\"(max-width: 800px) 100vw, 800px\" \/>\t\t\t\t\t\t\t\t\t\t\t\t\t\t\t<\/div>\n\t\t\t\t<\/div>\n\t\t\t\t\t<\/div>\n\t\t<\/div>\n\t\t\t\t<div class=\"elementor-column elementor-col-50 elementor-inner-column elementor-element elementor-element-35c4135\" data-id=\"35c4135\" data-element_type=\"column\" data-e-type=\"column\">\n\t\t\t<div class=\"elementor-widget-wrap elementor-element-populated\">\n\t\t\t\t\t\t<div class=\"elementor-element elementor-element-409a439 elementor-widget elementor-widget-image\" data-id=\"409a439\" data-element_type=\"widget\" data-e-type=\"widget\" data-widget_type=\"image.default\">\n\t\t\t\t<div class=\"elementor-widget-container\">\n\t\t\t\t\t\t\t\t\t\t\t\t\t\t\t<img loading=\"lazy\" decoding=\"async\" width=\"300\" height=\"300\" src=\"https:\/\/autoserwisbartek.pl\/wp-content\/uploads\/2022\/08\/Untitled-design-2022-08-27T013214.399-300x300.png\" class=\"attachment-medium size-medium wp-image-901\" alt=\"Repararea camioanelor\" srcset=\"https:\/\/autoserwisbartek.pl\/wp-content\/uploads\/2022\/08\/Untitled-design-2022-08-27T013214.399-300x300.png 300w, https:\/\/autoserwisbartek.pl\/wp-content\/uploads\/2022\/08\/Untitled-design-2022-08-27T013214.399-1024x1024.png 1024w, https:\/\/autoserwisbartek.pl\/wp-content\/uploads\/2022\/08\/Untitled-design-2022-08-27T013214.399-150x150.png 150w, https:\/\/autoserwisbartek.pl\/wp-content\/uploads\/2022\/08\/Untitled-design-2022-08-27T013214.399-768x768.png 768w, https:\/\/autoserwisbartek.pl\/wp-content\/uploads\/2022\/08\/elementor\/thumbs\/Untitled-design-2022-08-27T013214.399-qerjiywcir1k0jeqojdf85zwapqlwtllg5lri4n5oo.png 500w, https:\/\/autoserwisbartek.pl\/wp-content\/uploads\/2022\/08\/Untitled-design-2022-08-27T013214.399.png 1080w\" sizes=\"(max-width: 300px) 100vw, 300px\" \/>\t\t\t\t\t\t\t\t\t\t\t\t\t\t\t<\/div>\n\t\t\t\t<\/div>\n\t\t\t\t\t<\/div>\n\t\t<\/div>\n\t\t\t\t\t<\/div>\n\t\t<\/section>\n\t\t\t\t\t<\/div>\n\t\t<\/div>\n\t\t\t\t<div class=\"elementor-column elementor-col-50 elementor-top-column elementor-element elementor-element-77d9d80\" data-id=\"77d9d80\" data-element_type=\"column\" data-e-type=\"column\">\n\t\t\t<div class=\"elementor-widget-wrap elementor-element-populated\">\n\t\t\t\t\t\t<div class=\"elementor-element elementor-element-84e2a92 elementor-widget elementor-widget-image\" data-id=\"84e2a92\" data-element_type=\"widget\" data-e-type=\"widget\" data-widget_type=\"image.default\">\n\t\t\t\t<div class=\"elementor-widget-container\">\n\t\t\t\t\t\t\t\t\t\t\t\t\t\t\t<img loading=\"lazy\" decoding=\"async\" width=\"800\" height=\"536\" src=\"https:\/\/autoserwisbartek.pl\/wp-content\/uploads\/2023\/12\/7xm.xyz903121_11zon-1-1024x686.jpg\" class=\"attachment-large size-large wp-image-14267\" alt=\"\" srcset=\"https:\/\/autoserwisbartek.pl\/wp-content\/uploads\/2023\/12\/7xm.xyz903121_11zon-1-1024x686.jpg 1024w, https:\/\/autoserwisbartek.pl\/wp-content\/uploads\/2023\/12\/7xm.xyz903121_11zon-1-300x201.jpg 300w, https:\/\/autoserwisbartek.pl\/wp-content\/uploads\/2023\/12\/7xm.xyz903121_11zon-1-768x515.jpg 768w, https:\/\/autoserwisbartek.pl\/wp-content\/uploads\/2023\/12\/7xm.xyz903121_11zon-1.jpg 1228w\" sizes=\"(max-width: 800px) 100vw, 800px\" \/>\t\t\t\t\t\t\t\t\t\t\t\t\t\t\t<\/div>\n\t\t\t\t<\/div>\n\t\t\t\t\t<\/div>\n\t\t<\/div>\n\t\t\t\t\t<\/div>\n\t\t<\/section>\n\t\t\t\t<\/div>","protected":false},"excerpt":{"rendered":"<p>Serwis klimatyzacji samochodowej Warszawa Serwis klimatyzacji samochodowej Warszawa &#8211; Czy uk\u0142ad klimatyzacji w Twoim samochodzie nie dzia\u0142a optymalnie? Pokonaj upa\u0142 dzi\u0119ki naszemu najwy\u017cszej klasy serwisowi klimatyzacji samochodowej w Warszawie. Nasz zesp\u00f3\u0142 wykwalifikowanych technik\u00f3w specjalizuje si\u0119 w dostarczaniu niezr\u00f3wnanych rozwi\u0105za\u0144 ch\u0142odz\u0105cych, kt\u00f3re zapewni\u0105 Ci komfort w drodze. Dlaczego warto wybra\u0107 nasz serwis klimatyzacji samochodowej? 1. Specjalistyczna [&hellip;]<\/p>\n","protected":false},"author":1,"featured_media":607,"parent":0,"menu_order":0,"comment_status":"closed","ping_status":"closed","template":"","meta":{"_eb_attr":"","footnotes":""},"class_list":["post-202","page","type-page","status-publish","has-post-thumbnail","hentry"],"_links":{"self":[{"href":"https:\/\/autoserwisbartek.pl\/ro\/wp-json\/wp\/v2\/pages\/202","targetHints":{"allow":["GET"]}}],"collection":[{"href":"https:\/\/autoserwisbartek.pl\/ro\/wp-json\/wp\/v2\/pages"}],"about":[{"href":"https:\/\/autoserwisbartek.pl\/ro\/wp-json\/wp\/v2\/types\/page"}],"author":[{"embeddable":true,"href":"https:\/\/autoserwisbartek.pl\/ro\/wp-json\/wp\/v2\/users\/1"}],"replies":[{"embeddable":true,"href":"https:\/\/autoserwisbartek.pl\/ro\/wp-json\/wp\/v2\/comments?post=202"}],"version-history":[{"count":10,"href":"https:\/\/autoserwisbartek.pl\/ro\/wp-json\/wp\/v2\/pages\/202\/revisions"}],"predecessor-version":[{"id":14395,"href":"https:\/\/autoserwisbartek.pl\/ro\/wp-json\/wp\/v2\/pages\/202\/revisions\/14395"}],"wp:featuredmedia":[{"embeddable":true,"href":"https:\/\/autoserwisbartek.pl\/ro\/wp-json\/wp\/v2\/media\/607"}],"wp:attachment":[{"href":"https:\/\/autoserwisbartek.pl\/ro\/wp-json\/wp\/v2\/media?parent=202"}],"curies":[{"name":"wp","href":"https:\/\/api.w.org\/{rel}","templated":true}]}}