{"id":1199,"date":"2023-01-02T12:49:43","date_gmt":"2023-01-02T11:49:43","guid":{"rendered":"http:\/\/autoserwisbartek.pl\/?page_id=1199"},"modified":"2024-03-04T13:54:12","modified_gmt":"2024-03-04T12:54:12","slug":"inlocuirea-farurilor-auto","status":"publish","type":"page","link":"https:\/\/autoserwisbartek.pl\/ro\/inlocuirea-farurilor-auto\/","title":{"rendered":"Schimbarea becurilor la o ma\u0219in\u0103"},"content":{"rendered":"<div data-elementor-type=\"wp-page\" data-elementor-id=\"1199\" class=\"elementor elementor-1199\" data-elementor-post-type=\"page\">\n\t\t\t\t\t\t<section class=\"elementor-section elementor-top-section elementor-element elementor-element-79df528 elementor-section-boxed elementor-section-height-default elementor-section-height-default\" data-id=\"79df528\" data-element_type=\"section\" data-e-type=\"section\">\n\t\t\t\t\t\t<div class=\"elementor-container elementor-column-gap-default\">\n\t\t\t\t\t<div class=\"elementor-column elementor-col-100 elementor-top-column elementor-element elementor-element-5922a41\" data-id=\"5922a41\" data-element_type=\"column\" data-e-type=\"column\">\n\t\t\t<div class=\"elementor-widget-wrap elementor-element-populated\">\n\t\t\t\t\t\t<div class=\"elementor-element elementor-element-0176764 elementor-widget elementor-widget-heading\" data-id=\"0176764\" data-element_type=\"widget\" data-e-type=\"widget\" data-widget_type=\"heading.default\">\n\t\t\t\t<div class=\"elementor-widget-container\">\n\t\t\t\t\t<h1 class=\"elementor-heading-title elementor-size-default\">Schimbarea becurilor la o ma\u0219in\u0103 Var\u0219ovia\n<\/h1>\t\t\t\t<\/div>\n\t\t\t\t<\/div>\n\t\t\t\t<div class=\"elementor-element elementor-element-d247acd elementor-widget elementor-widget-text-editor\" data-id=\"d247acd\" data-element_type=\"widget\" data-e-type=\"widget\" data-widget_type=\"text-editor.default\">\n\t\t\t\t<div class=\"elementor-widget-container\">\n\t\t\t\t\t\t\t\t\t<p>La Auto Service Bartek, \u00een\u021belegem importan\u021ba unui sistem de iluminat bine \u00eentre\u021binut pentru un condus sigur pe str\u0103zile din Var\u0219ovia. Echipa noastr\u0103 de exper\u021bi este specializat\u0103 \u00een furnizarea de servicii de \u00eenlocuire a becurilor auto de cea mai \u00eenalt\u0103 calitate, asigur\u00e2ndu-se c\u0103 luminile vehiculului dvs. str\u0103lucesc puternic \u0219i fiabil.<\/p>\t\t\t\t\t\t\t\t<\/div>\n\t\t\t\t<\/div>\n\t\t\t\t\t<\/div>\n\t\t<\/div>\n\t\t\t\t\t<\/div>\n\t\t<\/section>\n\t\t\t\t<section class=\"elementor-section elementor-top-section elementor-element elementor-element-cc1cd73 elementor-section-boxed elementor-section-height-default elementor-section-height-default\" data-id=\"cc1cd73\" data-element_type=\"section\" data-e-type=\"section\">\n\t\t\t\t\t\t<div class=\"elementor-container elementor-column-gap-default\">\n\t\t\t\t\t<div class=\"elementor-column elementor-col-50 elementor-top-column elementor-element elementor-element-cbca996\" data-id=\"cbca996\" data-element_type=\"column\" data-e-type=\"column\">\n\t\t\t<div class=\"elementor-widget-wrap elementor-element-populated\">\n\t\t\t\t\t\t<div class=\"elementor-element elementor-element-5705e33 elementor-widget elementor-widget-heading\" data-id=\"5705e33\" data-element_type=\"widget\" data-e-type=\"widget\" data-widget_type=\"heading.default\">\n\t\t\t\t<div class=\"elementor-widget-container\">\n\t\t\t\t\t<h2 class=\"elementor-heading-title elementor-size-default\">Serviciile noastre<\/h2>\t\t\t\t<\/div>\n\t\t\t\t<\/div>\n\t\t\t\t<div class=\"elementor-element elementor-element-2d10b94 elementor-widget elementor-widget-text-editor\" data-id=\"2d10b94\" data-element_type=\"widget\" data-e-type=\"widget\" data-widget_type=\"text-editor.default\">\n\t\t\t\t<div class=\"elementor-widget-container\">\n\t\t\t\t\t\t\t\t\t<p><strong>\u00cenlocuire complet\u0103 a becului:<\/strong> <br \/>De la faruri la stopuri, stopuri \u0219i semnalizatoare, Auto Service Bartek ofer\u0103 un serviciu complet pentru \u00eenlocuirea tuturor tipurilor de becuri.<\/p><p><strong>Becuri de schimb premium:<\/strong> <br \/>Utiliz\u0103m becuri de schimb de \u00eenalt\u0103 calitate care \u00eendeplinesc sau dep\u0103\u0219esc specifica\u021biile din manualul de utilizare al vehiculului dumneavoastr\u0103. Angajamentul nostru fa\u021b\u0103 de calitate asigur\u0103 longevitatea \u0219i performan\u021ba optim\u0103.<\/p><p><strong>Tehnicieni califica\u021bi:<\/strong> <br \/>Tehnicienii no\u0219tri experimenta\u021bi de la Bartek's Auto Service au cuno\u0219tin\u021bele \u0219i experien\u021ba necesare pentru a asigura un service eficient pentru o varietate de m\u0103rci \u0219i modele. Ei pot identifica \u0219i \u00eenlocui cu exactitate becurile care necesit\u0103 aten\u021bie.<\/p><p><strong>Eficient \u0219i confortabil:<\/strong> <br \/>\u021ain\u00e2nd cont de valoarea timpului dumneavoastr\u0103, serviciile noastre sunt concepute pentru a fi rapide \u0219i convenabile, pentru a minimiza timpul de nefunc\u021bionare \u0219i pentru a v\u0103 permite s\u0103 v\u0103 \u00eentoarce\u021bi rapid la lucru.<\/p><p><strong>Siguran\u021ba \u00een prim plan:<\/strong> <br \/>Siguran\u021ba dumneavoastr\u0103 este prioritatea noastr\u0103 principal\u0103. Tehnicienii no\u0219tri de la Bartek's Auto Service poart\u0103 m\u0103nu\u0219i \u0219i, dac\u0103 este necesar, ochelari de protec\u021bie pentru a asigura un proces de \u00eenlocuire sigur at\u00e2t pentru ei, c\u00e2t \u0219i pentru vehiculul dumneavoastr\u0103.<\/p><p><strong>Pre\u021buri competitive:<\/strong> <br \/>Auto Serwis Bartek ofer\u0103 pre\u021buri competitive pentru serviciile sale, cu scopul de a oferi solu\u021bii de calitate f\u0103r\u0103 a compromite accesibilitatea.<\/p>\t\t\t\t\t\t\t\t<\/div>\n\t\t\t\t<\/div>\n\t\t\t\t<div class=\"elementor-element elementor-element-9ea2d13 elementor-widget elementor-widget-spacer\" data-id=\"9ea2d13\" data-element_type=\"widget\" data-e-type=\"widget\" data-widget_type=\"spacer.default\">\n\t\t\t\t<div class=\"elementor-widget-container\">\n\t\t\t\t\t\t\t<div class=\"elementor-spacer\">\n\t\t\t<div class=\"elementor-spacer-inner\"><\/div>\n\t\t<\/div>\n\t\t\t\t\t\t<\/div>\n\t\t\t\t<\/div>\n\t\t\t\t\t<\/div>\n\t\t<\/div>\n\t\t\t\t<div class=\"elementor-column elementor-col-50 elementor-top-column elementor-element elementor-element-b83bd60\" data-id=\"b83bd60\" data-element_type=\"column\" data-e-type=\"column\">\n\t\t\t<div class=\"elementor-widget-wrap elementor-element-populated\">\n\t\t\t\t\t\t<div class=\"elementor-element elementor-element-a128a40 elementor-widget elementor-widget-image\" data-id=\"a128a40\" data-element_type=\"widget\" data-e-type=\"widget\" data-widget_type=\"image.default\">\n\t\t\t\t<div class=\"elementor-widget-container\">\n\t\t\t\t\t\t\t\t\t\t\t\t\t\t\t<img decoding=\"async\" src=\"https:\/\/autoserwisbartek.pl\/wp-content\/uploads\/elementor\/thumbs\/7xm.xyz156203-qhknwe7ikua798bkbsp6jjrya8ilxz992shcxf750w.jpg\" title=\"7xm.xyz156203\" alt=\"7xm.xyz156203\" loading=\"lazy\" \/>\t\t\t\t\t\t\t\t\t\t\t\t\t\t\t<\/div>\n\t\t\t\t<\/div>\n\t\t\t\t<div class=\"elementor-element elementor-element-22d752a elementor-align-center elementor-widget elementor-widget-button\" data-id=\"22d752a\" data-element_type=\"widget\" data-e-type=\"widget\" data-widget_type=\"button.default\">\n\t\t\t\t<div class=\"elementor-widget-container\">\n\t\t\t\t\t\t\t\t\t<div class=\"elementor-button-wrapper\">\n\t\t\t\t\t<a class=\"elementor-button elementor-button-link elementor-size-sm\" href=\"tel:+48%20730994410\">\n\t\t\t\t\t\t<span class=\"elementor-button-content-wrapper\">\n\t\t\t\t\t\t\t\t\t<span class=\"elementor-button-text\">Tel:+48 730994410<\/span>\n\t\t\t\t\t<\/span>\n\t\t\t\t\t<\/a>\n\t\t\t\t<\/div>\n\t\t\t\t\t\t\t\t<\/div>\n\t\t\t\t<\/div>\n\t\t\t\t\t<\/div>\n\t\t<\/div>\n\t\t\t\t\t<\/div>\n\t\t<\/section>\n\t\t\t\t<section class=\"elementor-section elementor-top-section elementor-element elementor-element-8b0f28b elementor-section-boxed elementor-section-height-default elementor-section-height-default\" data-id=\"8b0f28b\" data-element_type=\"section\" data-e-type=\"section\">\n\t\t\t\t\t\t<div class=\"elementor-container elementor-column-gap-default\">\n\t\t\t\t\t<div class=\"elementor-column elementor-col-50 elementor-top-column elementor-element elementor-element-de7304b\" data-id=\"de7304b\" data-element_type=\"column\" data-e-type=\"column\">\n\t\t\t<div class=\"elementor-widget-wrap elementor-element-populated\">\n\t\t\t\t\t\t<div class=\"elementor-element elementor-element-9464385 elementor-widget elementor-widget-image\" data-id=\"9464385\" data-element_type=\"widget\" data-e-type=\"widget\" data-widget_type=\"image.default\">\n\t\t\t\t<div class=\"elementor-widget-container\">\n\t\t\t\t\t\t\t\t\t\t\t\t\t\t\t<img decoding=\"async\" src=\"https:\/\/autoserwisbartek.pl\/wp-content\/uploads\/elementor\/thumbs\/7xm.xyz406636-qhknwh115ce2827gvbx2912c2e4pl2kg36ftd92yi8.jpg\" title=\"7xm.xyz406636\" alt=\"7xm.xyz406636\" loading=\"lazy\" \/>\t\t\t\t\t\t\t\t\t\t\t\t\t\t\t<\/div>\n\t\t\t\t<\/div>\n\t\t\t\t<div class=\"elementor-element elementor-element-051a569 elementor-align-center elementor-widget elementor-widget-button\" data-id=\"051a569\" data-element_type=\"widget\" data-e-type=\"widget\" data-widget_type=\"button.default\">\n\t\t\t\t<div class=\"elementor-widget-container\">\n\t\t\t\t\t\t\t\t\t<div class=\"elementor-button-wrapper\">\n\t\t\t\t\t<a class=\"elementor-button elementor-button-link elementor-size-sm\" href=\"tel:+48%20730994410\">\n\t\t\t\t\t\t<span class=\"elementor-button-content-wrapper\">\n\t\t\t\t\t\t\t\t\t<span class=\"elementor-button-text\">Tel:+48 730994410<\/span>\n\t\t\t\t\t<\/span>\n\t\t\t\t\t<\/a>\n\t\t\t\t<\/div>\n\t\t\t\t\t\t\t\t<\/div>\n\t\t\t\t<\/div>\n\t\t\t\t\t<\/div>\n\t\t<\/div>\n\t\t\t\t<div class=\"elementor-column elementor-col-50 elementor-top-column elementor-element elementor-element-0877f3f\" data-id=\"0877f3f\" data-element_type=\"column\" data-e-type=\"column\">\n\t\t\t<div class=\"elementor-widget-wrap elementor-element-populated\">\n\t\t\t\t\t\t<div class=\"elementor-element elementor-element-adc7de5 elementor-widget elementor-widget-heading\" data-id=\"adc7de5\" data-element_type=\"widget\" data-e-type=\"widget\" data-widget_type=\"heading.default\">\n\t\t\t\t<div class=\"elementor-widget-container\">\n\t\t\t\t\t<h2 class=\"elementor-heading-title elementor-size-default\">Cum func\u021bioneaz\u0103<\/h2>\t\t\t\t<\/div>\n\t\t\t\t<\/div>\n\t\t\t\t<div class=\"elementor-element elementor-element-e3cd9e8 elementor-widget elementor-widget-text-editor\" data-id=\"e3cd9e8\" data-element_type=\"widget\" data-e-type=\"widget\" data-widget_type=\"text-editor.default\">\n\t\t\t\t<div class=\"elementor-widget-container\">\n\t\t\t\t\t\t\t\t\t<p><strong>Face\u021bi o programare:<\/strong><br \/>Contacta\u021bi Auto Service Bartek pentru a stabili o or\u0103 convenabil\u0103 pentru a \u00eenlocui becul din ma\u0219ina dumneavoastr\u0103.<\/p><p><strong>Inspec\u021bia vehiculului:<\/strong> <br \/>Tehnicienii no\u0219tri califica\u021bi de la Auto Service Bartek vor efectua o inspec\u021bie am\u0103nun\u021bit\u0103 pentru a identifica becurile care trebuie \u00eenlocuite.<\/p><p><strong>Procesul de schimb:<\/strong> <br \/>Auto Service Bartek v\u0103 va \u00eenlocui eficient becurile vechi cu unele de \u00eenalt\u0103 calitate, care respect\u0103 specifica\u021biile produc\u0103torului.<\/p><p><strong>Controlul calit\u0103\u021bii:<\/strong><br \/>\u00cenainte de a v\u0103 returna vehiculul, Bartek's Auto Service efectueaz\u0103 o verificare complet\u0103 a calit\u0103\u021bii pentru a se asigura c\u0103 toate becurile \u00eenlocuite func\u021bioneaz\u0103 corect.<\/p><p><strong>Satisfac\u021bia clien\u021bilor:<\/strong> <br \/>Satisfac\u021bia dumneavoastr\u0103 este prioritatea noastr\u0103. Auto Serwis Bartek garanteaz\u0103 c\u0103 ve\u021bi fi mul\u021bumit de rezultate chiar \u00eenainte de efectuarea serviciului.<\/p><p><br \/>La Auto Serwis Bartek, ne m\u00e2ndrim cu furnizarea unui serviciu profesional \u0219i de \u00eencredere de \u00eenlocuire a becurilor auto \u00een zona Warsaw. Ave\u021bi \u00eencredere \u00een Auto Serwis Bartek pentru a men\u021bine instala\u021bia de iluminat a vehiculului dvs. \u00een stare optim\u0103 pentru un condus sigur \u0219i pl\u0103cut. Programeaz\u0103-\u021bi vizita ast\u0103zi.<\/p>\t\t\t\t\t\t\t\t<\/div>\n\t\t\t\t<\/div>\n\t\t\t\t<div class=\"elementor-element elementor-element-667aca5 elementor-widget elementor-widget-spacer\" data-id=\"667aca5\" data-element_type=\"widget\" data-e-type=\"widget\" data-widget_type=\"spacer.default\">\n\t\t\t\t<div class=\"elementor-widget-container\">\n\t\t\t\t\t\t\t<div class=\"elementor-spacer\">\n\t\t\t<div class=\"elementor-spacer-inner\"><\/div>\n\t\t<\/div>\n\t\t\t\t\t\t<\/div>\n\t\t\t\t<\/div>\n\t\t\t\t\t<\/div>\n\t\t<\/div>\n\t\t\t\t\t<\/div>\n\t\t<\/section>\n\t\t\t\t<\/div>","protected":false},"excerpt":{"rendered":"<p>Wymiana \u017car\u00f3wek w Samochodzie Warszawa W Auto Serwis Bartek rozumiemy znaczenie dobrze utrzymanego systemu o\u015bwietlenia dla bezpiecznej jazdy po ulicach Warszawy. Nasz zesp\u00f3\u0142 ekspert\u00f3w specjalizuje si\u0119 w dostarczaniu najwy\u017cszej jako\u015bci us\u0142ug wymiany \u017car\u00f3wek samochodowych, zapewniaj\u0105c, \u017ce \u015bwiat\u0142a Twojego pojazdu b\u0119d\u0105 \u015bwieci\u0107 jasno i niezawodnie. Nasze Us\u0142ugi Kompletna wymiana \u017car\u00f3wek: Od reflektor\u00f3w po \u015bwiat\u0142a tylne, \u015bwiat\u0142a [&hellip;]<\/p>\n","protected":false},"author":1,"featured_media":0,"parent":0,"menu_order":0,"comment_status":"closed","ping_status":"closed","template":"","meta":{"_eb_attr":"","footnotes":""},"class_list":["post-1199","page","type-page","status-publish","hentry"],"_links":{"self":[{"href":"https:\/\/autoserwisbartek.pl\/ro\/wp-json\/wp\/v2\/pages\/1199","targetHints":{"allow":["GET"]}}],"collection":[{"href":"https:\/\/autoserwisbartek.pl\/ro\/wp-json\/wp\/v2\/pages"}],"about":[{"href":"https:\/\/autoserwisbartek.pl\/ro\/wp-json\/wp\/v2\/types\/page"}],"author":[{"embeddable":true,"href":"https:\/\/autoserwisbartek.pl\/ro\/wp-json\/wp\/v2\/users\/1"}],"replies":[{"embeddable":true,"href":"https:\/\/autoserwisbartek.pl\/ro\/wp-json\/wp\/v2\/comments?post=1199"}],"version-history":[{"count":6,"href":"https:\/\/autoserwisbartek.pl\/ro\/wp-json\/wp\/v2\/pages\/1199\/revisions"}],"predecessor-version":[{"id":14398,"href":"https:\/\/autoserwisbartek.pl\/ro\/wp-json\/wp\/v2\/pages\/1199\/revisions\/14398"}],"wp:attachment":[{"href":"https:\/\/autoserwisbartek.pl\/ro\/wp-json\/wp\/v2\/media?parent=1199"}],"curies":[{"name":"wp","href":"https:\/\/api.w.org\/{rel}","templated":true}]}}