{"id":14404,"date":"2024-03-19T16:15:41","date_gmt":"2024-03-19T15:15:41","guid":{"rendered":"http:\/\/autoserwisbartek.pl\/?page_id=14404"},"modified":"2024-03-19T16:25:42","modified_gmt":"2024-03-19T15:25:42","slug":"serwis-klimatyzacji-mokotow","status":"publish","type":"page","link":"https:\/\/autoserwisbartek.pl\/en\/serwis-klimatyzacji-mokotow\/","title":{"rendered":"Serwis Klimatyzacji Mokot\u00f3w"},"content":{"rendered":"<div data-elementor-type=\"wp-page\" data-elementor-id=\"14404\" class=\"elementor elementor-14404\" data-elementor-post-type=\"page\">\n\t\t\t\t\t\t<section class=\"elementor-section elementor-top-section elementor-element elementor-element-d0436cb elementor-section-full_width elementor-section-stretched elementor-section-height-default elementor-section-height-default\" data-id=\"d0436cb\" data-element_type=\"section\" data-e-type=\"section\" data-settings=\"{&quot;stretch_section&quot;:&quot;section-stretched&quot;,&quot;background_background&quot;:&quot;classic&quot;}\">\n\t\t\t\t\t\t<div class=\"elementor-container elementor-column-gap-no\">\n\t\t\t\t\t<div class=\"elementor-column elementor-col-100 elementor-top-column elementor-element elementor-element-d72e59d\" data-id=\"d72e59d\" data-element_type=\"column\" data-e-type=\"column\">\n\t\t\t<div class=\"elementor-widget-wrap elementor-element-populated\">\n\t\t\t\t\t\t<section class=\"elementor-section elementor-inner-section elementor-element elementor-element-165aa82 elementor-section-boxed elementor-section-height-default elementor-section-height-default\" data-id=\"165aa82\" data-element_type=\"section\" data-e-type=\"section\">\n\t\t\t\t\t\t<div class=\"elementor-container elementor-column-gap-default\">\n\t\t\t\t\t<div class=\"elementor-column elementor-col-100 elementor-inner-column elementor-element elementor-element-e914083\" data-id=\"e914083\" data-element_type=\"column\" data-e-type=\"column\">\n\t\t\t<div class=\"elementor-widget-wrap elementor-element-populated\">\n\t\t\t\t\t\t<div class=\"elementor-element elementor-element-ffcf01e elementor-widget elementor-widget-spacer\" data-id=\"ffcf01e\" data-element_type=\"widget\" data-e-type=\"widget\" data-widget_type=\"spacer.default\">\n\t\t\t\t<div class=\"elementor-widget-container\">\n\t\t\t\t\t\t\t<div class=\"elementor-spacer\">\n\t\t\t<div class=\"elementor-spacer-inner\"><\/div>\n\t\t<\/div>\n\t\t\t\t\t\t<\/div>\n\t\t\t\t<\/div>\n\t\t\t\t<div class=\"elementor-element elementor-element-2d7fdb4 elementor-widget elementor-widget-heading\" data-id=\"2d7fdb4\" data-element_type=\"widget\" data-e-type=\"widget\" data-widget_type=\"heading.default\">\n\t\t\t\t<div class=\"elementor-widget-container\">\n\t\t\t\t\t<h1 class=\"elementor-heading-title elementor-size-default\">Serwis klimatyzacji Mokot\u00f3w Warszawa Autoserwisbartek\n<\/h1>\t\t\t\t<\/div>\n\t\t\t\t<\/div>\n\t\t\t\t\t<\/div>\n\t\t<\/div>\n\t\t\t\t\t<\/div>\n\t\t<\/section>\n\t\t\t\t<div class=\"elementor-element elementor-element-94ac0cb elementor-widget elementor-widget-spacer\" data-id=\"94ac0cb\" data-element_type=\"widget\" data-e-type=\"widget\" data-widget_type=\"spacer.default\">\n\t\t\t\t<div class=\"elementor-widget-container\">\n\t\t\t\t\t\t\t<div class=\"elementor-spacer\">\n\t\t\t<div class=\"elementor-spacer-inner\"><\/div>\n\t\t<\/div>\n\t\t\t\t\t\t<\/div>\n\t\t\t\t<\/div>\n\t\t\t\t\t<\/div>\n\t\t<\/div>\n\t\t\t\t\t<\/div>\n\t\t<\/section>\n\t\t\t\t<section class=\"elementor-section elementor-top-section elementor-element elementor-element-612efc8 elementor-section-boxed elementor-section-height-default elementor-section-height-default\" data-id=\"612efc8\" data-element_type=\"section\" data-e-type=\"section\">\n\t\t\t\t\t\t<div class=\"elementor-container elementor-column-gap-default\">\n\t\t\t\t\t<div class=\"elementor-column elementor-col-50 elementor-top-column elementor-element elementor-element-0da7615\" data-id=\"0da7615\" data-element_type=\"column\" data-e-type=\"column\">\n\t\t\t<div class=\"elementor-widget-wrap elementor-element-populated\">\n\t\t\t\t\t\t<div class=\"elementor-element elementor-element-7a5adb3 elementor-widget elementor-widget-heading\" data-id=\"7a5adb3\" data-element_type=\"widget\" data-e-type=\"widget\" data-widget_type=\"heading.default\">\n\t\t\t\t<div class=\"elementor-widget-container\">\n\t\t\t\t\t<h2 class=\"elementor-heading-title elementor-size-default\">Serwis Klimatyzacji Mokot\u00f3w w Autoserwisbartek <\/h2>\t\t\t\t<\/div>\n\t\t\t\t<\/div>\n\t\t\t\t<div class=\"elementor-element elementor-element-85d4b8a elementor-widget elementor-widget-text-editor\" data-id=\"85d4b8a\" data-element_type=\"widget\" data-e-type=\"widget\" data-widget_type=\"text-editor.default\">\n\t\t\t\t<div class=\"elementor-widget-container\">\n\t\t\t\t\t\t\t\t\t<p><span style=\"font-weight: 400;\">W Autoserwisbartek w Mokotowie oferujemy kompleksowy serwis klimatyzacji dla Twojego samochodu. Nasz wyspecjalizowany zesp\u00f3\u0142 mechanik\u00f3w i technik\u00f3w posiada bogate do\u015bwiadczenie oraz najnowsze narz\u0119dzia, aby zagwarantowa\u0107, \u017ce klimatyzacja w Twoim poje\u017adzie b\u0119dzie dzia\u0142a\u0107 efektywnie i bezawaryjnie.<\/span><\/p>\t\t\t\t\t\t\t\t<\/div>\n\t\t\t\t<\/div>\n\t\t\t\t\t<\/div>\n\t\t<\/div>\n\t\t\t\t<div class=\"elementor-column elementor-col-50 elementor-top-column elementor-element elementor-element-5034d31\" data-id=\"5034d31\" data-element_type=\"column\" data-e-type=\"column\">\n\t\t\t<div class=\"elementor-widget-wrap elementor-element-populated\">\n\t\t\t\t\t\t<section class=\"elementor-section elementor-inner-section elementor-element elementor-element-cf769f9 elementor-section-boxed elementor-section-height-default elementor-section-height-default\" data-id=\"cf769f9\" data-element_type=\"section\" data-e-type=\"section\">\n\t\t\t\t\t\t<div class=\"elementor-container elementor-column-gap-default\">\n\t\t\t\t\t<div class=\"elementor-column elementor-col-50 elementor-inner-column elementor-element elementor-element-d9fc643\" data-id=\"d9fc643\" data-element_type=\"column\" data-e-type=\"column\">\n\t\t\t<div class=\"elementor-widget-wrap elementor-element-populated\">\n\t\t\t\t\t\t<div class=\"elementor-element elementor-element-0faa53b elementor-widget elementor-widget-image\" data-id=\"0faa53b\" data-element_type=\"widget\" data-e-type=\"widget\" data-widget_type=\"image.default\">\n\t\t\t\t<div class=\"elementor-widget-container\">\n\t\t\t\t\t\t\t\t\t\t\t\t\t\t\t<img fetchpriority=\"high\" decoding=\"async\" width=\"800\" height=\"800\" src=\"https:\/\/autoserwisbartek.pl\/wp-content\/uploads\/2022\/08\/Untitled-design-2022-08-21T001121.123-1024x1024.png\" class=\"attachment-large size-large wp-image-765\" alt=\"techoil\" srcset=\"https:\/\/autoserwisbartek.pl\/wp-content\/uploads\/2022\/08\/Untitled-design-2022-08-21T001121.123-1024x1024.png 1024w, https:\/\/autoserwisbartek.pl\/wp-content\/uploads\/2022\/08\/Untitled-design-2022-08-21T001121.123-300x300.png 300w, https:\/\/autoserwisbartek.pl\/wp-content\/uploads\/2022\/08\/Untitled-design-2022-08-21T001121.123-150x150.png 150w, https:\/\/autoserwisbartek.pl\/wp-content\/uploads\/2022\/08\/Untitled-design-2022-08-21T001121.123-768x768.png 768w, https:\/\/autoserwisbartek.pl\/wp-content\/uploads\/2022\/08\/Untitled-design-2022-08-21T001121.123.png 1080w\" sizes=\"(max-width: 800px) 100vw, 800px\" \/>\t\t\t\t\t\t\t\t\t\t\t\t\t\t\t<\/div>\n\t\t\t\t<\/div>\n\t\t\t\t\t<\/div>\n\t\t<\/div>\n\t\t\t\t<div class=\"elementor-column elementor-col-50 elementor-inner-column elementor-element elementor-element-66400cb\" data-id=\"66400cb\" data-element_type=\"column\" data-e-type=\"column\">\n\t\t\t<div class=\"elementor-widget-wrap elementor-element-populated\">\n\t\t\t\t\t\t<div class=\"elementor-element elementor-element-75c3f03 elementor-widget elementor-widget-image\" data-id=\"75c3f03\" data-element_type=\"widget\" data-e-type=\"widget\" data-widget_type=\"image.default\">\n\t\t\t\t<div class=\"elementor-widget-container\">\n\t\t\t\t\t\t\t\t\t\t\t\t\t\t\t<img decoding=\"async\" width=\"800\" height=\"800\" src=\"https:\/\/autoserwisbartek.pl\/wp-content\/uploads\/2023\/12\/20_11zon-1024x1024.jpg\" class=\"attachment-large size-large wp-image-14235\" alt=\"Vehicle Mechanics\" srcset=\"https:\/\/autoserwisbartek.pl\/wp-content\/uploads\/2023\/12\/20_11zon-1024x1024.jpg 1024w, https:\/\/autoserwisbartek.pl\/wp-content\/uploads\/2023\/12\/20_11zon-300x300.jpg 300w, https:\/\/autoserwisbartek.pl\/wp-content\/uploads\/2023\/12\/20_11zon-150x150.jpg 150w, https:\/\/autoserwisbartek.pl\/wp-content\/uploads\/2023\/12\/20_11zon-768x768.jpg 768w, https:\/\/autoserwisbartek.pl\/wp-content\/uploads\/2023\/12\/20_11zon.jpg 1080w\" sizes=\"(max-width: 800px) 100vw, 800px\" \/>\t\t\t\t\t\t\t\t\t\t\t\t\t\t\t<\/div>\n\t\t\t\t<\/div>\n\t\t\t\t\t<\/div>\n\t\t<\/div>\n\t\t\t\t\t<\/div>\n\t\t<\/section>\n\t\t\t\t\t<\/div>\n\t\t<\/div>\n\t\t\t\t\t<\/div>\n\t\t<\/section>\n\t\t\t\t<section class=\"elementor-section elementor-top-section elementor-element elementor-element-1f16ae8 elementor-section-boxed elementor-section-height-default elementor-section-height-default\" data-id=\"1f16ae8\" data-element_type=\"section\" data-e-type=\"section\">\n\t\t\t\t\t\t<div class=\"elementor-container elementor-column-gap-default\">\n\t\t\t\t\t<div class=\"elementor-column elementor-col-50 elementor-top-column elementor-element elementor-element-6a05f36\" data-id=\"6a05f36\" data-element_type=\"column\" data-e-type=\"column\">\n\t\t\t<div class=\"elementor-widget-wrap elementor-element-populated\">\n\t\t\t\t\t\t<div class=\"elementor-element elementor-element-fb34932 elementor-widget elementor-widget-image\" data-id=\"fb34932\" data-element_type=\"widget\" data-e-type=\"widget\" data-widget_type=\"image.default\">\n\t\t\t\t<div class=\"elementor-widget-container\">\n\t\t\t\t\t\t\t\t\t\t\t\t\t\t\t<img decoding=\"async\" width=\"800\" height=\"800\" src=\"https:\/\/autoserwisbartek.pl\/wp-content\/uploads\/2022\/08\/computer-diagnostics-8-1024x1024.png\" class=\"attachment-large size-large wp-image-609\" alt=\"\" srcset=\"https:\/\/autoserwisbartek.pl\/wp-content\/uploads\/2022\/08\/computer-diagnostics-8-1024x1024.png 1024w, https:\/\/autoserwisbartek.pl\/wp-content\/uploads\/2022\/08\/computer-diagnostics-8-300x300.png 300w, https:\/\/autoserwisbartek.pl\/wp-content\/uploads\/2022\/08\/computer-diagnostics-8-150x150.png 150w, https:\/\/autoserwisbartek.pl\/wp-content\/uploads\/2022\/08\/computer-diagnostics-8-768x768.png 768w, https:\/\/autoserwisbartek.pl\/wp-content\/uploads\/2022\/08\/computer-diagnostics-8.png 1080w\" sizes=\"(max-width: 800px) 100vw, 800px\" \/>\t\t\t\t\t\t\t\t\t\t\t\t\t\t\t<\/div>\n\t\t\t\t<\/div>\n\t\t\t\t\t<\/div>\n\t\t<\/div>\n\t\t\t\t<div class=\"elementor-column elementor-col-50 elementor-top-column elementor-element elementor-element-4b51f13\" data-id=\"4b51f13\" data-element_type=\"column\" data-e-type=\"column\">\n\t\t\t<div class=\"elementor-widget-wrap elementor-element-populated\">\n\t\t\t\t\t\t<div class=\"elementor-element elementor-element-be7d3dd elementor-widget elementor-widget-spacer\" data-id=\"be7d3dd\" data-element_type=\"widget\" data-e-type=\"widget\" data-widget_type=\"spacer.default\">\n\t\t\t\t<div class=\"elementor-widget-container\">\n\t\t\t\t\t\t\t<div class=\"elementor-spacer\">\n\t\t\t<div class=\"elementor-spacer-inner\"><\/div>\n\t\t<\/div>\n\t\t\t\t\t\t<\/div>\n\t\t\t\t<\/div>\n\t\t\t\t<div class=\"elementor-element elementor-element-017712b elementor-widget elementor-widget-heading\" data-id=\"017712b\" data-element_type=\"widget\" data-e-type=\"widget\" data-widget_type=\"heading.default\">\n\t\t\t\t<div class=\"elementor-widget-container\">\n\t\t\t\t\t<h2 class=\"elementor-heading-title elementor-size-default\">Why Choose Our Service?<\/h2>\t\t\t\t<\/div>\n\t\t\t\t<\/div>\n\t\t\t\t<div class=\"elementor-element elementor-element-3b3c937 elementor-widget elementor-widget-text-editor\" data-id=\"3b3c937\" data-element_type=\"widget\" data-e-type=\"widget\" data-widget_type=\"text-editor.default\">\n\t\t\t\t<div class=\"elementor-widget-container\">\n\t\t\t\t\t\t\t\t\t<p><span style=\"font-weight: 400;\"><strong>\u00a0Experienced Team<\/strong>:<\/span><\/p><p><span style=\"font-weight: 400;\"> Nasz zesp\u00f3\u0142 sk\u0142ada si\u0119 z wykwalifikowanych mechanik\u00f3w, kt\u00f3rzy posiadaj\u0105 wiedz\u0119 i umiej\u0119tno\u015bci potrzebne do profesjonalnej obs\u0142ugi system\u00f3w klimatyzacji.<\/span><\/p><p>\u00a0<\/p><p><span style=\"font-weight: 400;\"><strong>\u00a0Quality of Service<\/strong>: <\/span><\/p><p><span style=\"font-weight: 400;\">Stawiamy na jako\u015b\u0107 w ka\u017cdym detalu naszej pracy, korzystaj\u0105c tylko z najlepszych materia\u0142\u00f3w i cz\u0119\u015bci zamiennych.<\/span><\/p><p>\u00a0<\/p><p><span style=\"font-weight: 400;\"><strong>An Individualized Approach<\/strong>:<\/span><\/p><p><span style=\"font-weight: 400;\"> Zale\u017cy nam na zadowoleniu ka\u017cdego klienta, dlatego dostosowujemy nasze us\u0142ugi do indywidualnych potrzeb i oczekiwa\u0144.<\/span><\/p>\t\t\t\t\t\t\t\t<\/div>\n\t\t\t\t<\/div>\n\t\t\t\t\t<\/div>\n\t\t<\/div>\n\t\t\t\t\t<\/div>\n\t\t<\/section>\n\t\t\t\t<section class=\"elementor-section elementor-top-section elementor-element elementor-element-1262fbe elementor-section-boxed elementor-section-height-default elementor-section-height-default\" data-id=\"1262fbe\" data-element_type=\"section\" data-e-type=\"section\">\n\t\t\t\t\t\t<div class=\"elementor-container elementor-column-gap-default\">\n\t\t\t\t\t<div class=\"elementor-column elementor-col-50 elementor-top-column elementor-element elementor-element-385cdd3\" data-id=\"385cdd3\" data-element_type=\"column\" data-e-type=\"column\">\n\t\t\t<div class=\"elementor-widget-wrap elementor-element-populated\">\n\t\t\t\t\t\t<div class=\"elementor-element elementor-element-b536b27 elementor-widget elementor-widget-heading\" data-id=\"b536b27\" data-element_type=\"widget\" data-e-type=\"widget\" data-widget_type=\"heading.default\">\n\t\t\t\t<div class=\"elementor-widget-container\">\n\t\t\t\t\t<h2 class=\"elementor-heading-title elementor-size-default\">Contact us today for expert car air conditioning service in Warsaw.<\/h2>\t\t\t\t<\/div>\n\t\t\t\t<\/div>\n\t\t\t\t<div class=\"elementor-element elementor-element-319d464 elementor-widget elementor-widget-text-editor\" data-id=\"319d464\" data-element_type=\"widget\" data-e-type=\"widget\" data-widget_type=\"text-editor.default\">\n\t\t\t\t<div class=\"elementor-widget-container\">\n\t\t\t\t\t\t\t\t\t<p><span style=\"font-weight: 400;\">Zapraszamy do skorzystania z naszych us\u0142ug serwisu klimatyzacji w Mokotowie. Zaufaj naszemu do\u015bwiadczeniu i profesjonalizmowi, a zagwarantujemy Ci komfortow\u0105 podr\u00f3\u017c nawet w najgor\u0119tsze dni.<\/span><\/p><p>\u00a0<\/p><p><span style=\"font-weight: 400;\">Contact us today to schedule an appointment or for more information about our air conditioning service.<\/span><\/p>\t\t\t\t\t\t\t\t<\/div>\n\t\t\t\t<\/div>\n\t\t\t\t\t<\/div>\n\t\t<\/div>\n\t\t\t\t<div class=\"elementor-column elementor-col-50 elementor-top-column elementor-element elementor-element-77d9d80\" data-id=\"77d9d80\" data-element_type=\"column\" data-e-type=\"column\">\n\t\t\t<div class=\"elementor-widget-wrap elementor-element-populated\">\n\t\t\t\t\t\t<section class=\"elementor-section elementor-inner-section elementor-element elementor-element-08ad457 elementor-section-boxed elementor-section-height-default elementor-section-height-default\" data-id=\"08ad457\" data-element_type=\"section\" data-e-type=\"section\">\n\t\t\t\t\t\t<div class=\"elementor-container elementor-column-gap-default\">\n\t\t\t\t\t<div class=\"elementor-column elementor-col-50 elementor-inner-column elementor-element elementor-element-7a59589\" data-id=\"7a59589\" data-element_type=\"column\" data-e-type=\"column\">\n\t\t\t<div class=\"elementor-widget-wrap elementor-element-populated\">\n\t\t\t\t\t\t<div class=\"elementor-element elementor-element-e7b3992 elementor-widget elementor-widget-image\" data-id=\"e7b3992\" data-element_type=\"widget\" data-e-type=\"widget\" data-widget_type=\"image.default\">\n\t\t\t\t<div class=\"elementor-widget-container\">\n\t\t\t\t\t\t\t\t\t\t\t\t\t\t\t<img loading=\"lazy\" decoding=\"async\" width=\"800\" height=\"800\" src=\"https:\/\/autoserwisbartek.pl\/wp-content\/uploads\/2023\/12\/08_11zon-1024x1024.jpg\" class=\"attachment-large size-large wp-image-14261\" alt=\"\" srcset=\"https:\/\/autoserwisbartek.pl\/wp-content\/uploads\/2023\/12\/08_11zon-1024x1024.jpg 1024w, https:\/\/autoserwisbartek.pl\/wp-content\/uploads\/2023\/12\/08_11zon-300x300.jpg 300w, https:\/\/autoserwisbartek.pl\/wp-content\/uploads\/2023\/12\/08_11zon-150x150.jpg 150w, https:\/\/autoserwisbartek.pl\/wp-content\/uploads\/2023\/12\/08_11zon-768x768.jpg 768w, https:\/\/autoserwisbartek.pl\/wp-content\/uploads\/2023\/12\/08_11zon.jpg 1080w\" sizes=\"(max-width: 800px) 100vw, 800px\" \/>\t\t\t\t\t\t\t\t\t\t\t\t\t\t\t<\/div>\n\t\t\t\t<\/div>\n\t\t\t\t\t<\/div>\n\t\t<\/div>\n\t\t\t\t<div class=\"elementor-column elementor-col-50 elementor-inner-column elementor-element elementor-element-35c4135\" data-id=\"35c4135\" data-element_type=\"column\" data-e-type=\"column\">\n\t\t\t<div class=\"elementor-widget-wrap elementor-element-populated\">\n\t\t\t\t\t\t<div class=\"elementor-element elementor-element-409a439 elementor-widget elementor-widget-image\" data-id=\"409a439\" data-element_type=\"widget\" data-e-type=\"widget\" data-widget_type=\"image.default\">\n\t\t\t\t<div class=\"elementor-widget-container\">\n\t\t\t\t\t\t\t\t\t\t\t\t\t\t\t<img loading=\"lazy\" decoding=\"async\" width=\"300\" height=\"300\" src=\"https:\/\/autoserwisbartek.pl\/wp-content\/uploads\/2022\/08\/Untitled-design-2022-08-27T013214.399-300x300.png\" class=\"attachment-medium size-medium wp-image-901\" alt=\"Repairing Tirows\" srcset=\"https:\/\/autoserwisbartek.pl\/wp-content\/uploads\/2022\/08\/Untitled-design-2022-08-27T013214.399-300x300.png 300w, https:\/\/autoserwisbartek.pl\/wp-content\/uploads\/2022\/08\/Untitled-design-2022-08-27T013214.399-1024x1024.png 1024w, https:\/\/autoserwisbartek.pl\/wp-content\/uploads\/2022\/08\/Untitled-design-2022-08-27T013214.399-150x150.png 150w, https:\/\/autoserwisbartek.pl\/wp-content\/uploads\/2022\/08\/Untitled-design-2022-08-27T013214.399-768x768.png 768w, https:\/\/autoserwisbartek.pl\/wp-content\/uploads\/2022\/08\/elementor\/thumbs\/Untitled-design-2022-08-27T013214.399-qerjiywcir1k0jeqojdf85zwapqlwtllg5lri4n5oo.png 500w, https:\/\/autoserwisbartek.pl\/wp-content\/uploads\/2022\/08\/Untitled-design-2022-08-27T013214.399.png 1080w\" sizes=\"(max-width: 300px) 100vw, 300px\" \/>\t\t\t\t\t\t\t\t\t\t\t\t\t\t\t<\/div>\n\t\t\t\t<\/div>\n\t\t\t\t\t<\/div>\n\t\t<\/div>\n\t\t\t\t\t<\/div>\n\t\t<\/section>\n\t\t\t\t\t<\/div>\n\t\t<\/div>\n\t\t\t\t\t<\/div>\n\t\t<\/section>\n\t\t\t\t<\/div>","protected":false},"excerpt":{"rendered":"<p>Serwis klimatyzacji Mokot\u00f3w Warszawa Autoserwisbartek Serwis Klimatyzacji Mokot\u00f3w w Autoserwisbartek W Autoserwisbartek w Mokotowie oferujemy kompleksowy serwis klimatyzacji dla Twojego samochodu. Nasz wyspecjalizowany zesp\u00f3\u0142 mechanik\u00f3w i technik\u00f3w posiada bogate do\u015bwiadczenie oraz najnowsze narz\u0119dzia, aby zagwarantowa\u0107, \u017ce klimatyzacja w Twoim poje\u017adzie b\u0119dzie dzia\u0142a\u0107 efektywnie i bezawaryjnie. Dlaczego Wybra\u0107 Nasz Serwis? \u00a0Do\u015bwiadczony Zesp\u00f3\u0142: Nasz zesp\u00f3\u0142 sk\u0142ada si\u0119 [&hellip;]<\/p>\n","protected":false},"author":1,"featured_media":607,"parent":0,"menu_order":0,"comment_status":"closed","ping_status":"closed","template":"","meta":{"_eb_attr":"","footnotes":""},"class_list":["post-14404","page","type-page","status-publish","has-post-thumbnail","hentry"],"_links":{"self":[{"href":"https:\/\/autoserwisbartek.pl\/en\/wp-json\/wp\/v2\/pages\/14404","targetHints":{"allow":["GET"]}}],"collection":[{"href":"https:\/\/autoserwisbartek.pl\/en\/wp-json\/wp\/v2\/pages"}],"about":[{"href":"https:\/\/autoserwisbartek.pl\/en\/wp-json\/wp\/v2\/types\/page"}],"author":[{"embeddable":true,"href":"https:\/\/autoserwisbartek.pl\/en\/wp-json\/wp\/v2\/users\/1"}],"replies":[{"embeddable":true,"href":"https:\/\/autoserwisbartek.pl\/en\/wp-json\/wp\/v2\/comments?post=14404"}],"version-history":[{"count":4,"href":"https:\/\/autoserwisbartek.pl\/en\/wp-json\/wp\/v2\/pages\/14404\/revisions"}],"predecessor-version":[{"id":14410,"href":"https:\/\/autoserwisbartek.pl\/en\/wp-json\/wp\/v2\/pages\/14404\/revisions\/14410"}],"wp:featuredmedia":[{"embeddable":true,"href":"https:\/\/autoserwisbartek.pl\/en\/wp-json\/wp\/v2\/media\/607"}],"wp:attachment":[{"href":"https:\/\/autoserwisbartek.pl\/en\/wp-json\/wp\/v2\/media?parent=14404"}],"curies":[{"name":"wp","href":"https:\/\/api.w.org\/{rel}","templated":true}]}}