{"id":1199,"date":"2023-01-02T12:49:43","date_gmt":"2023-01-02T11:49:43","guid":{"rendered":"http:\/\/autoserwisbartek.pl\/?page_id=1199"},"modified":"2024-03-04T13:54:12","modified_gmt":"2024-03-04T12:54:12","slug":"replacing-the-cars-spark-plugs","status":"publish","type":"page","link":"https:\/\/autoserwisbartek.pl\/en\/replacing-the-cars-spark-plugs\/","title":{"rendered":"Replacing light bulbs in your car"},"content":{"rendered":"<div data-elementor-type=\"wp-page\" data-elementor-id=\"1199\" class=\"elementor elementor-1199\" data-elementor-post-type=\"page\">\n\t\t\t\t\t\t<section class=\"elementor-section elementor-top-section elementor-element elementor-element-79df528 elementor-section-boxed elementor-section-height-default elementor-section-height-default\" data-id=\"79df528\" data-element_type=\"section\" data-e-type=\"section\">\n\t\t\t\t\t\t<div class=\"elementor-container elementor-column-gap-default\">\n\t\t\t\t\t<div class=\"elementor-column elementor-col-100 elementor-top-column elementor-element elementor-element-5922a41\" data-id=\"5922a41\" data-element_type=\"column\" data-e-type=\"column\">\n\t\t\t<div class=\"elementor-widget-wrap elementor-element-populated\">\n\t\t\t\t\t\t<div class=\"elementor-element elementor-element-0176764 elementor-widget elementor-widget-heading\" data-id=\"0176764\" data-element_type=\"widget\" data-e-type=\"widget\" data-widget_type=\"heading.default\">\n\t\t\t\t<div class=\"elementor-widget-container\">\n\t\t\t\t\t<h1 class=\"elementor-heading-title elementor-size-default\">Replacement of light bulbs in a Car Warsaw\n<\/h1>\t\t\t\t<\/div>\n\t\t\t\t<\/div>\n\t\t\t\t<div class=\"elementor-element elementor-element-d247acd elementor-widget elementor-widget-text-editor\" data-id=\"d247acd\" data-element_type=\"widget\" data-e-type=\"widget\" data-widget_type=\"text-editor.default\">\n\t\t\t\t<div class=\"elementor-widget-container\">\n\t\t\t\t\t\t\t\t\t<p>At Auto Service Bartek, we understand the importance of a well-maintained lighting system for safe driving on the streets of Warsaw. Our team of experts specializes in providing the highest quality automotive bulb replacement services, ensuring that your vehicle's lights shine brightly and reliably.<\/p>\t\t\t\t\t\t\t\t<\/div>\n\t\t\t\t<\/div>\n\t\t\t\t\t<\/div>\n\t\t<\/div>\n\t\t\t\t\t<\/div>\n\t\t<\/section>\n\t\t\t\t<section class=\"elementor-section elementor-top-section elementor-element elementor-element-cc1cd73 elementor-section-boxed elementor-section-height-default elementor-section-height-default\" data-id=\"cc1cd73\" data-element_type=\"section\" data-e-type=\"section\">\n\t\t\t\t\t\t<div class=\"elementor-container elementor-column-gap-default\">\n\t\t\t\t\t<div class=\"elementor-column elementor-col-50 elementor-top-column elementor-element elementor-element-cbca996\" data-id=\"cbca996\" data-element_type=\"column\" data-e-type=\"column\">\n\t\t\t<div class=\"elementor-widget-wrap elementor-element-populated\">\n\t\t\t\t\t\t<div class=\"elementor-element elementor-element-5705e33 elementor-widget elementor-widget-heading\" data-id=\"5705e33\" data-element_type=\"widget\" data-e-type=\"widget\" data-widget_type=\"heading.default\">\n\t\t\t\t<div class=\"elementor-widget-container\">\n\t\t\t\t\t<h2 class=\"elementor-heading-title elementor-size-default\">Our Services<\/h2>\t\t\t\t<\/div>\n\t\t\t\t<\/div>\n\t\t\t\t<div class=\"elementor-element elementor-element-2d10b94 elementor-widget elementor-widget-text-editor\" data-id=\"2d10b94\" data-element_type=\"widget\" data-e-type=\"widget\" data-widget_type=\"text-editor.default\">\n\t\t\t\t<div class=\"elementor-widget-container\">\n\t\t\t\t\t\t\t\t\t<p><strong>Complete bulb replacement:<\/strong> <br \/>From headlights to taillights, stop lights and turn signals, Bartek's Auto Service offers comprehensive replacement services for all types of bulbs.<\/p><p><strong>Premium replacement bulbs:<\/strong> <br \/>We use high quality replacement bulbs that meet or exceed the specifications listed in your vehicle's owner's manual. Our commitment to quality ensures longevity and optimal performance.<\/p><p><strong>Qualified technicians:<\/strong> <br \/>Our experienced technicians at Bartek's Auto Service have the knowledge and experience needed to effectively service a variety of makes and models. They can accurately identify and replace bulbs that need attention.<\/p><p><strong>Efficient and convenient:<\/strong> <br \/>With the value of your time in mind, our services are designed to be fast and convenient, minimizing downtime and allowing you to get back to work quickly.<\/p><p><strong>Safety at the forefront:<\/strong> <br \/>Your safety is our top priority. Our technicians at Bartek's Auto Service wear gloves and, if necessary, safety glasses to ensure a safe replacement process for both themselves and your vehicle.<\/p><p><strong>Competitive prices:<\/strong> <br \/>Auto Service Bartek offers competitive prices for its services, aiming to provide quality solutions without compromising affordability.<\/p>\t\t\t\t\t\t\t\t<\/div>\n\t\t\t\t<\/div>\n\t\t\t\t<div class=\"elementor-element elementor-element-9ea2d13 elementor-widget elementor-widget-spacer\" data-id=\"9ea2d13\" data-element_type=\"widget\" data-e-type=\"widget\" data-widget_type=\"spacer.default\">\n\t\t\t\t<div class=\"elementor-widget-container\">\n\t\t\t\t\t\t\t<div class=\"elementor-spacer\">\n\t\t\t<div class=\"elementor-spacer-inner\"><\/div>\n\t\t<\/div>\n\t\t\t\t\t\t<\/div>\n\t\t\t\t<\/div>\n\t\t\t\t\t<\/div>\n\t\t<\/div>\n\t\t\t\t<div class=\"elementor-column elementor-col-50 elementor-top-column elementor-element elementor-element-b83bd60\" data-id=\"b83bd60\" data-element_type=\"column\" data-e-type=\"column\">\n\t\t\t<div class=\"elementor-widget-wrap elementor-element-populated\">\n\t\t\t\t\t\t<div class=\"elementor-element elementor-element-a128a40 elementor-widget elementor-widget-image\" data-id=\"a128a40\" data-element_type=\"widget\" data-e-type=\"widget\" data-widget_type=\"image.default\">\n\t\t\t\t<div class=\"elementor-widget-container\">\n\t\t\t\t\t\t\t\t\t\t\t\t\t\t\t<img decoding=\"async\" src=\"https:\/\/autoserwisbartek.pl\/wp-content\/uploads\/elementor\/thumbs\/7xm.xyz156203-qhknwe7ikua798bkbsp6jjrya8ilxz992shcxf750w.jpg\" title=\"7xm.xyz156203\" alt=\"7xm.xyz156203\" loading=\"lazy\" \/>\t\t\t\t\t\t\t\t\t\t\t\t\t\t\t<\/div>\n\t\t\t\t<\/div>\n\t\t\t\t<div class=\"elementor-element elementor-element-22d752a elementor-align-center elementor-widget elementor-widget-button\" data-id=\"22d752a\" data-element_type=\"widget\" data-e-type=\"widget\" data-widget_type=\"button.default\">\n\t\t\t\t<div class=\"elementor-widget-container\">\n\t\t\t\t\t\t\t\t\t<div class=\"elementor-button-wrapper\">\n\t\t\t\t\t<a class=\"elementor-button elementor-button-link elementor-size-sm\" href=\"tel:+48%20730994410\">\n\t\t\t\t\t\t<span class=\"elementor-button-content-wrapper\">\n\t\t\t\t\t\t\t\t\t<span class=\"elementor-button-text\">Tel:+48 730994410<\/span>\n\t\t\t\t\t<\/span>\n\t\t\t\t\t<\/a>\n\t\t\t\t<\/div>\n\t\t\t\t\t\t\t\t<\/div>\n\t\t\t\t<\/div>\n\t\t\t\t\t<\/div>\n\t\t<\/div>\n\t\t\t\t\t<\/div>\n\t\t<\/section>\n\t\t\t\t<section class=\"elementor-section elementor-top-section elementor-element elementor-element-8b0f28b elementor-section-boxed elementor-section-height-default elementor-section-height-default\" data-id=\"8b0f28b\" data-element_type=\"section\" data-e-type=\"section\">\n\t\t\t\t\t\t<div class=\"elementor-container elementor-column-gap-default\">\n\t\t\t\t\t<div class=\"elementor-column elementor-col-50 elementor-top-column elementor-element elementor-element-de7304b\" data-id=\"de7304b\" data-element_type=\"column\" data-e-type=\"column\">\n\t\t\t<div class=\"elementor-widget-wrap elementor-element-populated\">\n\t\t\t\t\t\t<div class=\"elementor-element elementor-element-9464385 elementor-widget elementor-widget-image\" data-id=\"9464385\" data-element_type=\"widget\" data-e-type=\"widget\" data-widget_type=\"image.default\">\n\t\t\t\t<div class=\"elementor-widget-container\">\n\t\t\t\t\t\t\t\t\t\t\t\t\t\t\t<img decoding=\"async\" src=\"https:\/\/autoserwisbartek.pl\/wp-content\/uploads\/elementor\/thumbs\/7xm.xyz406636-qhknwh115ce2827gvbx2912c2e4pl2kg36ftd92yi8.jpg\" title=\"7xm.xyz406636\" alt=\"7xm.xyz406636\" loading=\"lazy\" \/>\t\t\t\t\t\t\t\t\t\t\t\t\t\t\t<\/div>\n\t\t\t\t<\/div>\n\t\t\t\t<div class=\"elementor-element elementor-element-051a569 elementor-align-center elementor-widget elementor-widget-button\" data-id=\"051a569\" data-element_type=\"widget\" data-e-type=\"widget\" data-widget_type=\"button.default\">\n\t\t\t\t<div class=\"elementor-widget-container\">\n\t\t\t\t\t\t\t\t\t<div class=\"elementor-button-wrapper\">\n\t\t\t\t\t<a class=\"elementor-button elementor-button-link elementor-size-sm\" href=\"tel:+48%20730994410\">\n\t\t\t\t\t\t<span class=\"elementor-button-content-wrapper\">\n\t\t\t\t\t\t\t\t\t<span class=\"elementor-button-text\">Tel:+48 730994410<\/span>\n\t\t\t\t\t<\/span>\n\t\t\t\t\t<\/a>\n\t\t\t\t<\/div>\n\t\t\t\t\t\t\t\t<\/div>\n\t\t\t\t<\/div>\n\t\t\t\t\t<\/div>\n\t\t<\/div>\n\t\t\t\t<div class=\"elementor-column elementor-col-50 elementor-top-column elementor-element elementor-element-0877f3f\" data-id=\"0877f3f\" data-element_type=\"column\" data-e-type=\"column\">\n\t\t\t<div class=\"elementor-widget-wrap elementor-element-populated\">\n\t\t\t\t\t\t<div class=\"elementor-element elementor-element-adc7de5 elementor-widget elementor-widget-heading\" data-id=\"adc7de5\" data-element_type=\"widget\" data-e-type=\"widget\" data-widget_type=\"heading.default\">\n\t\t\t\t<div class=\"elementor-widget-container\">\n\t\t\t\t\t<h2 class=\"elementor-heading-title elementor-size-default\">How it works<\/h2>\t\t\t\t<\/div>\n\t\t\t\t<\/div>\n\t\t\t\t<div class=\"elementor-element elementor-element-e3cd9e8 elementor-widget elementor-widget-text-editor\" data-id=\"e3cd9e8\" data-element_type=\"widget\" data-e-type=\"widget\" data-widget_type=\"text-editor.default\">\n\t\t\t\t<div class=\"elementor-widget-container\">\n\t\t\t\t\t\t\t\t\t<p><strong>Make an appointment:<\/strong><br \/>Contact Auto Service Bartek to schedule a convenient time to replace the bulb in your car.<\/p><p><strong>Vehicle Inspection:<\/strong> <br \/>Our skilled technicians at Bartek's Auto Service will perform a thorough inspection to identify the bulbs that need replacing.<\/p><p><strong>Replacement process:<\/strong> <br \/>Auto Service Bartek will efficiently replace old bulbs with high-quality replacements that meet the manufacturer's specifications.<\/p><p><strong>Quality control:<\/strong><br \/>Before returning the vehicle to you, Bartek's Auto Service performs a comprehensive quality check to ensure that all replaced bulbs are working properly.<\/p><p><strong>Customer satisfaction:<\/strong> <br \/>Your satisfaction is our priority. Auto Service Bartek guarantees that you will be satisfied with the results even before the service is performed.<\/p><p><br \/>At Auto Service Bartek, we pride ourselves on providing reliable and professional car light bulb replacement services in the Warsaw area. Trust Auto Service Bartek to keep your vehicle's lighting system in optimal condition for safe and enjoyable driving. Schedule your appointment today.<\/p>\t\t\t\t\t\t\t\t<\/div>\n\t\t\t\t<\/div>\n\t\t\t\t<div class=\"elementor-element elementor-element-667aca5 elementor-widget elementor-widget-spacer\" data-id=\"667aca5\" data-element_type=\"widget\" data-e-type=\"widget\" data-widget_type=\"spacer.default\">\n\t\t\t\t<div class=\"elementor-widget-container\">\n\t\t\t\t\t\t\t<div class=\"elementor-spacer\">\n\t\t\t<div class=\"elementor-spacer-inner\"><\/div>\n\t\t<\/div>\n\t\t\t\t\t\t<\/div>\n\t\t\t\t<\/div>\n\t\t\t\t\t<\/div>\n\t\t<\/div>\n\t\t\t\t\t<\/div>\n\t\t<\/section>\n\t\t\t\t<\/div>","protected":false},"excerpt":{"rendered":"<p>Wymiana \u017car\u00f3wek w Samochodzie Warszawa W Auto Serwis Bartek rozumiemy znaczenie dobrze utrzymanego systemu o\u015bwietlenia dla bezpiecznej jazdy po ulicach Warszawy. Nasz zesp\u00f3\u0142 ekspert\u00f3w specjalizuje si\u0119 w dostarczaniu najwy\u017cszej jako\u015bci us\u0142ug wymiany \u017car\u00f3wek samochodowych, zapewniaj\u0105c, \u017ce \u015bwiat\u0142a Twojego pojazdu b\u0119d\u0105 \u015bwieci\u0107 jasno i niezawodnie. Nasze Us\u0142ugi Kompletna wymiana \u017car\u00f3wek: Od reflektor\u00f3w po \u015bwiat\u0142a tylne, \u015bwiat\u0142a [&hellip;]<\/p>\n","protected":false},"author":1,"featured_media":0,"parent":0,"menu_order":0,"comment_status":"closed","ping_status":"closed","template":"","meta":{"_eb_attr":"","footnotes":""},"class_list":["post-1199","page","type-page","status-publish","hentry"],"_links":{"self":[{"href":"https:\/\/autoserwisbartek.pl\/en\/wp-json\/wp\/v2\/pages\/1199","targetHints":{"allow":["GET"]}}],"collection":[{"href":"https:\/\/autoserwisbartek.pl\/en\/wp-json\/wp\/v2\/pages"}],"about":[{"href":"https:\/\/autoserwisbartek.pl\/en\/wp-json\/wp\/v2\/types\/page"}],"author":[{"embeddable":true,"href":"https:\/\/autoserwisbartek.pl\/en\/wp-json\/wp\/v2\/users\/1"}],"replies":[{"embeddable":true,"href":"https:\/\/autoserwisbartek.pl\/en\/wp-json\/wp\/v2\/comments?post=1199"}],"version-history":[{"count":6,"href":"https:\/\/autoserwisbartek.pl\/en\/wp-json\/wp\/v2\/pages\/1199\/revisions"}],"predecessor-version":[{"id":14398,"href":"https:\/\/autoserwisbartek.pl\/en\/wp-json\/wp\/v2\/pages\/1199\/revisions\/14398"}],"wp:attachment":[{"href":"https:\/\/autoserwisbartek.pl\/en\/wp-json\/wp\/v2\/media?parent=1199"}],"curies":[{"name":"wp","href":"https:\/\/api.w.org\/{rel}","templated":true}]}}