{"id":89,"date":"2022-08-15T18:17:45","date_gmt":"2022-08-15T16:17:45","guid":{"rendered":"http:\/\/autoserwisbartek.pl\/?page_id=89"},"modified":"2024-01-08T13:14:04","modified_gmt":"2024-01-08T12:14:04","slug":"olwechsel-warschau","status":"publish","type":"page","link":"https:\/\/autoserwisbartek.pl\/de\/olwechsel-warschau\/","title":{"rendered":"\u00d6lwechsel Warschau"},"content":{"rendered":"<div data-elementor-type=\"wp-page\" data-elementor-id=\"89\" class=\"elementor elementor-89\" data-elementor-post-type=\"page\">\n\t\t\t\t\t\t<section class=\"elementor-section elementor-top-section elementor-element elementor-element-9db8a6c elementor-section-full_width elementor-section-stretched elementor-section-height-min-height elementor-section-height-default elementor-section-items-middle\" data-id=\"9db8a6c\" data-element_type=\"section\" data-e-type=\"section\" data-settings=\"{&quot;stretch_section&quot;:&quot;section-stretched&quot;,&quot;background_background&quot;:&quot;classic&quot;}\">\n\t\t\t\t\t\t<div class=\"elementor-container elementor-column-gap-no\">\n\t\t\t\t\t<div class=\"elementor-column elementor-col-100 elementor-top-column elementor-element elementor-element-3a41553\" data-id=\"3a41553\" data-element_type=\"column\" data-e-type=\"column\">\n\t\t\t<div class=\"elementor-widget-wrap elementor-element-populated\">\n\t\t\t\t\t\t<section class=\"elementor-section elementor-inner-section elementor-element elementor-element-97dcae6 elementor-section-boxed elementor-section-height-default elementor-section-height-default\" data-id=\"97dcae6\" data-element_type=\"section\" data-e-type=\"section\">\n\t\t\t\t\t\t<div class=\"elementor-container elementor-column-gap-default\">\n\t\t\t\t\t<div class=\"elementor-column elementor-col-100 elementor-inner-column elementor-element elementor-element-1328a2b\" data-id=\"1328a2b\" data-element_type=\"column\" data-e-type=\"column\">\n\t\t\t<div class=\"elementor-widget-wrap elementor-element-populated\">\n\t\t\t\t\t\t<div class=\"elementor-element elementor-element-616e802 elementor-widget elementor-widget-heading\" data-id=\"616e802\" data-element_type=\"widget\" data-e-type=\"widget\" data-widget_type=\"heading.default\">\n\t\t\t\t<div class=\"elementor-widget-container\">\n\t\t\t\t\t<h1 class=\"elementor-heading-title elementor-size-default\">\u00d6lwechsel Warschau<\/h1>\t\t\t\t<\/div>\n\t\t\t\t<\/div>\n\t\t\t\t<div class=\"elementor-element elementor-element-1cf9eb6 elementor-widget elementor-widget-text-editor\" data-id=\"1cf9eb6\" data-element_type=\"widget\" data-e-type=\"widget\" data-widget_type=\"text-editor.default\">\n\t\t\t\t<div class=\"elementor-widget-container\">\n\t\t\t\t\t\t\t\t\t<p>Wir sind stolz darauf, in Warschau einen \u00d6lwechsel von h\u00f6chster Qualit\u00e4t anbieten zu k\u00f6nnen. Unsere qualifizierten Techniker wissen, wie wichtig eine regelm\u00e4\u00dfige \u00d6lpflege f\u00fcr eine optimale Fahrzeugleistung ist. Wir haben uns der Qualit\u00e4t und Leistung verschrieben und bieten umfassende \u00d6lwechsell\u00f6sungen, die auf die individuellen Bed\u00fcrfnisse Ihres Fahrzeugs zugeschnitten sind.<\/p>\t\t\t\t\t\t\t\t<\/div>\n\t\t\t\t<\/div>\n\t\t\t\t\t<\/div>\n\t\t<\/div>\n\t\t\t\t\t<\/div>\n\t\t<\/section>\n\t\t\t\t\t<\/div>\n\t\t<\/div>\n\t\t\t\t\t<\/div>\n\t\t<\/section>\n\t\t\t\t<section class=\"elementor-section elementor-top-section elementor-element elementor-element-f92c8c6 elementor-section-boxed elementor-section-height-default elementor-section-height-default\" data-id=\"f92c8c6\" data-element_type=\"section\" data-e-type=\"section\">\n\t\t\t\t\t\t<div class=\"elementor-container elementor-column-gap-default\">\n\t\t\t\t\t<div class=\"elementor-column elementor-col-50 elementor-top-column elementor-element elementor-element-bc77e41\" data-id=\"bc77e41\" data-element_type=\"column\" data-e-type=\"column\">\n\t\t\t<div class=\"elementor-widget-wrap elementor-element-populated\">\n\t\t\t\t\t\t<div class=\"elementor-element elementor-element-5462c43 elementor-widget elementor-widget-spacer\" data-id=\"5462c43\" data-element_type=\"widget\" data-e-type=\"widget\" data-widget_type=\"spacer.default\">\n\t\t\t\t<div class=\"elementor-widget-container\">\n\t\t\t\t\t\t\t<div class=\"elementor-spacer\">\n\t\t\t<div class=\"elementor-spacer-inner\"><\/div>\n\t\t<\/div>\n\t\t\t\t\t\t<\/div>\n\t\t\t\t<\/div>\n\t\t\t\t<div class=\"elementor-element elementor-element-dfe9dc8 elementor-widget elementor-widget-heading\" data-id=\"dfe9dc8\" data-element_type=\"widget\" data-e-type=\"widget\" data-widget_type=\"heading.default\">\n\t\t\t\t<div class=\"elementor-widget-container\">\n\t\t\t\t\t<h2 class=\"elementor-heading-title elementor-size-default\">Bester \u00d6lwechsel in Warschau (Wilan\u00f3w, Sabyba und Mokot\u00f3w)<\/h2>\t\t\t\t<\/div>\n\t\t\t\t<\/div>\n\t\t\t\t<div class=\"elementor-element elementor-element-48b503d elementor-widget elementor-widget-text-editor\" data-id=\"48b503d\" data-element_type=\"widget\" data-e-type=\"widget\" data-widget_type=\"text-editor.default\">\n\t\t\t\t<div class=\"elementor-widget-container\">\n\t\t\t\t\t\t\t\t\t<p><strong>Qualifizierte Techniker:<\/strong><br \/>Unsere erfahrenen Techniker verf\u00fcgen \u00fcber das Wissen und die F\u00e4higkeiten, Ihr Fahrzeug umfassend zu pflegen. Ihre Leidenschaft f\u00fcr das Autofahren garantiert einen effizienten und pr\u00e4zisen Service.<\/p><p><strong>Hochwertige Produkte:<\/strong><br \/>Wir verwenden nur die hochwertigsten \u00d6le und Filter von renommierten Marken. Unsere Sorgfalt garantiert die Haltbarkeit und Leistung Ihres Motors.<\/p><p><strong>Schneller und effizienter Service:<\/strong><br \/>Wir wissen, dass die Zeit eines Kunden unbezahlbar ist. Unser optimierter \u00d6lwechselprozess bietet einen schnellen und effizienten Service und vermeidet unn\u00f6tige Verz\u00f6gerungen.<\/p><p><strong>Transparente Preisgestaltung:<\/strong><br \/>Autoserwisbartek.co.uk legt Wert auf Transparenz. Wettbewerbsf\u00e4hige Preise machen die Fahrzeugwartung f\u00fcr jedermann zug\u00e4nglich.<\/p>\t\t\t\t\t\t\t\t<\/div>\n\t\t\t\t<\/div>\n\t\t\t\t\t<\/div>\n\t\t<\/div>\n\t\t\t\t<div class=\"elementor-column elementor-col-50 elementor-top-column elementor-element elementor-element-e9ff8b0\" data-id=\"e9ff8b0\" data-element_type=\"column\" data-e-type=\"column\">\n\t\t\t<div class=\"elementor-widget-wrap elementor-element-populated\">\n\t\t\t\t\t\t<div class=\"elementor-element elementor-element-7e35089 elementor-widget elementor-widget-image\" data-id=\"7e35089\" data-element_type=\"widget\" data-e-type=\"widget\" data-widget_type=\"image.default\">\n\t\t\t\t<div class=\"elementor-widget-container\">\n\t\t\t\t\t\t\t\t\t\t\t\t\t\t\t<img fetchpriority=\"high\" decoding=\"async\" width=\"2048\" height=\"1347\" src=\"https:\/\/autoserwisbartek.pl\/wp-content\/uploads\/2023\/12\/7xm.xyz399001_11zon.jpg\" class=\"attachment-full size-full wp-image-14138\" alt=\"\" srcset=\"https:\/\/autoserwisbartek.pl\/wp-content\/uploads\/2023\/12\/7xm.xyz399001_11zon.jpg 2048w, https:\/\/autoserwisbartek.pl\/wp-content\/uploads\/2023\/12\/7xm.xyz399001_11zon-300x197.jpg 300w, https:\/\/autoserwisbartek.pl\/wp-content\/uploads\/2023\/12\/7xm.xyz399001_11zon-1024x674.jpg 1024w, https:\/\/autoserwisbartek.pl\/wp-content\/uploads\/2023\/12\/7xm.xyz399001_11zon-768x505.jpg 768w, https:\/\/autoserwisbartek.pl\/wp-content\/uploads\/2023\/12\/7xm.xyz399001_11zon-1536x1010.jpg 1536w\" sizes=\"(max-width: 2048px) 100vw, 2048px\" \/>\t\t\t\t\t\t\t\t\t\t\t\t\t\t\t<\/div>\n\t\t\t\t<\/div>\n\t\t\t\t<section class=\"elementor-section elementor-inner-section elementor-element elementor-element-e93de32 elementor-section-boxed elementor-section-height-default elementor-section-height-default\" data-id=\"e93de32\" data-element_type=\"section\" data-e-type=\"section\">\n\t\t\t\t\t\t<div class=\"elementor-container elementor-column-gap-default\">\n\t\t\t\t\t<div class=\"elementor-column elementor-col-50 elementor-inner-column elementor-element elementor-element-7ef484f\" data-id=\"7ef484f\" data-element_type=\"column\" data-e-type=\"column\">\n\t\t\t<div class=\"elementor-widget-wrap elementor-element-populated\">\n\t\t\t\t\t\t<div class=\"elementor-element elementor-element-8708fc2 elementor-widget elementor-widget-image\" data-id=\"8708fc2\" data-element_type=\"widget\" data-e-type=\"widget\" data-widget_type=\"image.default\">\n\t\t\t\t<div class=\"elementor-widget-container\">\n\t\t\t\t\t\t\t\t\t\t\t\t\t\t\t<img decoding=\"async\" width=\"800\" height=\"800\" src=\"https:\/\/autoserwisbartek.pl\/wp-content\/uploads\/2023\/12\/15_11zon-1024x1024.jpg\" class=\"attachment-large size-large wp-image-14225\" alt=\"\u00d6lwechsel Warschau\" srcset=\"https:\/\/autoserwisbartek.pl\/wp-content\/uploads\/2023\/12\/15_11zon-1024x1024.jpg 1024w, https:\/\/autoserwisbartek.pl\/wp-content\/uploads\/2023\/12\/15_11zon-300x300.jpg 300w, https:\/\/autoserwisbartek.pl\/wp-content\/uploads\/2023\/12\/15_11zon-150x150.jpg 150w, https:\/\/autoserwisbartek.pl\/wp-content\/uploads\/2023\/12\/15_11zon-768x768.jpg 768w, https:\/\/autoserwisbartek.pl\/wp-content\/uploads\/2023\/12\/15_11zon.jpg 1080w\" sizes=\"(max-width: 800px) 100vw, 800px\" \/>\t\t\t\t\t\t\t\t\t\t\t\t\t\t\t<\/div>\n\t\t\t\t<\/div>\n\t\t\t\t\t<\/div>\n\t\t<\/div>\n\t\t\t\t<div class=\"elementor-column elementor-col-50 elementor-inner-column elementor-element elementor-element-606b773\" data-id=\"606b773\" data-element_type=\"column\" data-e-type=\"column\">\n\t\t\t<div class=\"elementor-widget-wrap elementor-element-populated\">\n\t\t\t\t\t\t<div class=\"elementor-element elementor-element-3f5a9bb elementor-widget elementor-widget-image\" data-id=\"3f5a9bb\" data-element_type=\"widget\" data-e-type=\"widget\" data-widget_type=\"image.default\">\n\t\t\t\t<div class=\"elementor-widget-container\">\n\t\t\t\t\t\t\t\t\t\t\t\t\t\t\t<img decoding=\"async\" width=\"300\" height=\"300\" src=\"https:\/\/autoserwisbartek.pl\/wp-content\/uploads\/2023\/12\/12_11zon-300x300.jpg\" class=\"attachment-medium size-medium wp-image-14224\" alt=\"\u00d6lwechsel Warschau\" srcset=\"https:\/\/autoserwisbartek.pl\/wp-content\/uploads\/2023\/12\/12_11zon-300x300.jpg 300w, https:\/\/autoserwisbartek.pl\/wp-content\/uploads\/2023\/12\/12_11zon-1024x1024.jpg 1024w, https:\/\/autoserwisbartek.pl\/wp-content\/uploads\/2023\/12\/12_11zon-150x150.jpg 150w, https:\/\/autoserwisbartek.pl\/wp-content\/uploads\/2023\/12\/12_11zon-768x768.jpg 768w, https:\/\/autoserwisbartek.pl\/wp-content\/uploads\/2023\/12\/12_11zon.jpg 1080w\" sizes=\"(max-width: 300px) 100vw, 300px\" \/>\t\t\t\t\t\t\t\t\t\t\t\t\t\t\t<\/div>\n\t\t\t\t<\/div>\n\t\t\t\t\t<\/div>\n\t\t<\/div>\n\t\t\t\t\t<\/div>\n\t\t<\/section>\n\t\t\t\t\t<\/div>\n\t\t<\/div>\n\t\t\t\t\t<\/div>\n\t\t<\/section>\n\t\t\t\t<section class=\"elementor-section elementor-top-section elementor-element elementor-element-0f7ea43 elementor-section-boxed elementor-section-height-default elementor-section-height-default\" data-id=\"0f7ea43\" data-element_type=\"section\" data-e-type=\"section\">\n\t\t\t\t\t\t<div class=\"elementor-container elementor-column-gap-default\">\n\t\t\t\t\t<div class=\"elementor-column elementor-col-50 elementor-top-column elementor-element elementor-element-fa235dd\" data-id=\"fa235dd\" data-element_type=\"column\" data-e-type=\"column\">\n\t\t\t<div class=\"elementor-widget-wrap elementor-element-populated\">\n\t\t\t\t\t\t<div class=\"elementor-element elementor-element-f98ed81 elementor-widget elementor-widget-image\" data-id=\"f98ed81\" data-element_type=\"widget\" data-e-type=\"widget\" data-widget_type=\"image.default\">\n\t\t\t\t<div class=\"elementor-widget-container\">\n\t\t\t\t\t\t\t\t\t\t\t\t\t\t\t<img loading=\"lazy\" decoding=\"async\" width=\"1080\" height=\"1080\" src=\"https:\/\/autoserwisbartek.pl\/wp-content\/uploads\/2023\/12\/Untitled-1_11zon.jpg\" class=\"attachment-full size-full wp-image-14209\" alt=\"\u00d6lwechsel Warschau\" srcset=\"https:\/\/autoserwisbartek.pl\/wp-content\/uploads\/2023\/12\/Untitled-1_11zon.jpg 1080w, https:\/\/autoserwisbartek.pl\/wp-content\/uploads\/2023\/12\/Untitled-1_11zon-300x300.jpg 300w, https:\/\/autoserwisbartek.pl\/wp-content\/uploads\/2023\/12\/Untitled-1_11zon-1024x1024.jpg 1024w, https:\/\/autoserwisbartek.pl\/wp-content\/uploads\/2023\/12\/Untitled-1_11zon-150x150.jpg 150w, https:\/\/autoserwisbartek.pl\/wp-content\/uploads\/2023\/12\/Untitled-1_11zon-768x768.jpg 768w\" sizes=\"(max-width: 1080px) 100vw, 1080px\" \/>\t\t\t\t\t\t\t\t\t\t\t\t\t\t\t<\/div>\n\t\t\t\t<\/div>\n\t\t\t\t\t<\/div>\n\t\t<\/div>\n\t\t\t\t<div class=\"elementor-column elementor-col-50 elementor-top-column elementor-element elementor-element-03fb460\" data-id=\"03fb460\" data-element_type=\"column\" data-e-type=\"column\">\n\t\t\t<div class=\"elementor-widget-wrap elementor-element-populated\">\n\t\t\t\t\t\t<div class=\"elementor-element elementor-element-cb655a6 elementor-widget elementor-widget-spacer\" data-id=\"cb655a6\" data-element_type=\"widget\" data-e-type=\"widget\" data-widget_type=\"spacer.default\">\n\t\t\t\t<div class=\"elementor-widget-container\">\n\t\t\t\t\t\t\t<div class=\"elementor-spacer\">\n\t\t\t<div class=\"elementor-spacer-inner\"><\/div>\n\t\t<\/div>\n\t\t\t\t\t\t<\/div>\n\t\t\t\t<\/div>\n\t\t\t\t<div class=\"elementor-element elementor-element-3a70efe elementor-widget elementor-widget-heading\" data-id=\"3a70efe\" data-element_type=\"widget\" data-e-type=\"widget\" data-widget_type=\"heading.default\">\n\t\t\t\t<div class=\"elementor-widget-container\">\n\t\t\t\t\t<h2 class=\"elementor-heading-title elementor-size-default\">Effizienter \u00d6lwechsel in Warschau<\/h2>\t\t\t\t<\/div>\n\t\t\t\t<\/div>\n\t\t\t\t<div class=\"elementor-element elementor-element-a39f7ea elementor-widget elementor-widget-text-editor\" data-id=\"a39f7ea\" data-element_type=\"widget\" data-e-type=\"widget\" data-widget_type=\"text-editor.default\">\n\t\t\t\t<div class=\"elementor-widget-container\">\n\t\t\t\t\t\t\t\t\t<p><strong>Konsultation:<\/strong><br \/>Ein Gespr\u00e4ch mit unserem Team wird Ihnen helfen, die Geschichte Ihres Fahrzeugs zu verstehen und alle spezifischen Bed\u00fcrfnisse zu erf\u00fcllen.<\/p><p><strong>Pr\u00e4ziser \u00d6lwechsel:<\/strong><br \/>Das gr\u00fcndliche Ablassen des alten \u00d6ls gew\u00e4hrleistet einen vollst\u00e4ndigen \u00d6lwechsel.<\/p><p><strong>Erstklassige Filtration:<\/strong><br \/>Ersetzen des alten Filters durch einen neuen, hochwertigen Filter f\u00fcr maximalen Motorschutz.<\/p><p><strong>Liebe zum Detail:<\/strong><br \/><span style=\"font-weight: 400;\">F\u00fcllen Sie das neue \u00d6l vorsichtig nach den Empfehlungen des Herstellers ein.<\/span><\/p><p><strong>Umfassende Fahrzeuginspektion:<\/strong><br \/><span style=\"font-weight: 400;\">Eine detaillierte Inspektion des Fahrzeugs, um m\u00f6gliche Probleme zu erkennen und zu beheben. <\/span><\/p>\t\t\t\t\t\t\t\t<\/div>\n\t\t\t\t<\/div>\n\t\t\t\t\t<\/div>\n\t\t<\/div>\n\t\t\t\t\t<\/div>\n\t\t<\/section>\n\t\t\t\t<section class=\"elementor-section elementor-top-section elementor-element elementor-element-f15f398 elementor-section-boxed elementor-section-height-default elementor-section-height-default\" data-id=\"f15f398\" data-element_type=\"section\" data-e-type=\"section\">\n\t\t\t\t\t\t<div class=\"elementor-container elementor-column-gap-default\">\n\t\t\t\t\t<div class=\"elementor-column elementor-col-50 elementor-top-column elementor-element elementor-element-2eca48f\" data-id=\"2eca48f\" data-element_type=\"column\" data-e-type=\"column\">\n\t\t\t<div class=\"elementor-widget-wrap elementor-element-populated\">\n\t\t\t\t\t\t<div class=\"elementor-element elementor-element-86d7fd0 elementor-widget elementor-widget-heading\" data-id=\"86d7fd0\" data-element_type=\"widget\" data-e-type=\"widget\" data-widget_type=\"heading.default\">\n\t\t\t\t<div class=\"elementor-widget-container\">\n\t\t\t\t\t<h2 class=\"elementor-heading-title elementor-size-default\">Vereinbaren Sie noch heute einen Termin f\u00fcr Ihren \u00d6lwechsel<\/h2>\t\t\t\t<\/div>\n\t\t\t\t<\/div>\n\t\t\t\t<div class=\"elementor-element elementor-element-0d03544 elementor-widget elementor-widget-text-editor\" data-id=\"0d03544\" data-element_type=\"widget\" data-e-type=\"widget\" data-widget_type=\"text-editor.default\">\n\t\t\t\t<div class=\"elementor-widget-container\">\n\t\t\t\t\t\t\t\t\t<p><strong>Schnelle Buchung:<\/strong><br \/>Nutzen Sie die einfache Online-Buchungsfunktion oder kontaktieren Sie uns unter +48730994410.<\/p><p><strong>Sichern Sie die Gesundheit Ihres Fahrzeugs:<\/strong><br \/>Warten Sie nicht auf Anzeichen von Abnutzung und Verschlei\u00df. Vereinbaren Sie noch heute einen \u00d6lwechsel, um die Gesundheit des Motors Ihres Fahrzeugs zu gew\u00e4hrleisten.<\/p><p>Neben dem \u00d6lwechsel bieten wir eine Reihe weiterer Dienstleistungen an, um Ihr Fahrzeug in optimalem Zustand zu halten.<br \/>In Warschau sind wir die erste Adresse f\u00fcr einen erstklassigen \u00d6lwechselservice. Entscheiden Sie sich f\u00fcr uns, wenn Sie auf der Suche nach sorgf\u00e4ltiger Pflege, fachm\u00e4nnischer Aufmerksamkeit und dem Engagement sind, Ihr Fahrzeug in bestm\u00f6glichem Zustand zu halten. Vereinbaren Sie jetzt einen Termin mit uns und \u00fcberzeugen Sie sich selbst von dem Unterschied. Ihr Fahrzeug verdient nur das Beste, und genau das bieten wir Ihnen.<\/p>\t\t\t\t\t\t\t\t<\/div>\n\t\t\t\t<\/div>\n\t\t\t\t\t<\/div>\n\t\t<\/div>\n\t\t\t\t<div class=\"elementor-column elementor-col-50 elementor-top-column elementor-element elementor-element-23f6484\" data-id=\"23f6484\" data-element_type=\"column\" data-e-type=\"column\">\n\t\t\t<div class=\"elementor-widget-wrap elementor-element-populated\">\n\t\t\t\t\t\t<div class=\"elementor-element elementor-element-aaf94be elementor-widget elementor-widget-image\" data-id=\"aaf94be\" data-element_type=\"widget\" data-e-type=\"widget\" data-widget_type=\"image.default\">\n\t\t\t\t<div class=\"elementor-widget-container\">\n\t\t\t\t\t\t\t\t\t\t\t\t\t\t\t<img loading=\"lazy\" decoding=\"async\" width=\"800\" height=\"800\" src=\"https:\/\/autoserwisbartek.pl\/wp-content\/uploads\/2023\/12\/05_11zon-1024x1024.jpg\" class=\"attachment-large size-large wp-image-14222\" alt=\"\u00d6lwechsel Warschau\" srcset=\"https:\/\/autoserwisbartek.pl\/wp-content\/uploads\/2023\/12\/05_11zon-1024x1024.jpg 1024w, https:\/\/autoserwisbartek.pl\/wp-content\/uploads\/2023\/12\/05_11zon-300x300.jpg 300w, https:\/\/autoserwisbartek.pl\/wp-content\/uploads\/2023\/12\/05_11zon-150x150.jpg 150w, https:\/\/autoserwisbartek.pl\/wp-content\/uploads\/2023\/12\/05_11zon-768x768.jpg 768w, https:\/\/autoserwisbartek.pl\/wp-content\/uploads\/2023\/12\/05_11zon.jpg 1080w\" sizes=\"(max-width: 800px) 100vw, 800px\" \/>\t\t\t\t\t\t\t\t\t\t\t\t\t\t\t<\/div>\n\t\t\t\t<\/div>\n\t\t\t\t\t<\/div>\n\t\t<\/div>\n\t\t\t\t\t<\/div>\n\t\t<\/section>\n\t\t\t\t<\/div>","protected":false},"excerpt":{"rendered":"<p>Wymiana oleju Warszawa Jeste\u015bmy dumni, \u017ce oferujemy us\u0142ugi wymiany oleju na najwy\u017cszym poziomie w Warszawie. Nasi wykwalifikowani technicy rozumiej\u0105 znaczenie regularnej konserwacji oleju dla optymalnej wydajno\u015bci pojazdu. Dbaj\u0105c o jako\u015b\u0107 i wydajno\u015b\u0107, zapewniamy kompleksowe rozwi\u0105zania w zakresie wymiany oleju dostosowane do unikalnych potrzeb Twojego samochodu. Najlepsza wymina oleju w Warszawie (Wilan\u00f3w, Sabyba i Mokot\u00f3w) Wykwalifikowani [&hellip;]<\/p>\n","protected":false},"author":1,"featured_media":0,"parent":0,"menu_order":0,"comment_status":"closed","ping_status":"open","template":"","meta":{"_eb_attr":"","footnotes":""},"class_list":["post-89","page","type-page","status-publish","hentry"],"_links":{"self":[{"href":"https:\/\/autoserwisbartek.pl\/de\/wp-json\/wp\/v2\/pages\/89","targetHints":{"allow":["GET"]}}],"collection":[{"href":"https:\/\/autoserwisbartek.pl\/de\/wp-json\/wp\/v2\/pages"}],"about":[{"href":"https:\/\/autoserwisbartek.pl\/de\/wp-json\/wp\/v2\/types\/page"}],"author":[{"embeddable":true,"href":"https:\/\/autoserwisbartek.pl\/de\/wp-json\/wp\/v2\/users\/1"}],"replies":[{"embeddable":true,"href":"https:\/\/autoserwisbartek.pl\/de\/wp-json\/wp\/v2\/comments?post=89"}],"version-history":[{"count":30,"href":"https:\/\/autoserwisbartek.pl\/de\/wp-json\/wp\/v2\/pages\/89\/revisions"}],"predecessor-version":[{"id":14341,"href":"https:\/\/autoserwisbartek.pl\/de\/wp-json\/wp\/v2\/pages\/89\/revisions\/14341"}],"wp:attachment":[{"href":"https:\/\/autoserwisbartek.pl\/de\/wp-json\/wp\/v2\/media?parent=89"}],"curies":[{"name":"wp","href":"https:\/\/api.w.org\/{rel}","templated":true}]}}