{"id":8499,"date":"2023-12-15T22:01:26","date_gmt":"2023-12-15T21:01:26","guid":{"rendered":"http:\/\/autoserwisbartek.pl\/?page_id=8499"},"modified":"2024-03-04T13:51:47","modified_gmt":"2024-03-04T12:51:47","slug":"bremsbelagwechsel-warschau","status":"publish","type":"page","link":"https:\/\/autoserwisbartek.pl\/de\/bremsbelagwechsel-warschau\/","title":{"rendered":"Austausch von Bremsbel\u00e4gen Warschau"},"content":{"rendered":"<div data-elementor-type=\"wp-page\" data-elementor-id=\"8499\" class=\"elementor elementor-8499\" data-elementor-post-type=\"page\">\n\t\t\t\t\t\t<section class=\"elementor-section elementor-top-section elementor-element elementor-element-246190d elementor-section-full_width elementor-section-stretched elementor-section-height-default elementor-section-height-default\" data-id=\"246190d\" data-element_type=\"section\" data-e-type=\"section\" data-settings=\"{&quot;stretch_section&quot;:&quot;section-stretched&quot;,&quot;background_background&quot;:&quot;classic&quot;}\">\n\t\t\t\t\t\t<div class=\"elementor-container elementor-column-gap-no\">\n\t\t\t\t\t<div class=\"elementor-column elementor-col-100 elementor-top-column elementor-element elementor-element-1ee0731\" data-id=\"1ee0731\" data-element_type=\"column\" data-e-type=\"column\">\n\t\t\t<div class=\"elementor-widget-wrap elementor-element-populated\">\n\t\t\t\t\t\t<section class=\"elementor-section elementor-inner-section elementor-element elementor-element-5f8c80c elementor-section-boxed elementor-section-height-default elementor-section-height-default\" data-id=\"5f8c80c\" data-element_type=\"section\" data-e-type=\"section\">\n\t\t\t\t\t\t<div class=\"elementor-container elementor-column-gap-default\">\n\t\t\t\t\t<div class=\"elementor-column elementor-col-100 elementor-inner-column elementor-element elementor-element-4c4e72d\" data-id=\"4c4e72d\" data-element_type=\"column\" data-e-type=\"column\">\n\t\t\t<div class=\"elementor-widget-wrap elementor-element-populated\">\n\t\t\t\t\t\t<div class=\"elementor-element elementor-element-acca7b3 elementor-widget elementor-widget-spacer\" data-id=\"acca7b3\" data-element_type=\"widget\" data-e-type=\"widget\" data-widget_type=\"spacer.default\">\n\t\t\t\t<div class=\"elementor-widget-container\">\n\t\t\t\t\t\t\t<div class=\"elementor-spacer\">\n\t\t\t<div class=\"elementor-spacer-inner\"><\/div>\n\t\t<\/div>\n\t\t\t\t\t\t<\/div>\n\t\t\t\t<\/div>\n\t\t\t\t<div class=\"elementor-element elementor-element-6fb4671 elementor-widget elementor-widget-heading\" data-id=\"6fb4671\" data-element_type=\"widget\" data-e-type=\"widget\" data-widget_type=\"heading.default\">\n\t\t\t\t<div class=\"elementor-widget-container\">\n\t\t\t\t\t<h1 class=\"elementor-heading-title elementor-size-default\">Austausch von Bremsbel\u00e4gen warszawa\n<\/h1>\t\t\t\t<\/div>\n\t\t\t\t<\/div>\n\t\t\t\t<div class=\"elementor-element elementor-element-08eb42c elementor-widget elementor-widget-text-editor\" data-id=\"08eb42c\" data-element_type=\"widget\" data-e-type=\"widget\" data-widget_type=\"text-editor.default\">\n\t\t\t\t<div class=\"elementor-widget-container\">\n\t\t\t\t\t\t\t\t\t<p>Wenn es darum geht, Ihr Fahrzeug sicher und effizient zu halten, ist Autoserwisbartek Ihr zuverl\u00e4ssiger Partner f\u00fcr den fachm\u00e4nnischen Austausch von Bremsbel\u00e4gen in Warschau. Unser engagiertes Team von qualifizierten Technikern bietet effiziente und zuverl\u00e4ssige L\u00f6sungen, damit Sie sich auf der Stra\u00dfe sicher f\u00fchlen k\u00f6nnen.<\/p>\t\t\t\t\t\t\t\t<\/div>\n\t\t\t\t<\/div>\n\t\t\t\t<div class=\"elementor-element elementor-element-c0ed9e6 elementor-widget elementor-widget-spacer\" data-id=\"c0ed9e6\" data-element_type=\"widget\" data-e-type=\"widget\" data-widget_type=\"spacer.default\">\n\t\t\t\t<div class=\"elementor-widget-container\">\n\t\t\t\t\t\t\t<div class=\"elementor-spacer\">\n\t\t\t<div class=\"elementor-spacer-inner\"><\/div>\n\t\t<\/div>\n\t\t\t\t\t\t<\/div>\n\t\t\t\t<\/div>\n\t\t\t\t\t<\/div>\n\t\t<\/div>\n\t\t\t\t\t<\/div>\n\t\t<\/section>\n\t\t\t\t<div class=\"elementor-element elementor-element-ccb3fff elementor-widget elementor-widget-spacer\" data-id=\"ccb3fff\" data-element_type=\"widget\" data-e-type=\"widget\" data-widget_type=\"spacer.default\">\n\t\t\t\t<div class=\"elementor-widget-container\">\n\t\t\t\t\t\t\t<div class=\"elementor-spacer\">\n\t\t\t<div class=\"elementor-spacer-inner\"><\/div>\n\t\t<\/div>\n\t\t\t\t\t\t<\/div>\n\t\t\t\t<\/div>\n\t\t\t\t\t<\/div>\n\t\t<\/div>\n\t\t\t\t\t<\/div>\n\t\t<\/section>\n\t\t\t\t<section class=\"elementor-section elementor-top-section elementor-element elementor-element-676df99 elementor-section-boxed elementor-section-height-default elementor-section-height-default\" data-id=\"676df99\" data-element_type=\"section\" data-e-type=\"section\">\n\t\t\t\t\t\t<div class=\"elementor-container elementor-column-gap-default\">\n\t\t\t\t\t<div class=\"elementor-column elementor-col-50 elementor-top-column elementor-element elementor-element-93e6af8\" data-id=\"93e6af8\" data-element_type=\"column\" data-e-type=\"column\">\n\t\t\t<div class=\"elementor-widget-wrap elementor-element-populated\">\n\t\t\t\t\t\t<div class=\"elementor-element elementor-element-e886c67 elementor-widget elementor-widget-heading\" data-id=\"e886c67\" data-element_type=\"widget\" data-e-type=\"widget\" data-widget_type=\"heading.default\">\n\t\t\t\t<div class=\"elementor-widget-container\">\n\t\t\t\t\t<h2 class=\"elementor-heading-title elementor-size-default\">Warum sollten Sie Autoserwisbartek f\u00fcr Ihren Bremsbelagwechsel w\u00e4hlen?<\/h2>\t\t\t\t<\/div>\n\t\t\t\t<\/div>\n\t\t\t\t<div class=\"elementor-element elementor-element-3fa2ca6 elementor-widget elementor-widget-text-editor\" data-id=\"3fa2ca6\" data-element_type=\"widget\" data-e-type=\"widget\" data-widget_type=\"text-editor.default\">\n\t\t\t\t<div class=\"elementor-widget-container\">\n\t\t\t\t\t\t\t\t\t<p><strong>1. erfahrenes Wissen:<\/strong><br \/>Autoserwisbartek ist ein Team von erfahrenen Mechanikern in Warschau, das sich auf den pr\u00e4zisen Austausch von Bremsbel\u00e4gen spezialisiert hat. Vertrauen Sie auf unsere un\u00fcbertroffenen Kenntnisse und F\u00e4higkeiten bei der Optimierung von Bremssystemen.<\/p><p><strong>2. hochleistungsf\u00e4hige Bremsbel\u00e4ge:<\/strong><br \/>Unsere Priorit\u00e4t ist Ihre Sicherheit. Wir verwenden nur hochwertige Bremsbel\u00e4ge, die den Industriestandards entsprechen oder diese \u00fcbertreffen. Autoserwisbartek sorgt daf\u00fcr, dass Ihr Fahrzeug mit langlebigen und zuverl\u00e4ssigen Bremskomponenten ausgestattet ist.<\/p><p><strong>3. schneller und p\u00fcnktlicher Service:<\/strong><br \/>Zeit ist kostbar, und Autoserwisbartek wei\u00df um die Dringlichkeit einer schnellen Bearbeitung. Nutzen Sie unseren Schnellservice f\u00fcr den Austausch von Bremsbel\u00e4gen, damit Sie ohne unn\u00f6tige Verz\u00f6gerungen wieder auf die Stra\u00dfe kommen.<\/p><p><strong>4. transparente Preispolitik:<\/strong><br \/>Autoserwisbartek bietet klare, offene Preise f\u00fcr hochwertige und erschwingliche Bremsbelagersatzleistungen in Warschau. Erleben Sie h\u00f6chste Qualit\u00e4t ohne versteckte Kosten, denn Ihre Zufriedenheit und Ihr Vertrauen haben f\u00fcr uns oberste Priorit\u00e4t. Schlie\u00dfen Sie sich den begeisterten Kunden an, die Autoserwisbartek f\u00fcr den zuverl\u00e4ssigen Austausch von Bremsbel\u00e4gen in Warschau gew\u00e4hlt haben.<\/p>\t\t\t\t\t\t\t\t<\/div>\n\t\t\t\t<\/div>\n\t\t\t\t\t<\/div>\n\t\t<\/div>\n\t\t\t\t<div class=\"elementor-column elementor-col-50 elementor-top-column elementor-element elementor-element-37d4928\" data-id=\"37d4928\" data-element_type=\"column\" data-e-type=\"column\">\n\t\t\t<div class=\"elementor-widget-wrap elementor-element-populated\">\n\t\t\t\t\t\t<div class=\"elementor-element elementor-element-cd14c95 elementor-widget elementor-widget-image\" data-id=\"cd14c95\" data-element_type=\"widget\" data-e-type=\"widget\" data-widget_type=\"image.default\">\n\t\t\t\t<div class=\"elementor-widget-container\">\n\t\t\t\t\t\t\t\t\t\t\t\t\t\t\t<img fetchpriority=\"high\" decoding=\"async\" width=\"800\" height=\"800\" src=\"https:\/\/autoserwisbartek.pl\/wp-content\/uploads\/2023\/12\/04_11zon-1024x1024.jpg\" class=\"attachment-large size-large wp-image-14273\" alt=\"Austausch von Bremsbel\u00e4gen\" srcset=\"https:\/\/autoserwisbartek.pl\/wp-content\/uploads\/2023\/12\/04_11zon-1024x1024.jpg 1024w, https:\/\/autoserwisbartek.pl\/wp-content\/uploads\/2023\/12\/04_11zon-300x300.jpg 300w, https:\/\/autoserwisbartek.pl\/wp-content\/uploads\/2023\/12\/04_11zon-150x150.jpg 150w, https:\/\/autoserwisbartek.pl\/wp-content\/uploads\/2023\/12\/04_11zon-768x768.jpg 768w, https:\/\/autoserwisbartek.pl\/wp-content\/uploads\/2023\/12\/04_11zon.jpg 1080w\" sizes=\"(max-width: 800px) 100vw, 800px\" \/>\t\t\t\t\t\t\t\t\t\t\t\t\t\t\t<\/div>\n\t\t\t\t<\/div>\n\t\t\t\t\t<\/div>\n\t\t<\/div>\n\t\t\t\t\t<\/div>\n\t\t<\/section>\n\t\t\t\t<section class=\"elementor-section elementor-top-section elementor-element elementor-element-e026a0e elementor-section-boxed elementor-section-height-default elementor-section-height-default\" data-id=\"e026a0e\" data-element_type=\"section\" data-e-type=\"section\">\n\t\t\t\t\t\t<div class=\"elementor-container elementor-column-gap-default\">\n\t\t\t\t\t<div class=\"elementor-column elementor-col-50 elementor-top-column elementor-element elementor-element-1609392\" data-id=\"1609392\" data-element_type=\"column\" data-e-type=\"column\">\n\t\t\t<div class=\"elementor-widget-wrap elementor-element-populated\">\n\t\t\t\t\t\t<div class=\"elementor-element elementor-element-4c39fbe elementor-widget elementor-widget-image\" data-id=\"4c39fbe\" data-element_type=\"widget\" data-e-type=\"widget\" data-widget_type=\"image.default\">\n\t\t\t\t<div class=\"elementor-widget-container\">\n\t\t\t\t\t\t\t\t\t\t\t\t\t\t\t<img decoding=\"async\" width=\"800\" height=\"800\" src=\"https:\/\/autoserwisbartek.pl\/wp-content\/uploads\/2023\/12\/01_11zon-1024x1024.jpg\" class=\"attachment-large size-large wp-image-14271\" alt=\"\" srcset=\"https:\/\/autoserwisbartek.pl\/wp-content\/uploads\/2023\/12\/01_11zon-1024x1024.jpg 1024w, https:\/\/autoserwisbartek.pl\/wp-content\/uploads\/2023\/12\/01_11zon-300x300.jpg 300w, https:\/\/autoserwisbartek.pl\/wp-content\/uploads\/2023\/12\/01_11zon-150x150.jpg 150w, https:\/\/autoserwisbartek.pl\/wp-content\/uploads\/2023\/12\/01_11zon-768x768.jpg 768w, https:\/\/autoserwisbartek.pl\/wp-content\/uploads\/2023\/12\/01_11zon.jpg 1080w\" sizes=\"(max-width: 800px) 100vw, 800px\" \/>\t\t\t\t\t\t\t\t\t\t\t\t\t\t\t<\/div>\n\t\t\t\t<\/div>\n\t\t\t\t\t<\/div>\n\t\t<\/div>\n\t\t\t\t<div class=\"elementor-column elementor-col-50 elementor-top-column elementor-element elementor-element-7b02897\" data-id=\"7b02897\" data-element_type=\"column\" data-e-type=\"column\">\n\t\t\t<div class=\"elementor-widget-wrap elementor-element-populated\">\n\t\t\t\t\t\t<div class=\"elementor-element elementor-element-fcf3da5 elementor-widget elementor-widget-heading\" data-id=\"fcf3da5\" data-element_type=\"widget\" data-e-type=\"widget\" data-widget_type=\"heading.default\">\n\t\t\t\t<div class=\"elementor-widget-container\">\n\t\t\t\t\t<h2 class=\"elementor-heading-title elementor-size-default\">Autoserwisbartek Bremsbelagwechselverfahren<\/h2>\t\t\t\t<\/div>\n\t\t\t\t<\/div>\n\t\t\t\t<div class=\"elementor-element elementor-element-096304b elementor-widget elementor-widget-text-editor\" data-id=\"096304b\" data-element_type=\"widget\" data-e-type=\"widget\" data-widget_type=\"text-editor.default\">\n\t\t\t\t<div class=\"elementor-widget-container\">\n\t\t\t\t\t\t\t\t\t<p><strong>1. gr\u00fcndliche Inspektion des Bremssystems:<\/strong><br \/>Unsere qualifizierten Techniker f\u00fchren eine gr\u00fcndliche Inspektion Ihres Bremssystems durch und beurteilen den Zustand der vorhandenen Bremsbel\u00e4ge.<\/p><p><strong>2. pr\u00e4zises Entfernen der Bremsbel\u00e4ge:<\/strong><br \/>Autoservicebartek entfernt schonend die verschlissenen Bremsbel\u00e4ge und achtet dabei sorgf\u00e4ltig auf alle zus\u00e4tzlichen Probleme, die eventuell behoben werden m\u00fcssen.<\/p><p><strong>3. Einbau von Premium-Bremsbel\u00e4gen:<\/strong><br \/>Wir montieren die hochwertigsten Bremsbel\u00e4ge, die zur Marke und zum Modell Ihres Fahrzeugs passen, wobei Sicherheit und Haltbarkeit an erster Stelle stehen.<\/p><p><strong>4. die Pr\u00fcfung der Klemmen und des Rotors:<\/strong><br \/>Autoserwisbartek f\u00fchrt eine umfassende \u00dcberholung von Bremss\u00e4tteln und -scheiben durch und stellt sicher, dass alle Komponenten reibungslos zusammenarbeiten.<\/p><p><strong>5 Strenge Qualit\u00e4tssicherung:<\/strong><br \/>Wir f\u00fchren strenge Qualit\u00e4tskontrollen durch, um sicherzustellen, dass Ihr Bremssystem den h\u00f6chsten Sicherheits- und Leistungsstandards entspricht.<\/p>\t\t\t\t\t\t\t\t<\/div>\n\t\t\t\t<\/div>\n\t\t\t\t\t<\/div>\n\t\t<\/div>\n\t\t\t\t\t<\/div>\n\t\t<\/section>\n\t\t<div class=\"elementor-element elementor-element-136457c e-flex e-con-boxed e-con e-parent\" data-id=\"136457c\" data-element_type=\"container\" data-e-type=\"container\">\n\t\t\t\t\t<div class=\"e-con-inner\">\n\t\t\t\t<div class=\"elementor-element elementor-element-f4b3212 elementor-widget elementor-widget-heading\" data-id=\"f4b3212\" data-element_type=\"widget\" data-e-type=\"widget\" data-widget_type=\"heading.default\">\n\t\t\t\t<div class=\"elementor-widget-container\">\n\t\t\t\t\t<h2 class=\"elementor-heading-title elementor-size-default\">Kontaktieren Sie uns noch heute f\u00fcr einen professionellen Bremsbelagwechsel in Warschau<\/h2>\t\t\t\t<\/div>\n\t\t\t\t<\/div>\n\t\t\t\t<div class=\"elementor-element elementor-element-61ff0fa elementor-widget elementor-widget-text-editor\" data-id=\"61ff0fa\" data-element_type=\"widget\" data-e-type=\"widget\" data-widget_type=\"text-editor.default\">\n\t\t\t\t<div class=\"elementor-widget-container\">\n\t\t\t\t\t\t\t\t\t<p>Sorgen Sie f\u00fcr Ihre Sicherheit im Stra\u00dfenverkehr, indem Sie Autoserwisbartek f\u00fcr einen Bremsbelagwechsel in Warschau w\u00e4hlen. Kontaktieren Sie uns noch heute, um einen Termin zu vereinbaren und gewinnen Sie das Vertrauen, das ein gut gewartetes und zuverl\u00e4ssiges Bremssystem mit sich bringt.<\/p>\t\t\t\t\t\t\t\t<\/div>\n\t\t\t\t<\/div>\n\t\t\t\t\t<\/div>\n\t\t\t\t<\/div>\n\t\t\t\t<\/div>","protected":false},"excerpt":{"rendered":"<p>Wymiana klock\u00f3w hamulcowych warszawa Je\u015bli chodzi o utrzymanie bezpiecze\u0144stwa i wydajno\u015bci Twojego pojazdu, Autoserwisbartek jest Twoim zaufanym partnerem w zakresie fachowych us\u0142ug wymiany klock\u00f3w hamulcowych w Warszawie. Nasz oddany zesp\u00f3\u0142 wykwalifikowanych technik\u00f3w jest zaanga\u017cowany w dostarczanie wydajnych i niezawodnych rozwi\u0105za\u0144, zapewniaj\u0105cych spok\u00f3j ducha na drodze. Dlaczego warto wybra\u0107 Autoserwisbartek do wymiany klock\u00f3w hamulcowych? 1. Do\u015bwiadczona [&hellip;]<\/p>\n","protected":false},"author":1,"featured_media":0,"parent":0,"menu_order":0,"comment_status":"closed","ping_status":"closed","template":"","meta":{"_eb_attr":"","footnotes":""},"class_list":["post-8499","page","type-page","status-publish","hentry"],"_links":{"self":[{"href":"https:\/\/autoserwisbartek.pl\/de\/wp-json\/wp\/v2\/pages\/8499","targetHints":{"allow":["GET"]}}],"collection":[{"href":"https:\/\/autoserwisbartek.pl\/de\/wp-json\/wp\/v2\/pages"}],"about":[{"href":"https:\/\/autoserwisbartek.pl\/de\/wp-json\/wp\/v2\/types\/page"}],"author":[{"embeddable":true,"href":"https:\/\/autoserwisbartek.pl\/de\/wp-json\/wp\/v2\/users\/1"}],"replies":[{"embeddable":true,"href":"https:\/\/autoserwisbartek.pl\/de\/wp-json\/wp\/v2\/comments?post=8499"}],"version-history":[{"count":13,"href":"https:\/\/autoserwisbartek.pl\/de\/wp-json\/wp\/v2\/pages\/8499\/revisions"}],"predecessor-version":[{"id":14396,"href":"https:\/\/autoserwisbartek.pl\/de\/wp-json\/wp\/v2\/pages\/8499\/revisions\/14396"}],"wp:attachment":[{"href":"https:\/\/autoserwisbartek.pl\/de\/wp-json\/wp\/v2\/media?parent=8499"}],"curies":[{"name":"wp","href":"https:\/\/api.w.org\/{rel}","templated":true}]}}