{"id":202,"date":"2022-08-15T22:36:41","date_gmt":"2022-08-15T20:36:41","guid":{"rendered":"http:\/\/autoserwisbartek.pl\/?page_id=202"},"modified":"2024-03-04T13:48:52","modified_gmt":"2024-03-04T12:48:52","slug":"auto-klimaanlage-service-warschau","status":"publish","type":"page","link":"https:\/\/autoserwisbartek.pl\/de\/auto-klimaanlage-service-warschau\/","title":{"rendered":"Autoklimaanlagen-Service Warschau"},"content":{"rendered":"<div data-elementor-type=\"wp-page\" data-elementor-id=\"202\" class=\"elementor elementor-202\" data-elementor-post-type=\"page\">\n\t\t\t\t\t\t<section class=\"elementor-section elementor-top-section elementor-element elementor-element-d0436cb elementor-section-full_width elementor-section-stretched elementor-section-height-default elementor-section-height-default\" data-id=\"d0436cb\" data-element_type=\"section\" data-e-type=\"section\" data-settings=\"{&quot;stretch_section&quot;:&quot;section-stretched&quot;,&quot;background_background&quot;:&quot;classic&quot;}\">\n\t\t\t\t\t\t<div class=\"elementor-container elementor-column-gap-no\">\n\t\t\t\t\t<div class=\"elementor-column elementor-col-100 elementor-top-column elementor-element elementor-element-d72e59d\" data-id=\"d72e59d\" data-element_type=\"column\" data-e-type=\"column\">\n\t\t\t<div class=\"elementor-widget-wrap elementor-element-populated\">\n\t\t\t\t\t\t<section class=\"elementor-section elementor-inner-section elementor-element elementor-element-165aa82 elementor-section-boxed elementor-section-height-default elementor-section-height-default\" data-id=\"165aa82\" data-element_type=\"section\" data-e-type=\"section\">\n\t\t\t\t\t\t<div class=\"elementor-container elementor-column-gap-default\">\n\t\t\t\t\t<div class=\"elementor-column elementor-col-100 elementor-inner-column elementor-element elementor-element-e914083\" data-id=\"e914083\" data-element_type=\"column\" data-e-type=\"column\">\n\t\t\t<div class=\"elementor-widget-wrap elementor-element-populated\">\n\t\t\t\t\t\t<div class=\"elementor-element elementor-element-ffcf01e elementor-widget elementor-widget-spacer\" data-id=\"ffcf01e\" data-element_type=\"widget\" data-e-type=\"widget\" data-widget_type=\"spacer.default\">\n\t\t\t\t<div class=\"elementor-widget-container\">\n\t\t\t\t\t\t\t<div class=\"elementor-spacer\">\n\t\t\t<div class=\"elementor-spacer-inner\"><\/div>\n\t\t<\/div>\n\t\t\t\t\t\t<\/div>\n\t\t\t\t<\/div>\n\t\t\t\t<div class=\"elementor-element elementor-element-2d7fdb4 elementor-widget elementor-widget-heading\" data-id=\"2d7fdb4\" data-element_type=\"widget\" data-e-type=\"widget\" data-widget_type=\"heading.default\">\n\t\t\t\t<div class=\"elementor-widget-container\">\n\t\t\t\t\t<h1 class=\"elementor-heading-title elementor-size-default\">Autoklimaanlagen-Service Warschau\n<\/h1>\t\t\t\t<\/div>\n\t\t\t\t<\/div>\n\t\t\t\t<div class=\"elementor-element elementor-element-3a59305 elementor-widget elementor-widget-text-editor\" data-id=\"3a59305\" data-element_type=\"widget\" data-e-type=\"widget\" data-widget_type=\"text-editor.default\">\n\t\t\t\t<div class=\"elementor-widget-container\">\n\t\t\t\t\t\t\t\t\t<p>Autoklimaservice Warschau - Funktioniert die Klimaanlage in Ihrem Auto nicht optimal? Besiegen Sie die Hitze mit unserem erstklassigen Autoklimaservice in Warschau. Unser Team von qualifizierten Technikern ist darauf spezialisiert, Ihnen unvergleichliche K\u00fchll\u00f6sungen zu bieten, damit Sie sich auf der Stra\u00dfe wohlf\u00fchlen.<\/p>\t\t\t\t\t\t\t\t<\/div>\n\t\t\t\t<\/div>\n\t\t\t\t\t<\/div>\n\t\t<\/div>\n\t\t\t\t\t<\/div>\n\t\t<\/section>\n\t\t\t\t<div class=\"elementor-element elementor-element-94ac0cb elementor-widget elementor-widget-spacer\" data-id=\"94ac0cb\" data-element_type=\"widget\" data-e-type=\"widget\" data-widget_type=\"spacer.default\">\n\t\t\t\t<div class=\"elementor-widget-container\">\n\t\t\t\t\t\t\t<div class=\"elementor-spacer\">\n\t\t\t<div class=\"elementor-spacer-inner\"><\/div>\n\t\t<\/div>\n\t\t\t\t\t\t<\/div>\n\t\t\t\t<\/div>\n\t\t\t\t\t<\/div>\n\t\t<\/div>\n\t\t\t\t\t<\/div>\n\t\t<\/section>\n\t\t\t\t<section class=\"elementor-section elementor-top-section elementor-element elementor-element-612efc8 elementor-section-boxed elementor-section-height-default elementor-section-height-default\" data-id=\"612efc8\" data-element_type=\"section\" data-e-type=\"section\">\n\t\t\t\t\t\t<div class=\"elementor-container elementor-column-gap-default\">\n\t\t\t\t\t<div class=\"elementor-column elementor-col-50 elementor-top-column elementor-element elementor-element-0da7615\" data-id=\"0da7615\" data-element_type=\"column\" data-e-type=\"column\">\n\t\t\t<div class=\"elementor-widget-wrap elementor-element-populated\">\n\t\t\t\t\t\t<div class=\"elementor-element elementor-element-7a5adb3 elementor-widget elementor-widget-heading\" data-id=\"7a5adb3\" data-element_type=\"widget\" data-e-type=\"widget\" data-widget_type=\"heading.default\">\n\t\t\t\t<div class=\"elementor-widget-container\">\n\t\t\t\t\t<h2 class=\"elementor-heading-title elementor-size-default\">Warum sollten Sie sich f\u00fcr unseren Klimaservice entscheiden?<\/h2>\t\t\t\t<\/div>\n\t\t\t\t<\/div>\n\t\t\t\t<div class=\"elementor-element elementor-element-85d4b8a elementor-widget elementor-widget-text-editor\" data-id=\"85d4b8a\" data-element_type=\"widget\" data-e-type=\"widget\" data-widget_type=\"text-editor.default\">\n\t\t\t\t<div class=\"elementor-widget-container\">\n\t\t\t\t\t\t\t\t\t<p><strong>1. Fachwissen:<\/strong><br \/><span style=\"font-weight: 400;\">Vertrauen Sie unserem Team aus spezialisierten Technikern, die \u00fcber umfangreiche Erfahrung in der Diagnose und Reparatur von Autoklimaanlagen verf\u00fcgen. Wir passen unseren Klimaservice an Ihre Bed\u00fcrfnisse an, damit Sie sich in Warschau fortbewegen k\u00f6nnen, egal ob im Stra\u00dfenverkehr oder im z\u00e4hflie\u00dfenden Verkehr. <\/span><\/p><p><strong>2 Umfassende Systemkontrolle:<\/strong><br \/>Unser Service umfasst eine gr\u00fcndliche Inspektion der Klimaanlage Ihres Fahrzeugs. Wir suchen nach Lecks, pr\u00fcfen den K\u00e4ltemittelstand und die allgemeine Funktionalit\u00e4t, um eventuelle Probleme zu erkennen und zu beheben.<\/p><p><strong>3. wirksame Reparaturen:<\/strong><br \/>Mit unseren hochmodernen Werkzeugen und Ger\u00e4ten k\u00f6nnen Sie schnelle und effektive Reparaturen durchf\u00fchren. Ganz gleich, ob es darum geht, K\u00e4ltemittel nachzuf\u00fcllen, den Kompressor auszutauschen oder einen besch\u00e4digten Kondensator zu reparieren - wir verf\u00fcgen \u00fcber das n\u00f6tige Fachwissen, damit Ihr Klimasystem reibungslos funktioniert.<\/p><p><strong>4. vorbeugende Wartung:<\/strong><br \/>Halten Sie die Klimaanlage Ihres Fahrzeugs mit unseren pr\u00e4ventiven Wartungsdiensten in optimalem Zustand. Eine regelm\u00e4\u00dfige Wartung kann m\u00f6gliche Probleme verhindern und die Lebensdauer der Komponenten Ihrer Klimaanlage verl\u00e4ngern.<\/p>\t\t\t\t\t\t\t\t<\/div>\n\t\t\t\t<\/div>\n\t\t\t\t\t<\/div>\n\t\t<\/div>\n\t\t\t\t<div class=\"elementor-column elementor-col-50 elementor-top-column elementor-element elementor-element-5034d31\" data-id=\"5034d31\" data-element_type=\"column\" data-e-type=\"column\">\n\t\t\t<div class=\"elementor-widget-wrap elementor-element-populated\">\n\t\t\t\t\t\t<div class=\"elementor-element elementor-element-e9f765b elementor-widget elementor-widget-image\" data-id=\"e9f765b\" data-element_type=\"widget\" data-e-type=\"widget\" data-widget_type=\"image.default\">\n\t\t\t\t<div class=\"elementor-widget-container\">\n\t\t\t\t\t\t\t\t\t\t\t\t\t\t\t<img fetchpriority=\"high\" decoding=\"async\" width=\"800\" height=\"800\" src=\"https:\/\/autoserwisbartek.pl\/wp-content\/uploads\/2023\/12\/10_11zon-1024x1024.jpg\" class=\"attachment-large size-large wp-image-14262\" alt=\"Service f\u00fcr Klimaanlagen\" srcset=\"https:\/\/autoserwisbartek.pl\/wp-content\/uploads\/2023\/12\/10_11zon-1024x1024.jpg 1024w, https:\/\/autoserwisbartek.pl\/wp-content\/uploads\/2023\/12\/10_11zon-300x300.jpg 300w, https:\/\/autoserwisbartek.pl\/wp-content\/uploads\/2023\/12\/10_11zon-150x150.jpg 150w, https:\/\/autoserwisbartek.pl\/wp-content\/uploads\/2023\/12\/10_11zon-768x768.jpg 768w, https:\/\/autoserwisbartek.pl\/wp-content\/uploads\/2023\/12\/10_11zon.jpg 1080w\" sizes=\"(max-width: 800px) 100vw, 800px\" \/>\t\t\t\t\t\t\t\t\t\t\t\t\t\t\t<\/div>\n\t\t\t\t<\/div>\n\t\t\t\t<section class=\"elementor-section elementor-inner-section elementor-element elementor-element-cf769f9 elementor-section-boxed elementor-section-height-default elementor-section-height-default\" data-id=\"cf769f9\" data-element_type=\"section\" data-e-type=\"section\">\n\t\t\t\t\t\t<div class=\"elementor-container elementor-column-gap-default\">\n\t\t\t\t\t<div class=\"elementor-column elementor-col-50 elementor-inner-column elementor-element elementor-element-d9fc643\" data-id=\"d9fc643\" data-element_type=\"column\" data-e-type=\"column\">\n\t\t\t<div class=\"elementor-widget-wrap elementor-element-populated\">\n\t\t\t\t\t\t<div class=\"elementor-element elementor-element-0faa53b elementor-widget elementor-widget-image\" data-id=\"0faa53b\" data-element_type=\"widget\" data-e-type=\"widget\" data-widget_type=\"image.default\">\n\t\t\t\t<div class=\"elementor-widget-container\">\n\t\t\t\t\t\t\t\t\t\t\t\t\t\t\t<img decoding=\"async\" width=\"800\" height=\"800\" src=\"https:\/\/autoserwisbartek.pl\/wp-content\/uploads\/2022\/08\/Untitled-design-2022-08-21T001121.123-1024x1024.png\" class=\"attachment-large size-large wp-image-765\" alt=\"techoil\" srcset=\"https:\/\/autoserwisbartek.pl\/wp-content\/uploads\/2022\/08\/Untitled-design-2022-08-21T001121.123-1024x1024.png 1024w, https:\/\/autoserwisbartek.pl\/wp-content\/uploads\/2022\/08\/Untitled-design-2022-08-21T001121.123-300x300.png 300w, https:\/\/autoserwisbartek.pl\/wp-content\/uploads\/2022\/08\/Untitled-design-2022-08-21T001121.123-150x150.png 150w, https:\/\/autoserwisbartek.pl\/wp-content\/uploads\/2022\/08\/Untitled-design-2022-08-21T001121.123-768x768.png 768w, https:\/\/autoserwisbartek.pl\/wp-content\/uploads\/2022\/08\/Untitled-design-2022-08-21T001121.123.png 1080w\" sizes=\"(max-width: 800px) 100vw, 800px\" \/>\t\t\t\t\t\t\t\t\t\t\t\t\t\t\t<\/div>\n\t\t\t\t<\/div>\n\t\t\t\t\t<\/div>\n\t\t<\/div>\n\t\t\t\t<div class=\"elementor-column elementor-col-50 elementor-inner-column elementor-element elementor-element-66400cb\" data-id=\"66400cb\" data-element_type=\"column\" data-e-type=\"column\">\n\t\t\t<div class=\"elementor-widget-wrap elementor-element-populated\">\n\t\t\t\t\t\t<div class=\"elementor-element elementor-element-75c3f03 elementor-widget elementor-widget-image\" data-id=\"75c3f03\" data-element_type=\"widget\" data-e-type=\"widget\" data-widget_type=\"image.default\">\n\t\t\t\t<div class=\"elementor-widget-container\">\n\t\t\t\t\t\t\t\t\t\t\t\t\t\t\t<img decoding=\"async\" width=\"800\" height=\"800\" src=\"https:\/\/autoserwisbartek.pl\/wp-content\/uploads\/2023\/12\/20_11zon-1024x1024.jpg\" class=\"attachment-large size-large wp-image-14235\" alt=\"Fahrzeugmechaniker\" srcset=\"https:\/\/autoserwisbartek.pl\/wp-content\/uploads\/2023\/12\/20_11zon-1024x1024.jpg 1024w, https:\/\/autoserwisbartek.pl\/wp-content\/uploads\/2023\/12\/20_11zon-300x300.jpg 300w, https:\/\/autoserwisbartek.pl\/wp-content\/uploads\/2023\/12\/20_11zon-150x150.jpg 150w, https:\/\/autoserwisbartek.pl\/wp-content\/uploads\/2023\/12\/20_11zon-768x768.jpg 768w, https:\/\/autoserwisbartek.pl\/wp-content\/uploads\/2023\/12\/20_11zon.jpg 1080w\" sizes=\"(max-width: 800px) 100vw, 800px\" \/>\t\t\t\t\t\t\t\t\t\t\t\t\t\t\t<\/div>\n\t\t\t\t<\/div>\n\t\t\t\t\t<\/div>\n\t\t<\/div>\n\t\t\t\t\t<\/div>\n\t\t<\/section>\n\t\t\t\t\t<\/div>\n\t\t<\/div>\n\t\t\t\t\t<\/div>\n\t\t<\/section>\n\t\t\t\t<section class=\"elementor-section elementor-top-section elementor-element elementor-element-1f16ae8 elementor-section-boxed elementor-section-height-default elementor-section-height-default\" data-id=\"1f16ae8\" data-element_type=\"section\" data-e-type=\"section\">\n\t\t\t\t\t\t<div class=\"elementor-container elementor-column-gap-default\">\n\t\t\t\t\t<div class=\"elementor-column elementor-col-50 elementor-top-column elementor-element elementor-element-6a05f36\" data-id=\"6a05f36\" data-element_type=\"column\" data-e-type=\"column\">\n\t\t\t<div class=\"elementor-widget-wrap elementor-element-populated\">\n\t\t\t\t\t\t<div class=\"elementor-element elementor-element-fb34932 elementor-widget elementor-widget-image\" data-id=\"fb34932\" data-element_type=\"widget\" data-e-type=\"widget\" data-widget_type=\"image.default\">\n\t\t\t\t<div class=\"elementor-widget-container\">\n\t\t\t\t\t\t\t\t\t\t\t\t\t\t\t<img loading=\"lazy\" decoding=\"async\" width=\"800\" height=\"800\" src=\"https:\/\/autoserwisbartek.pl\/wp-content\/uploads\/2022\/08\/computer-diagnostics-8-1024x1024.png\" class=\"attachment-large size-large wp-image-609\" alt=\"\" srcset=\"https:\/\/autoserwisbartek.pl\/wp-content\/uploads\/2022\/08\/computer-diagnostics-8-1024x1024.png 1024w, https:\/\/autoserwisbartek.pl\/wp-content\/uploads\/2022\/08\/computer-diagnostics-8-300x300.png 300w, https:\/\/autoserwisbartek.pl\/wp-content\/uploads\/2022\/08\/computer-diagnostics-8-150x150.png 150w, https:\/\/autoserwisbartek.pl\/wp-content\/uploads\/2022\/08\/computer-diagnostics-8-768x768.png 768w, https:\/\/autoserwisbartek.pl\/wp-content\/uploads\/2022\/08\/computer-diagnostics-8.png 1080w\" sizes=\"(max-width: 800px) 100vw, 800px\" \/>\t\t\t\t\t\t\t\t\t\t\t\t\t\t\t<\/div>\n\t\t\t\t<\/div>\n\t\t\t\t\t<\/div>\n\t\t<\/div>\n\t\t\t\t<div class=\"elementor-column elementor-col-50 elementor-top-column elementor-element elementor-element-4b51f13\" data-id=\"4b51f13\" data-element_type=\"column\" data-e-type=\"column\">\n\t\t\t<div class=\"elementor-widget-wrap elementor-element-populated\">\n\t\t\t\t\t\t<div class=\"elementor-element elementor-element-be7d3dd elementor-widget elementor-widget-spacer\" data-id=\"be7d3dd\" data-element_type=\"widget\" data-e-type=\"widget\" data-widget_type=\"spacer.default\">\n\t\t\t\t<div class=\"elementor-widget-container\">\n\t\t\t\t\t\t\t<div class=\"elementor-spacer\">\n\t\t\t<div class=\"elementor-spacer-inner\"><\/div>\n\t\t<\/div>\n\t\t\t\t\t\t<\/div>\n\t\t\t\t<\/div>\n\t\t\t\t<div class=\"elementor-element elementor-element-017712b elementor-widget elementor-widget-heading\" data-id=\"017712b\" data-element_type=\"widget\" data-e-type=\"widget\" data-widget_type=\"heading.default\">\n\t\t\t\t<div class=\"elementor-widget-container\">\n\t\t\t\t\t<h2 class=\"elementor-heading-title elementor-size-default\">Unsere Dienstleistungen f\u00fcr Klimaanlagen umfassen<\/h2>\t\t\t\t<\/div>\n\t\t\t\t<\/div>\n\t\t\t\t<div class=\"elementor-element elementor-element-3b3c937 elementor-widget elementor-widget-text-editor\" data-id=\"3b3c937\" data-element_type=\"widget\" data-e-type=\"widget\" data-widget_type=\"text-editor.default\">\n\t\t\t\t<div class=\"elementor-widget-container\">\n\t\t\t\t\t\t\t\t\t<p><strong>1. das Auff\u00fcllen mit K\u00e4ltemittel:<\/strong><br \/>Stellen Sie sicher, dass Ihre Klimaanlage stets k\u00fchle Luft bl\u00e4st, indem Sie unser K\u00e4ltemittel nachf\u00fcllen lassen. Wir verwenden hochwertige K\u00e4ltemittel, um die optimale K\u00fchlleistung wiederherzustellen.<\/p><p><strong>2. Austausch des Kompressors:<\/strong><br \/>Wenn Ihr Klimakompressor ausf\u00e4llt, k\u00f6nnen wir ihn durch ein langlebiges und effizientes Ger\u00e4t ersetzen, damit Ihr Klimasystem wieder richtig funktioniert.<\/p><p><strong>3. Lecksuche und Reparatur:<\/strong><br \/><span style=\"font-weight: 400;\">Wir k\u00fcmmern uns sofort um K\u00e4ltemittellecks, um weitere Sch\u00e4den an Ihrer Klimaanlage zu verhindern. Unsere Techniker sind erfahren im Aufsp\u00fcren und Reparieren von Leckagen und sorgen so f\u00fcr lang anhaltende Ergebnisse.<\/span><\/p><p><strong>4. Reinigung des Bel\u00fcftungssystems:<\/strong><br \/>Verbessern Sie die Luftqualit\u00e4t und beseitigen Sie unangenehme Ger\u00fcche, indem Sie sich f\u00fcr einen Reinigungsservice f\u00fcr L\u00fcftungsanlagen entscheiden. Atmen Sie frische Luft mit einem sauberen und gut gewarteten Klimasystem.<\/p>\t\t\t\t\t\t\t\t<\/div>\n\t\t\t\t<\/div>\n\t\t\t\t\t<\/div>\n\t\t<\/div>\n\t\t\t\t\t<\/div>\n\t\t<\/section>\n\t\t\t\t<section class=\"elementor-section elementor-top-section elementor-element elementor-element-1262fbe elementor-section-boxed elementor-section-height-default elementor-section-height-default\" data-id=\"1262fbe\" data-element_type=\"section\" data-e-type=\"section\">\n\t\t\t\t\t\t<div class=\"elementor-container elementor-column-gap-default\">\n\t\t\t\t\t<div class=\"elementor-column elementor-col-50 elementor-top-column elementor-element elementor-element-385cdd3\" data-id=\"385cdd3\" data-element_type=\"column\" data-e-type=\"column\">\n\t\t\t<div class=\"elementor-widget-wrap elementor-element-populated\">\n\t\t\t\t\t\t<div class=\"elementor-element elementor-element-b536b27 elementor-widget elementor-widget-heading\" data-id=\"b536b27\" data-element_type=\"widget\" data-e-type=\"widget\" data-widget_type=\"heading.default\">\n\t\t\t\t<div class=\"elementor-widget-container\">\n\t\t\t\t\t<h2 class=\"elementor-heading-title elementor-size-default\">Wenden Sie sich noch heute an uns, wenn Sie einen fachm\u00e4nnischen Service f\u00fcr Autoklimaanlagen in Warschau ben\u00f6tigen.<\/h2>\t\t\t\t<\/div>\n\t\t\t\t<\/div>\n\t\t\t\t<div class=\"elementor-element elementor-element-319d464 elementor-widget elementor-widget-text-editor\" data-id=\"319d464\" data-element_type=\"widget\" data-e-type=\"widget\" data-widget_type=\"text-editor.default\">\n\t\t\t\t<div class=\"elementor-widget-container\">\n\t\t\t\t\t\t\t\t\t<p>Lassen Sie nicht zu, dass eine schlecht funktionierende Klimaanlage zu Unannehmlichkeiten beim Fahren f\u00fchrt. Vertrauen Sie unserem engagierten Team f\u00fcr einen zuverl\u00e4ssigen Klimaanlagenservice in Warschau. Wenden Sie sich noch heute an uns, um einen Termin zu vereinbaren und den Unterschied in einer k\u00fchlen und komfortablen Fahrt zu sp\u00fcren.<\/p>\t\t\t\t\t\t\t\t<\/div>\n\t\t\t\t<\/div>\n\t\t\t\t<section class=\"elementor-section elementor-inner-section elementor-element elementor-element-08ad457 elementor-section-boxed elementor-section-height-default elementor-section-height-default\" data-id=\"08ad457\" data-element_type=\"section\" data-e-type=\"section\">\n\t\t\t\t\t\t<div class=\"elementor-container elementor-column-gap-default\">\n\t\t\t\t\t<div class=\"elementor-column elementor-col-50 elementor-inner-column elementor-element elementor-element-7a59589\" data-id=\"7a59589\" data-element_type=\"column\" data-e-type=\"column\">\n\t\t\t<div class=\"elementor-widget-wrap elementor-element-populated\">\n\t\t\t\t\t\t<div class=\"elementor-element elementor-element-e7b3992 elementor-widget elementor-widget-image\" data-id=\"e7b3992\" data-element_type=\"widget\" data-e-type=\"widget\" data-widget_type=\"image.default\">\n\t\t\t\t<div class=\"elementor-widget-container\">\n\t\t\t\t\t\t\t\t\t\t\t\t\t\t\t<img loading=\"lazy\" decoding=\"async\" width=\"800\" height=\"800\" src=\"https:\/\/autoserwisbartek.pl\/wp-content\/uploads\/2023\/12\/08_11zon-1024x1024.jpg\" class=\"attachment-large size-large wp-image-14261\" alt=\"\" srcset=\"https:\/\/autoserwisbartek.pl\/wp-content\/uploads\/2023\/12\/08_11zon-1024x1024.jpg 1024w, https:\/\/autoserwisbartek.pl\/wp-content\/uploads\/2023\/12\/08_11zon-300x300.jpg 300w, https:\/\/autoserwisbartek.pl\/wp-content\/uploads\/2023\/12\/08_11zon-150x150.jpg 150w, https:\/\/autoserwisbartek.pl\/wp-content\/uploads\/2023\/12\/08_11zon-768x768.jpg 768w, https:\/\/autoserwisbartek.pl\/wp-content\/uploads\/2023\/12\/08_11zon.jpg 1080w\" sizes=\"(max-width: 800px) 100vw, 800px\" \/>\t\t\t\t\t\t\t\t\t\t\t\t\t\t\t<\/div>\n\t\t\t\t<\/div>\n\t\t\t\t\t<\/div>\n\t\t<\/div>\n\t\t\t\t<div class=\"elementor-column elementor-col-50 elementor-inner-column elementor-element elementor-element-35c4135\" data-id=\"35c4135\" data-element_type=\"column\" data-e-type=\"column\">\n\t\t\t<div class=\"elementor-widget-wrap elementor-element-populated\">\n\t\t\t\t\t\t<div class=\"elementor-element elementor-element-409a439 elementor-widget elementor-widget-image\" data-id=\"409a439\" data-element_type=\"widget\" data-e-type=\"widget\" data-widget_type=\"image.default\">\n\t\t\t\t<div class=\"elementor-widget-container\">\n\t\t\t\t\t\t\t\t\t\t\t\t\t\t\t<img loading=\"lazy\" decoding=\"async\" width=\"300\" height=\"300\" src=\"https:\/\/autoserwisbartek.pl\/wp-content\/uploads\/2022\/08\/Untitled-design-2022-08-27T013214.399-300x300.png\" class=\"attachment-medium size-medium wp-image-901\" alt=\"Reparatur von Lastkraftwagen\" srcset=\"https:\/\/autoserwisbartek.pl\/wp-content\/uploads\/2022\/08\/Untitled-design-2022-08-27T013214.399-300x300.png 300w, https:\/\/autoserwisbartek.pl\/wp-content\/uploads\/2022\/08\/Untitled-design-2022-08-27T013214.399-1024x1024.png 1024w, https:\/\/autoserwisbartek.pl\/wp-content\/uploads\/2022\/08\/Untitled-design-2022-08-27T013214.399-150x150.png 150w, https:\/\/autoserwisbartek.pl\/wp-content\/uploads\/2022\/08\/Untitled-design-2022-08-27T013214.399-768x768.png 768w, https:\/\/autoserwisbartek.pl\/wp-content\/uploads\/2022\/08\/elementor\/thumbs\/Untitled-design-2022-08-27T013214.399-qerjiywcir1k0jeqojdf85zwapqlwtllg5lri4n5oo.png 500w, https:\/\/autoserwisbartek.pl\/wp-content\/uploads\/2022\/08\/Untitled-design-2022-08-27T013214.399.png 1080w\" sizes=\"(max-width: 300px) 100vw, 300px\" \/>\t\t\t\t\t\t\t\t\t\t\t\t\t\t\t<\/div>\n\t\t\t\t<\/div>\n\t\t\t\t\t<\/div>\n\t\t<\/div>\n\t\t\t\t\t<\/div>\n\t\t<\/section>\n\t\t\t\t\t<\/div>\n\t\t<\/div>\n\t\t\t\t<div class=\"elementor-column elementor-col-50 elementor-top-column elementor-element elementor-element-77d9d80\" data-id=\"77d9d80\" data-element_type=\"column\" data-e-type=\"column\">\n\t\t\t<div class=\"elementor-widget-wrap elementor-element-populated\">\n\t\t\t\t\t\t<div class=\"elementor-element elementor-element-84e2a92 elementor-widget elementor-widget-image\" data-id=\"84e2a92\" data-element_type=\"widget\" data-e-type=\"widget\" data-widget_type=\"image.default\">\n\t\t\t\t<div class=\"elementor-widget-container\">\n\t\t\t\t\t\t\t\t\t\t\t\t\t\t\t<img loading=\"lazy\" decoding=\"async\" width=\"800\" height=\"536\" src=\"https:\/\/autoserwisbartek.pl\/wp-content\/uploads\/2023\/12\/7xm.xyz903121_11zon-1-1024x686.jpg\" class=\"attachment-large size-large wp-image-14267\" alt=\"\" srcset=\"https:\/\/autoserwisbartek.pl\/wp-content\/uploads\/2023\/12\/7xm.xyz903121_11zon-1-1024x686.jpg 1024w, https:\/\/autoserwisbartek.pl\/wp-content\/uploads\/2023\/12\/7xm.xyz903121_11zon-1-300x201.jpg 300w, https:\/\/autoserwisbartek.pl\/wp-content\/uploads\/2023\/12\/7xm.xyz903121_11zon-1-768x515.jpg 768w, https:\/\/autoserwisbartek.pl\/wp-content\/uploads\/2023\/12\/7xm.xyz903121_11zon-1.jpg 1228w\" sizes=\"(max-width: 800px) 100vw, 800px\" \/>\t\t\t\t\t\t\t\t\t\t\t\t\t\t\t<\/div>\n\t\t\t\t<\/div>\n\t\t\t\t\t<\/div>\n\t\t<\/div>\n\t\t\t\t\t<\/div>\n\t\t<\/section>\n\t\t\t\t<\/div>","protected":false},"excerpt":{"rendered":"<p>Serwis klimatyzacji samochodowej Warszawa Serwis klimatyzacji samochodowej Warszawa &#8211; Czy uk\u0142ad klimatyzacji w Twoim samochodzie nie dzia\u0142a optymalnie? Pokonaj upa\u0142 dzi\u0119ki naszemu najwy\u017cszej klasy serwisowi klimatyzacji samochodowej w Warszawie. Nasz zesp\u00f3\u0142 wykwalifikowanych technik\u00f3w specjalizuje si\u0119 w dostarczaniu niezr\u00f3wnanych rozwi\u0105za\u0144 ch\u0142odz\u0105cych, kt\u00f3re zapewni\u0105 Ci komfort w drodze. Dlaczego warto wybra\u0107 nasz serwis klimatyzacji samochodowej? 1. Specjalistyczna [&hellip;]<\/p>\n","protected":false},"author":1,"featured_media":607,"parent":0,"menu_order":0,"comment_status":"closed","ping_status":"closed","template":"","meta":{"_eb_attr":"","footnotes":""},"class_list":["post-202","page","type-page","status-publish","has-post-thumbnail","hentry"],"_links":{"self":[{"href":"https:\/\/autoserwisbartek.pl\/de\/wp-json\/wp\/v2\/pages\/202","targetHints":{"allow":["GET"]}}],"collection":[{"href":"https:\/\/autoserwisbartek.pl\/de\/wp-json\/wp\/v2\/pages"}],"about":[{"href":"https:\/\/autoserwisbartek.pl\/de\/wp-json\/wp\/v2\/types\/page"}],"author":[{"embeddable":true,"href":"https:\/\/autoserwisbartek.pl\/de\/wp-json\/wp\/v2\/users\/1"}],"replies":[{"embeddable":true,"href":"https:\/\/autoserwisbartek.pl\/de\/wp-json\/wp\/v2\/comments?post=202"}],"version-history":[{"count":10,"href":"https:\/\/autoserwisbartek.pl\/de\/wp-json\/wp\/v2\/pages\/202\/revisions"}],"predecessor-version":[{"id":14395,"href":"https:\/\/autoserwisbartek.pl\/de\/wp-json\/wp\/v2\/pages\/202\/revisions\/14395"}],"wp:featuredmedia":[{"embeddable":true,"href":"https:\/\/autoserwisbartek.pl\/de\/wp-json\/wp\/v2\/media\/607"}],"wp:attachment":[{"href":"https:\/\/autoserwisbartek.pl\/de\/wp-json\/wp\/v2\/media?parent=202"}],"curies":[{"name":"wp","href":"https:\/\/api.w.org\/{rel}","templated":true}]}}