{"id":191,"date":"2022-08-15T22:25:49","date_gmt":"2022-08-15T20:25:49","guid":{"rendered":"http:\/\/autoserwisbartek.pl\/?page_id=191"},"modified":"2024-03-04T13:45:43","modified_gmt":"2024-03-04T12:45:43","slug":"kfz-mechaniker-warschau","status":"publish","type":"page","link":"https:\/\/autoserwisbartek.pl\/de\/kfz-mechaniker-warschau\/","title":{"rendered":"Kfz-Mechaniker"},"content":{"rendered":"<div data-elementor-type=\"wp-page\" data-elementor-id=\"191\" class=\"elementor elementor-191\" data-elementor-post-type=\"page\">\n\t\t\t\t\t\t<section class=\"elementor-section elementor-top-section elementor-element elementor-element-246190d elementor-section-full_width elementor-section-stretched elementor-section-height-default elementor-section-height-default\" data-id=\"246190d\" data-element_type=\"section\" data-e-type=\"section\" data-settings=\"{&quot;stretch_section&quot;:&quot;section-stretched&quot;,&quot;background_background&quot;:&quot;classic&quot;}\">\n\t\t\t\t\t\t<div class=\"elementor-container elementor-column-gap-no\">\n\t\t\t\t\t<div class=\"elementor-column elementor-col-100 elementor-top-column elementor-element elementor-element-1ee0731\" data-id=\"1ee0731\" data-element_type=\"column\" data-e-type=\"column\">\n\t\t\t<div class=\"elementor-widget-wrap elementor-element-populated\">\n\t\t\t\t\t\t<section class=\"elementor-section elementor-inner-section elementor-element elementor-element-5f8c80c elementor-section-boxed elementor-section-height-default elementor-section-height-default\" data-id=\"5f8c80c\" data-element_type=\"section\" data-e-type=\"section\">\n\t\t\t\t\t\t<div class=\"elementor-container elementor-column-gap-default\">\n\t\t\t\t\t<div class=\"elementor-column elementor-col-100 elementor-inner-column elementor-element elementor-element-4c4e72d\" data-id=\"4c4e72d\" data-element_type=\"column\" data-e-type=\"column\">\n\t\t\t<div class=\"elementor-widget-wrap elementor-element-populated\">\n\t\t\t\t\t\t<div class=\"elementor-element elementor-element-acca7b3 elementor-widget elementor-widget-spacer\" data-id=\"acca7b3\" data-element_type=\"widget\" data-e-type=\"widget\" data-widget_type=\"spacer.default\">\n\t\t\t\t<div class=\"elementor-widget-container\">\n\t\t\t\t\t\t\t<div class=\"elementor-spacer\">\n\t\t\t<div class=\"elementor-spacer-inner\"><\/div>\n\t\t<\/div>\n\t\t\t\t\t\t<\/div>\n\t\t\t\t<\/div>\n\t\t\t\t<div class=\"elementor-element elementor-element-6fb4671 elementor-widget elementor-widget-heading\" data-id=\"6fb4671\" data-element_type=\"widget\" data-e-type=\"widget\" data-widget_type=\"heading.default\">\n\t\t\t\t<div class=\"elementor-widget-container\">\n\t\t\t\t\t<h2 class=\"elementor-heading-title elementor-size-default\">Fahrzeugmechaniker Warschau<\/h2>\t\t\t\t<\/div>\n\t\t\t\t<\/div>\n\t\t\t\t<div class=\"elementor-element elementor-element-3fa2ca6 elementor-widget elementor-widget-text-editor\" data-id=\"3fa2ca6\" data-element_type=\"widget\" data-e-type=\"widget\" data-widget_type=\"text-editor.default\">\n\t\t\t\t<div class=\"elementor-widget-container\">\n\t\t\t\t\t\t\t\t\t<p>Fahrzeugmechaniker - Stellen Sie einen erfahrenen Fahrzeugmechaniker ein. Unser Team bietet umfassende Reparatur- und Wartungsdienste an. Entdecken Sie erstklassige Automechaniker in Warschau, die die Leistung und Sicherheit Ihres Fahrzeugs in den Mittelpunkt stellen. Bei autoserwisbartku. pl bieten wir Ihnen eine Reihe professioneller Kfz-Dienstleistungen an, um Ihre individuellen Bed\u00fcrfnisse zu erf\u00fcllen. Unser erfahrenes und kompetentes Team ist darauf spezialisiert, zuverl\u00e4ssige L\u00f6sungen anzubieten, damit Ihr Fahrzeug die bestm\u00f6gliche Leistung erbringt.<\/p>\t\t\t\t\t\t\t\t<\/div>\n\t\t\t\t<\/div>\n\t\t\t\t<div class=\"elementor-element elementor-element-fb3bb28 elementor-widget elementor-widget-spacer\" data-id=\"fb3bb28\" data-element_type=\"widget\" data-e-type=\"widget\" data-widget_type=\"spacer.default\">\n\t\t\t\t<div class=\"elementor-widget-container\">\n\t\t\t\t\t\t\t<div class=\"elementor-spacer\">\n\t\t\t<div class=\"elementor-spacer-inner\"><\/div>\n\t\t<\/div>\n\t\t\t\t\t\t<\/div>\n\t\t\t\t<\/div>\n\t\t\t\t<div class=\"elementor-element elementor-element-c0ed9e6 elementor-widget elementor-widget-spacer\" data-id=\"c0ed9e6\" data-element_type=\"widget\" data-e-type=\"widget\" data-widget_type=\"spacer.default\">\n\t\t\t\t<div class=\"elementor-widget-container\">\n\t\t\t\t\t\t\t<div class=\"elementor-spacer\">\n\t\t\t<div class=\"elementor-spacer-inner\"><\/div>\n\t\t<\/div>\n\t\t\t\t\t\t<\/div>\n\t\t\t\t<\/div>\n\t\t\t\t\t<\/div>\n\t\t<\/div>\n\t\t\t\t\t<\/div>\n\t\t<\/section>\n\t\t\t\t<div class=\"elementor-element elementor-element-ccb3fff elementor-widget elementor-widget-spacer\" data-id=\"ccb3fff\" data-element_type=\"widget\" data-e-type=\"widget\" data-widget_type=\"spacer.default\">\n\t\t\t\t<div class=\"elementor-widget-container\">\n\t\t\t\t\t\t\t<div class=\"elementor-spacer\">\n\t\t\t<div class=\"elementor-spacer-inner\"><\/div>\n\t\t<\/div>\n\t\t\t\t\t\t<\/div>\n\t\t\t\t<\/div>\n\t\t\t\t\t<\/div>\n\t\t<\/div>\n\t\t\t\t\t<\/div>\n\t\t<\/section>\n\t\t\t\t<section class=\"elementor-section elementor-top-section elementor-element elementor-element-676df99 elementor-section-boxed elementor-section-height-default elementor-section-height-default\" data-id=\"676df99\" data-element_type=\"section\" data-e-type=\"section\">\n\t\t\t\t\t\t<div class=\"elementor-container elementor-column-gap-default\">\n\t\t\t\t\t<div class=\"elementor-column elementor-col-50 elementor-top-column elementor-element elementor-element-93e6af8\" data-id=\"93e6af8\" data-element_type=\"column\" data-e-type=\"column\">\n\t\t\t<div class=\"elementor-widget-wrap elementor-element-populated\">\n\t\t\t\t\t\t<div class=\"elementor-element elementor-element-a15fe13 elementor-widget elementor-widget-spacer\" data-id=\"a15fe13\" data-element_type=\"widget\" data-e-type=\"widget\" data-widget_type=\"spacer.default\">\n\t\t\t\t<div class=\"elementor-widget-container\">\n\t\t\t\t\t\t\t<div class=\"elementor-spacer\">\n\t\t\t<div class=\"elementor-spacer-inner\"><\/div>\n\t\t<\/div>\n\t\t\t\t\t\t<\/div>\n\t\t\t\t<\/div>\n\t\t\t\t<div class=\"elementor-element elementor-element-0d539b3 elementor-widget elementor-widget-heading\" data-id=\"0d539b3\" data-element_type=\"widget\" data-e-type=\"widget\" data-widget_type=\"heading.default\">\n\t\t\t\t<div class=\"elementor-widget-container\">\n\t\t\t\t\t<h2 class=\"elementor-heading-title elementor-size-default\">Warum unsere Automechaniker w\u00e4hlen?<\/h2>\t\t\t\t<\/div>\n\t\t\t\t<\/div>\n\t\t\t\t<div class=\"elementor-element elementor-element-5ea190e elementor-widget elementor-widget-text-editor\" data-id=\"5ea190e\" data-element_type=\"widget\" data-e-type=\"widget\" data-widget_type=\"text-editor.default\">\n\t\t\t\t<div class=\"elementor-widget-container\">\n\t\t\t\t\t\t\t\t\t<p><strong>1. Wissen und Erfahrung:<\/strong><br \/>Unser Team besteht aus hochqualifizierten und erfahrenen Mechanikern, die sich auf eine Vielzahl von Fahrzeugreparaturen spezialisiert haben. Ganz gleich, ob Sie ein Auto, einen Lkw oder einen Gel\u00e4ndewagen fahren, wir haben das Wissen, um jedes Problem zu diagnostizieren und zu reparieren.<\/p><p><strong>2. modernste Einrichtungen:<\/strong><br \/>Wir sind stolz darauf, \u00fcber moderne und gut ausgestattete Einrichtungen zu verf\u00fcgen, mit denen wir alle Arten von Kfz-Reparaturen durchf\u00fchren k\u00f6nnen. Von der Routinewartung bis zur komplexen Motordiagnose ist unsere Werkstatt voll ausgestattet, um die Arbeit effektiv zu erledigen.<\/p><p><strong>3. die Garantie der Kundenzufriedenheit:<\/strong><br \/>Ihre Zufriedenheit ist unsere Priorit\u00e4t. Wir sind bestrebt, einen au\u00dfergew\u00f6hnlichen Service zu bieten und sicherzustellen, dass Ihr Fahrzeug unsere Werkstatt in bestm\u00f6glichem Zustand verl\u00e4sst. Wir legen Wert auf Transparenz und offene Kommunikation w\u00e4hrend des gesamten Reparaturprozesses.<\/p><p><strong>4. erschwingliche Preise:<\/strong><br \/><span style=\"font-weight: 400;\">Qualitativ hochwertige Autoreparaturen sollten nicht den Zustand Ihres Geldbeutels beeintr\u00e4chtigen. Wir bieten wettbewerbsf\u00e4hige und transparente Preise, die ein gutes Preis-Leistungs-Verh\u00e4ltnis garantieren. Keine versteckten Kosten, keine \u00dcberraschungen - nur faire und transparente Preise.<\/span><\/p>\t\t\t\t\t\t\t\t<\/div>\n\t\t\t\t<\/div>\n\t\t\t\t\t<\/div>\n\t\t<\/div>\n\t\t\t\t<div class=\"elementor-column elementor-col-50 elementor-top-column elementor-element elementor-element-37d4928\" data-id=\"37d4928\" data-element_type=\"column\" data-e-type=\"column\">\n\t\t\t<div class=\"elementor-widget-wrap elementor-element-populated\">\n\t\t\t\t\t\t<div class=\"elementor-element elementor-element-cd14c95 elementor-widget elementor-widget-image\" data-id=\"cd14c95\" data-element_type=\"widget\" data-e-type=\"widget\" data-widget_type=\"image.default\">\n\t\t\t\t<div class=\"elementor-widget-container\">\n\t\t\t\t\t\t\t\t\t\t\t\t\t\t\t<img fetchpriority=\"high\" decoding=\"async\" width=\"800\" height=\"800\" src=\"https:\/\/autoserwisbartek.pl\/wp-content\/uploads\/2023\/12\/03_11zon-1024x1024.jpg\" class=\"attachment-large size-large wp-image-14251\" alt=\"\" srcset=\"https:\/\/autoserwisbartek.pl\/wp-content\/uploads\/2023\/12\/03_11zon-1024x1024.jpg 1024w, https:\/\/autoserwisbartek.pl\/wp-content\/uploads\/2023\/12\/03_11zon-300x300.jpg 300w, https:\/\/autoserwisbartek.pl\/wp-content\/uploads\/2023\/12\/03_11zon-150x150.jpg 150w, https:\/\/autoserwisbartek.pl\/wp-content\/uploads\/2023\/12\/03_11zon-768x768.jpg 768w, https:\/\/autoserwisbartek.pl\/wp-content\/uploads\/2023\/12\/03_11zon.jpg 1080w\" sizes=\"(max-width: 800px) 100vw, 800px\" \/>\t\t\t\t\t\t\t\t\t\t\t\t\t\t\t<\/div>\n\t\t\t\t<\/div>\n\t\t\t\t\t<\/div>\n\t\t<\/div>\n\t\t\t\t\t<\/div>\n\t\t<\/section>\n\t\t\t\t<section class=\"elementor-section elementor-top-section elementor-element elementor-element-114351a elementor-section-boxed elementor-section-height-default elementor-section-height-default\" data-id=\"114351a\" data-element_type=\"section\" data-e-type=\"section\">\n\t\t\t\t\t\t<div class=\"elementor-container elementor-column-gap-default\">\n\t\t\t\t\t<div class=\"elementor-column elementor-col-50 elementor-top-column elementor-element elementor-element-7ca2859\" data-id=\"7ca2859\" data-element_type=\"column\" data-e-type=\"column\">\n\t\t\t<div class=\"elementor-widget-wrap elementor-element-populated\">\n\t\t\t\t\t\t<div class=\"elementor-element elementor-element-24b9be4 elementor-widget elementor-widget-image\" data-id=\"24b9be4\" data-element_type=\"widget\" data-e-type=\"widget\" data-widget_type=\"image.default\">\n\t\t\t\t<div class=\"elementor-widget-container\">\n\t\t\t\t\t\t\t\t\t\t\t\t\t\t\t<img decoding=\"async\" width=\"800\" height=\"800\" src=\"https:\/\/autoserwisbartek.pl\/wp-content\/uploads\/2023\/12\/18_11zon-1024x1024.jpg\" class=\"attachment-large size-large wp-image-14254\" alt=\"\" srcset=\"https:\/\/autoserwisbartek.pl\/wp-content\/uploads\/2023\/12\/18_11zon-1024x1024.jpg 1024w, https:\/\/autoserwisbartek.pl\/wp-content\/uploads\/2023\/12\/18_11zon-300x300.jpg 300w, https:\/\/autoserwisbartek.pl\/wp-content\/uploads\/2023\/12\/18_11zon-150x150.jpg 150w, https:\/\/autoserwisbartek.pl\/wp-content\/uploads\/2023\/12\/18_11zon-768x768.jpg 768w, https:\/\/autoserwisbartek.pl\/wp-content\/uploads\/2023\/12\/18_11zon.jpg 1080w\" sizes=\"(max-width: 800px) 100vw, 800px\" \/>\t\t\t\t\t\t\t\t\t\t\t\t\t\t\t<\/div>\n\t\t\t\t<\/div>\n\t\t\t\t\t<\/div>\n\t\t<\/div>\n\t\t\t\t<div class=\"elementor-column elementor-col-50 elementor-top-column elementor-element elementor-element-f835af8\" data-id=\"f835af8\" data-element_type=\"column\" data-e-type=\"column\">\n\t\t\t<div class=\"elementor-widget-wrap elementor-element-populated\">\n\t\t\t\t\t\t<div class=\"elementor-element elementor-element-69d0754 elementor-widget elementor-widget-spacer\" data-id=\"69d0754\" data-element_type=\"widget\" data-e-type=\"widget\" data-widget_type=\"spacer.default\">\n\t\t\t\t<div class=\"elementor-widget-container\">\n\t\t\t\t\t\t\t<div class=\"elementor-spacer\">\n\t\t\t<div class=\"elementor-spacer-inner\"><\/div>\n\t\t<\/div>\n\t\t\t\t\t\t<\/div>\n\t\t\t\t<\/div>\n\t\t\t\t<div class=\"elementor-element elementor-element-e721ce8 elementor-widget elementor-widget-heading\" data-id=\"e721ce8\" data-element_type=\"widget\" data-e-type=\"widget\" data-widget_type=\"heading.default\">\n\t\t\t\t<div class=\"elementor-widget-container\">\n\t\t\t\t\t<h2 class=\"elementor-heading-title elementor-size-default\">Unser Angebot an Dienstleistungen<\/h2>\t\t\t\t<\/div>\n\t\t\t\t<\/div>\n\t\t\t\t<div class=\"elementor-element elementor-element-100e335 elementor-widget elementor-widget-text-editor\" data-id=\"100e335\" data-element_type=\"widget\" data-e-type=\"widget\" data-widget_type=\"text-editor.default\">\n\t\t\t\t<div class=\"elementor-widget-container\">\n\t\t\t\t\t\t\t\t\t<p><strong>1. routinem\u00e4\u00dfige Wartung:<\/strong><br \/>Halten Sie Ihr Fahrzeug mit unseren routinem\u00e4\u00dfigen Wartungsdiensten, einschlie\u00dflich \u00d6lwechsel, Bremsen- und Fl\u00fcssigkeitskontrollen, in bestem Zustand.<\/p><p><strong>2. diagnostische Dienstleistungen:<\/strong><br \/>Dank unserer fortschrittlichen Diagnosetools k\u00f6nnen wir Probleme schnell erkennen und beheben und so langfristig Zeit und Geld sparen.<\/p><p><strong>3. die Reparatur von Motoren:<\/strong><br \/>Von kleineren Reparaturen bis hin zu gr\u00f6\u00dferen \u00dcberholungen - unsere Mechaniker haben das Fachwissen, um Ihren Motor in Schuss zu halten.<\/p><p><strong>4. Reparaturen von Bremsen und Aufh\u00e4ngungen:<\/strong><br \/>Sorgen Sie mit unseren Bremsen- und Fahrwerksreparaturen f\u00fcr Ihre Sicherheit auf der Stra\u00dfe. Wir verwenden hochwertige Teile, um eine optimale Leistung zu gew\u00e4hrleisten.<\/p><p><strong>5. elektrische Reparaturen:<\/strong><br \/>L\u00f6sen Sie elektrische Probleme ohne Sorge. Unsere Techniker kennen sich mit der Diagnose und Fehlersuche in der elektrischen Anlage Ihres Fahrzeugs aus.<\/p>\t\t\t\t\t\t\t\t<\/div>\n\t\t\t\t<\/div>\n\t\t\t\t\t<\/div>\n\t\t<\/div>\n\t\t\t\t\t<\/div>\n\t\t<\/section>\n\t\t\t\t<section class=\"elementor-section elementor-top-section elementor-element elementor-element-e026a0e elementor-section-boxed elementor-section-height-default elementor-section-height-default\" data-id=\"e026a0e\" data-element_type=\"section\" data-e-type=\"section\">\n\t\t\t\t\t\t<div class=\"elementor-container elementor-column-gap-default\">\n\t\t\t\t\t<div class=\"elementor-column elementor-col-50 elementor-top-column elementor-element elementor-element-7b02897\" data-id=\"7b02897\" data-element_type=\"column\" data-e-type=\"column\">\n\t\t\t<div class=\"elementor-widget-wrap elementor-element-populated\">\n\t\t\t\t\t\t<div class=\"elementor-element elementor-element-fe821bc elementor-widget elementor-widget-spacer\" data-id=\"fe821bc\" data-element_type=\"widget\" data-e-type=\"widget\" data-widget_type=\"spacer.default\">\n\t\t\t\t<div class=\"elementor-widget-container\">\n\t\t\t\t\t\t\t<div class=\"elementor-spacer\">\n\t\t\t<div class=\"elementor-spacer-inner\"><\/div>\n\t\t<\/div>\n\t\t\t\t\t\t<\/div>\n\t\t\t\t<\/div>\n\t\t\t\t<div class=\"elementor-element elementor-element-46de859 elementor-widget elementor-widget-heading\" data-id=\"46de859\" data-element_type=\"widget\" data-e-type=\"widget\" data-widget_type=\"heading.default\">\n\t\t\t\t<div class=\"elementor-widget-container\">\n\t\t\t\t\t<h2 class=\"elementor-heading-title elementor-size-default\">Kontaktieren Sie uns noch heute f\u00fcr fachm\u00e4nnische Autoreparaturen in Warschau<\/h2>\t\t\t\t<\/div>\n\t\t\t\t<\/div>\n\t\t\t\t<div class=\"elementor-element elementor-element-096304b elementor-widget elementor-widget-text-editor\" data-id=\"096304b\" data-element_type=\"widget\" data-e-type=\"widget\" data-widget_type=\"text-editor.default\">\n\t\t\t\t<div class=\"elementor-widget-container\">\n\t\t\t\t\t\t\t\t\t<p>Wenn es um Automechanik in Warschau geht, vertrauen Sie unserem Team, das Ihnen zuverl\u00e4ssige und effiziente Dienstleistungen bietet. Kontaktieren Sie uns noch heute, um einen Termin zu vereinbaren oder sich \u00fcber unsere Dienstleistungen zu erkundigen. Ihre Zufriedenheit und das Wohlergehen Ihres Fahrzeugs stehen f\u00fcr uns an erster Stelle.<\/p>\t\t\t\t\t\t\t\t<\/div>\n\t\t\t\t<\/div>\n\t\t\t\t\t<\/div>\n\t\t<\/div>\n\t\t\t\t<div class=\"elementor-column elementor-col-50 elementor-top-column elementor-element elementor-element-1609392\" data-id=\"1609392\" data-element_type=\"column\" data-e-type=\"column\">\n\t\t\t<div class=\"elementor-widget-wrap elementor-element-populated\">\n\t\t\t\t\t\t<div class=\"elementor-element elementor-element-4c39fbe elementor-widget elementor-widget-image\" data-id=\"4c39fbe\" data-element_type=\"widget\" data-e-type=\"widget\" data-widget_type=\"image.default\">\n\t\t\t\t<div class=\"elementor-widget-container\">\n\t\t\t\t\t\t\t\t\t\t\t\t\t\t\t<img decoding=\"async\" width=\"800\" height=\"800\" src=\"https:\/\/autoserwisbartek.pl\/wp-content\/uploads\/2023\/12\/13_11zon-1024x1024.jpg\" class=\"attachment-large size-large wp-image-14252\" alt=\"\" srcset=\"https:\/\/autoserwisbartek.pl\/wp-content\/uploads\/2023\/12\/13_11zon-1024x1024.jpg 1024w, https:\/\/autoserwisbartek.pl\/wp-content\/uploads\/2023\/12\/13_11zon-300x300.jpg 300w, https:\/\/autoserwisbartek.pl\/wp-content\/uploads\/2023\/12\/13_11zon-150x150.jpg 150w, https:\/\/autoserwisbartek.pl\/wp-content\/uploads\/2023\/12\/13_11zon-768x768.jpg 768w, https:\/\/autoserwisbartek.pl\/wp-content\/uploads\/2023\/12\/13_11zon.jpg 1080w\" sizes=\"(max-width: 800px) 100vw, 800px\" \/>\t\t\t\t\t\t\t\t\t\t\t\t\t\t\t<\/div>\n\t\t\t\t<\/div>\n\t\t\t\t\t<\/div>\n\t\t<\/div>\n\t\t\t\t\t<\/div>\n\t\t<\/section>\n\t\t\t\t<\/div>","protected":false},"excerpt":{"rendered":"<p>Mechanik Pojazdow Warszawa Mechanik pojazd\u00f3w &#8211; Zatrudnij do\u015bwiadczonego mechanika pojazd\u00f3w. Nasza ekipa oferuje kompleksow\u0105 obs\u0142ug\u0119 napraw i konserwacji. Sprawd\u017a nasze us\u0142ugi ju\u017c dzi\u015b!Odkryj najwy\u017cszej klasy mechanik\u00f3w samochodowych w Warszawie, dla kt\u00f3rych priorytetem s\u0105 osi\u0105gi i bezpiecze\u0144stwo Twojego pojazdu. W autoserwisbartku. pl z dum\u0105 oferujemy szereg profesjonalnych us\u0142ug motoryzacyjnych, kt\u00f3re zaspokoj\u0105 Twoje unikalne potrzeby. Nasz do\u015bwiadczony [&hellip;]<\/p>\n","protected":false},"author":1,"featured_media":0,"parent":0,"menu_order":0,"comment_status":"closed","ping_status":"open","template":"","meta":{"_eb_attr":"","footnotes":""},"class_list":["post-191","page","type-page","status-publish","hentry"],"_links":{"self":[{"href":"https:\/\/autoserwisbartek.pl\/de\/wp-json\/wp\/v2\/pages\/191","targetHints":{"allow":["GET"]}}],"collection":[{"href":"https:\/\/autoserwisbartek.pl\/de\/wp-json\/wp\/v2\/pages"}],"about":[{"href":"https:\/\/autoserwisbartek.pl\/de\/wp-json\/wp\/v2\/types\/page"}],"author":[{"embeddable":true,"href":"https:\/\/autoserwisbartek.pl\/de\/wp-json\/wp\/v2\/users\/1"}],"replies":[{"embeddable":true,"href":"https:\/\/autoserwisbartek.pl\/de\/wp-json\/wp\/v2\/comments?post=191"}],"version-history":[{"count":10,"href":"https:\/\/autoserwisbartek.pl\/de\/wp-json\/wp\/v2\/pages\/191\/revisions"}],"predecessor-version":[{"id":14391,"href":"https:\/\/autoserwisbartek.pl\/de\/wp-json\/wp\/v2\/pages\/191\/revisions\/14391"}],"wp:attachment":[{"href":"https:\/\/autoserwisbartek.pl\/de\/wp-json\/wp\/v2\/media?parent=191"}],"curies":[{"name":"wp","href":"https:\/\/api.w.org\/{rel}","templated":true}]}}